{"id":88090,"date":"2019-02-13T00:54:31","date_gmt":"2019-02-12T22:54:31","guid":{"rendered":"https:\/\/www.kolibica.com\/product\/drvene-kutije-za-dve-vinske-boce\/"},"modified":"2026-01-29T20:09:20","modified_gmt":"2026-01-29T18:09:20","slug":"drvene-kutije-za-dve-vinske-boce","status":"publish","type":"product","link":"https:\/\/www.kolibica.com\/sk\/produkt\/drvene-kutije-za-dve-vinske-boce\/","title":{"rendered":"Drvene kutije za dve vinske boce"},"content":{"rendered":"<p><strong>Drvene kutije za dve vinske boce<\/strong> se izra\u0111uju od mekog drveta: lipe, jele ili smr\u010de. Ove kutije u standardnoj varijanti imaju klizni poklopac sa dva otvora. Veoma su prakti\u010dne za vinarije koje \u017eele da upakuju srodna vina iz svoje ponude.<\/p>\n<p>Dimenzije standardnih kutija za dve vinske boce: 365x170x90 mm.<\/p>\n<p>Cene drvenih kutija za dve vinske boce:<br \/>\n30-50 komada: 7,90 Eur<br \/>\n50-300 komada: 7,50 Eur<br \/>\n300-1000 komada: 7,15 Eur<br \/>\nPreko 1000 komada &#8211; cena po dogovoru.<\/p>\n<p><strong>Napomene:<\/strong><\/p>\n<p>Graviranje nije ura\u010dunato u cenu.<br \/>\nPo \u017eelji kupca na proizvodima laserskom \u0161tampom i CNC (ma\u0161inskim duborezom) nanosimo logo ili drugi tekst<br \/>\nDimenzije proizvoda nisu fiksne<\/p>\n","protected":false},"excerpt":{"rendered":"<p>Drvene kutije za dve vinske boce se izra\u0111uju od mekog  [&#8230;]<\/p>\n","protected":false},"featured_media":88095,"template":"","meta":{"content-type":""},"product_brand":[],"product_cat":[250,268],"product_tag":[],"class_list":{"0":"post-88090","1":"product","2":"type-product","3":"status-publish","4":"has-post-thumbnail","6":"product_cat-drevena-obal","7":"product_cat-skrine-na-vino","9":"first","10":"instock","11":"shipping-taxable","12":"purchasable","13":"product-type-simple"},"aioseo_notices":[],"_links":{"self":[{"href":"https:\/\/www.kolibica.com\/sk\/wp-json\/wp\/v2\/product\/88090","targetHints":{"allow":["GET"]}}],"collection":[{"href":"https:\/\/www.kolibica.com\/sk\/wp-json\/wp\/v2\/product"}],"about":[{"href":"https:\/\/www.kolibica.com\/sk\/wp-json\/wp\/v2\/types\/product"}],"wp:featuredmedia":[{"embeddable":true,"href":"https:\/\/www.kolibica.com\/sk\/wp-json\/wp\/v2\/media\/88095"}],"wp:attachment":[{"href":"https:\/\/www.kolibica.com\/sk\/wp-json\/wp\/v2\/media?parent=88090"}],"wp:term":[{"taxonomy":"product_brand","embeddable":true,"href":"https:\/\/www.kolibica.com\/sk\/wp-json\/wp\/v2\/product_brand?post=88090"},{"taxonomy":"product_cat","embeddable":true,"href":"https:\/\/www.kolibica.com\/sk\/wp-json\/wp\/v2\/product_cat?post=88090"},{"taxonomy":"product_tag","embeddable":true,"href":"https:\/\/www.kolibica.com\/sk\/wp-json\/wp\/v2\/product_tag?post=88090"}],"curies":[{"name":"wp","href":"https:\/\/api.w.org\/{rel}","templated":true}]}}