{"id":88086,"date":"2019-02-13T00:30:07","date_gmt":"2019-02-12T22:30:07","guid":{"rendered":"https:\/\/www.kolibica.com\/product\/barska-stolica\/"},"modified":"2025-03-20T11:58:38","modified_gmt":"2025-03-20T09:58:38","slug":"barska-stolica","status":"publish","type":"product","link":"https:\/\/www.kolibica.com\/sk\/produkt\/barska-stolica\/","title":{"rendered":"Barske stolice"},"content":{"rendered":"<p><strong>Barske stolice<\/strong> su izra\u0111ene od parene bukve i karakteri\u0161e ih izuzetna \u010dvrstina. Dodatnu stabilnost stolicama daju popre\u010dni drveni spojevi debljine 20 mm. Naslon <strong>barske stolice<\/strong> mo\u017ee imati dve ili tri popre\u010dne letvice. Ove barske stolice se najbolje uklapaju uz na\u0161e <a href=\"https:\/\/www.kolibica.com\/sk\/proizvod\/stolice-za-restorane\/\">restoranske stolice<\/a>.<\/p>\n<p>Za ve\u0107e koli\u010dine stolica odobravamo dodatni popust. Mi na <a href=\"https:\/\/www.facebook.com\/kolibica\/\" target=\"_blank\" rel=\"noopener\">Facebook<\/a>-u.<\/p>\n","protected":false},"excerpt":{"rendered":"<p>Barske stolice su izra\u0111ene od parene bukve i karakteri\u0161e ih  [&#8230;]<\/p>\n","protected":false},"featured_media":88096,"template":"","meta":{"content-type":""},"product_brand":[],"product_cat":[257,270],"product_tag":[],"class_list":{"0":"post-88086","1":"product","2":"type-product","3":"status-publish","4":"has-post-thumbnail","6":"product_cat-drevene-stolicky","7":"product_cat-nabytok","9":"first","10":"instock","11":"shipping-taxable","12":"purchasable","13":"product-type-simple"},"aioseo_notices":[],"_links":{"self":[{"href":"https:\/\/www.kolibica.com\/sk\/wp-json\/wp\/v2\/product\/88086","targetHints":{"allow":["GET"]}}],"collection":[{"href":"https:\/\/www.kolibica.com\/sk\/wp-json\/wp\/v2\/product"}],"about":[{"href":"https:\/\/www.kolibica.com\/sk\/wp-json\/wp\/v2\/types\/product"}],"wp:featuredmedia":[{"embeddable":true,"href":"https:\/\/www.kolibica.com\/sk\/wp-json\/wp\/v2\/media\/88096"}],"wp:attachment":[{"href":"https:\/\/www.kolibica.com\/sk\/wp-json\/wp\/v2\/media?parent=88086"}],"wp:term":[{"taxonomy":"product_brand","embeddable":true,"href":"https:\/\/www.kolibica.com\/sk\/wp-json\/wp\/v2\/product_brand?post=88086"},{"taxonomy":"product_cat","embeddable":true,"href":"https:\/\/www.kolibica.com\/sk\/wp-json\/wp\/v2\/product_cat?post=88086"},{"taxonomy":"product_tag","embeddable":true,"href":"https:\/\/www.kolibica.com\/sk\/wp-json\/wp\/v2\/product_tag?post=88086"}],"curies":[{"name":"wp","href":"https:\/\/api.w.org\/{rel}","templated":true}]}}