{"id":88085,"date":"2019-02-13T00:25:47","date_gmt":"2019-02-12T22:25:47","guid":{"rendered":"https:\/\/www.kolibica.com\/product\/barske-stolice-bez-naslona\/"},"modified":"2025-03-20T11:58:23","modified_gmt":"2025-03-20T09:58:23","slug":"barske-stolice-bez-naslona","status":"publish","type":"product","link":"https:\/\/www.kolibica.com\/sk\/produkt\/barske-stolice-bez-naslona\/","title":{"rendered":"Barske stolice bez naslona"},"content":{"rendered":"<p><strong>Drvene barske stolice bez naslona<\/strong> se proizvode od parene bukve. Veoma su prakti\u010dne za opremanje kafi\u0107a, naro\u010dito za sedenje pored \u0161anka. Zbog trapezaste osnove, ove stolice su veoma stabilne. Masivno sedi\u0161te se izra\u0111uje u dve varijante, okruglo i \u010detvrtasto. Odli\u010dnoo se uklapaju uz neki od na\u0161ih <a href=\"https:\/\/www.kolibica.com\/sk\/proizvod\/barski-stolovi-jednom-stubu\/\">barskih stolova<\/a>.<\/p>\n<p>Za ve\u0107e koli\u010dine stolica odobravamo dodatni popust.<\/p>\n","protected":false},"excerpt":{"rendered":"<p>Drvene barske stolice bez naslona se proizvode od parene bukve.  [&#8230;]<\/p>\n","protected":false},"featured_media":88089,"template":"","meta":{"content-type":""},"product_brand":[],"product_cat":[257,270],"product_tag":[],"class_list":{"0":"post-88085","1":"product","2":"type-product","3":"status-publish","4":"has-post-thumbnail","6":"product_cat-drevene-stolicky","7":"product_cat-nabytok","9":"first","10":"instock","11":"shipping-taxable","12":"purchasable","13":"product-type-simple"},"aioseo_notices":[],"_links":{"self":[{"href":"https:\/\/www.kolibica.com\/sk\/wp-json\/wp\/v2\/product\/88085","targetHints":{"allow":["GET"]}}],"collection":[{"href":"https:\/\/www.kolibica.com\/sk\/wp-json\/wp\/v2\/product"}],"about":[{"href":"https:\/\/www.kolibica.com\/sk\/wp-json\/wp\/v2\/types\/product"}],"wp:featuredmedia":[{"embeddable":true,"href":"https:\/\/www.kolibica.com\/sk\/wp-json\/wp\/v2\/media\/88089"}],"wp:attachment":[{"href":"https:\/\/www.kolibica.com\/sk\/wp-json\/wp\/v2\/media?parent=88085"}],"wp:term":[{"taxonomy":"product_brand","embeddable":true,"href":"https:\/\/www.kolibica.com\/sk\/wp-json\/wp\/v2\/product_brand?post=88085"},{"taxonomy":"product_cat","embeddable":true,"href":"https:\/\/www.kolibica.com\/sk\/wp-json\/wp\/v2\/product_cat?post=88085"},{"taxonomy":"product_tag","embeddable":true,"href":"https:\/\/www.kolibica.com\/sk\/wp-json\/wp\/v2\/product_tag?post=88085"}],"curies":[{"name":"wp","href":"https:\/\/api.w.org\/{rel}","templated":true}]}}