{"id":88054,"date":"2019-02-13T00:18:51","date_gmt":"2019-02-12T22:18:51","guid":{"rendered":"https:\/\/www.kolibica.com\/product\/stolice-za-restorane-porto\/"},"modified":"2025-03-20T11:59:06","modified_gmt":"2025-03-20T09:59:06","slug":"stolice-za-restorane-porto","status":"publish","type":"product","link":"https:\/\/www.kolibica.com\/sk\/produkt\/stolice-za-restorane-porto\/","title":{"rendered":"Stolice za restorane Porto"},"content":{"rendered":"<p><strong>Stolice za restorane Porto<\/strong> su veoma popularne zbog svoje elegantne jednostavnosti. Stolica je oja\u010dana popre\u010dnim drvenim \u0161ipkama sa svake strane, \u0161to joj daje izuzetnu \u010dvrstinu i stabilnost. Naslon je malo nagnut unazad, radi udobnijeg sedenja, po\u0161to su stolice namenjene restoranima. Stolice su izra\u0111ene od bukve. Ove stolice se najbolje uklapaju uz na\u0161e <a href=\"https:\/\/www.kolibica.com\/sk\/proizvod\/barske-stolice-porto\/\">barske stolice Porto<\/a>.<\/p>\n<p>&nbsp;<\/p>\n<p>Za ve\u0107e koli\u010dine stolica odobravamo dodatni popust.<\/p>\n","protected":false},"excerpt":{"rendered":"<p>Stolice za restorane Porto su veoma popularne zbog svoje elegantne  [&#8230;]<\/p>\n","protected":false},"featured_media":88055,"template":"","meta":{"content-type":""},"product_brand":[],"product_cat":[257,270],"product_tag":[],"class_list":{"0":"post-88054","1":"product","2":"type-product","3":"status-publish","4":"has-post-thumbnail","6":"product_cat-drevene-stolicky","7":"product_cat-nabytok","9":"first","10":"instock","11":"shipping-taxable","12":"purchasable","13":"product-type-simple"},"aioseo_notices":[],"_links":{"self":[{"href":"https:\/\/www.kolibica.com\/sk\/wp-json\/wp\/v2\/product\/88054","targetHints":{"allow":["GET"]}}],"collection":[{"href":"https:\/\/www.kolibica.com\/sk\/wp-json\/wp\/v2\/product"}],"about":[{"href":"https:\/\/www.kolibica.com\/sk\/wp-json\/wp\/v2\/types\/product"}],"wp:featuredmedia":[{"embeddable":true,"href":"https:\/\/www.kolibica.com\/sk\/wp-json\/wp\/v2\/media\/88055"}],"wp:attachment":[{"href":"https:\/\/www.kolibica.com\/sk\/wp-json\/wp\/v2\/media?parent=88054"}],"wp:term":[{"taxonomy":"product_brand","embeddable":true,"href":"https:\/\/www.kolibica.com\/sk\/wp-json\/wp\/v2\/product_brand?post=88054"},{"taxonomy":"product_cat","embeddable":true,"href":"https:\/\/www.kolibica.com\/sk\/wp-json\/wp\/v2\/product_cat?post=88054"},{"taxonomy":"product_tag","embeddable":true,"href":"https:\/\/www.kolibica.com\/sk\/wp-json\/wp\/v2\/product_tag?post=88054"}],"curies":[{"name":"wp","href":"https:\/\/api.w.org\/{rel}","templated":true}]}}