{"id":88049,"date":"2019-02-12T23:27:23","date_gmt":"2019-02-12T21:27:23","guid":{"rendered":"https:\/\/www.kolibica.com\/product\/stolovi-za-restorane\/"},"modified":"2024-04-23T11:05:53","modified_gmt":"2024-04-23T09:05:53","slug":"stolovi-za-restorane","status":"publish","type":"product","link":"https:\/\/www.kolibica.com\/sk\/produkt\/stolovi-za-restorane\/","title":{"rendered":"Stolovi za restorane"},"content":{"rendered":"<p><strong>Stolovi za <\/strong><strong>restorane<\/strong> <strong>i kafi\u0107e<\/strong> su izra\u0111eni od masiva bukve. Debljina table je 3 ili 4 cm, a veli\u010dina stola se odre\u0111uje prema potrebama klijenata. Odli\u010dno se uklapaju uz sve na\u0161e modele <a href=\"https:\/\/www.kolibica.com\/proizvod\/stolice-za-restorane\/\">stolica za restorane<\/a> . Visina stola je 74 cm.<\/p>\n<p><strong>Cena stolova<\/strong> zavisi od veli\u010dine table.<\/p>\n<p>60&#215;60 cm &#8211; 85 Eur<br \/>\n70&#215;70 cm &#8211; 100 Eur<br \/>\n80&#215;80 cm &#8211; 120 Eur<br \/>\n90&#215;90 cm &#8211; 130 Eur<br \/>\n100&#215;100 cm &#8211; 140 Eur<\/p>\n<p>&nbsp;<\/p>\n","protected":false},"excerpt":{"rendered":"<p>Stolovi za restorane i kafi\u0107e su izra\u0111eni od masiva bukve.  [&#8230;]<\/p>\n","protected":false},"featured_media":88051,"template":"","meta":{"content-type":""},"product_brand":[],"product_cat":[270,272],"product_tag":[],"class_list":{"0":"post-88049","1":"product","2":"type-product","3":"status-publish","4":"has-post-thumbnail","6":"product_cat-nabytok","7":"product_cat-stoly","9":"first","10":"instock","11":"shipping-taxable","12":"purchasable","13":"product-type-simple"},"aioseo_notices":[],"_links":{"self":[{"href":"https:\/\/www.kolibica.com\/sk\/wp-json\/wp\/v2\/product\/88049","targetHints":{"allow":["GET"]}}],"collection":[{"href":"https:\/\/www.kolibica.com\/sk\/wp-json\/wp\/v2\/product"}],"about":[{"href":"https:\/\/www.kolibica.com\/sk\/wp-json\/wp\/v2\/types\/product"}],"wp:featuredmedia":[{"embeddable":true,"href":"https:\/\/www.kolibica.com\/sk\/wp-json\/wp\/v2\/media\/88051"}],"wp:attachment":[{"href":"https:\/\/www.kolibica.com\/sk\/wp-json\/wp\/v2\/media?parent=88049"}],"wp:term":[{"taxonomy":"product_brand","embeddable":true,"href":"https:\/\/www.kolibica.com\/sk\/wp-json\/wp\/v2\/product_brand?post=88049"},{"taxonomy":"product_cat","embeddable":true,"href":"https:\/\/www.kolibica.com\/sk\/wp-json\/wp\/v2\/product_cat?post=88049"},{"taxonomy":"product_tag","embeddable":true,"href":"https:\/\/www.kolibica.com\/sk\/wp-json\/wp\/v2\/product_tag?post=88049"}],"curies":[{"name":"wp","href":"https:\/\/api.w.org\/{rel}","templated":true}]}}