{"id":88046,"date":"2019-02-12T23:12:06","date_gmt":"2019-02-12T21:12:06","guid":{"rendered":"https:\/\/www.kolibica.com\/product\/stolovi-za-restorane-na-jednom-stubu\/"},"modified":"2024-04-23T11:05:50","modified_gmt":"2024-04-23T09:05:50","slug":"stolovi-za-restorane-na-jednom-stubu","status":"publish","type":"product","link":"https:\/\/www.kolibica.com\/sk\/produkt\/stolovi-za-restorane-na-jednom-stubu\/","title":{"rendered":"Stolovi za restorane na jednom stubu"},"content":{"rendered":"<p><strong>Stolovi za <\/strong><strong>restorane i<\/strong> <strong>kafi\u0107e<\/strong> na jednom ili dva stuba su izra\u0111eni od masiva bukve. Debljina table je 3 ili 4 cm, a veli\u010dina stola se odre\u0111uje prema potrebama klijenata. Ovi stolovi se izra\u0111uju na jednom ili dva stuba, u zavisnosti od dimenzija table. Odli\u010dno se uklapaju uz sve na\u0161e modele stolica za restorane. Visina stola je 74 cm.<\/p>\n<p>Cena stolova zavisi od veli\u010dine table.<\/p>\n<p>60&#215;60 cm &#8211; 85 Eur<br \/>\n70&#215;70 cm &#8211; 100 Eur<br \/>\n80&#215;80 cm &#8211; 120 Eur<\/p>\n<p>&nbsp;<\/p>\n","protected":false},"excerpt":{"rendered":"<p>Stolovi za restorane i kafi\u0107e na jednom ili dva stuba  [&#8230;]<\/p>\n","protected":false},"featured_media":88047,"template":"","meta":{"content-type":""},"product_brand":[],"product_cat":[270,272],"product_tag":[],"class_list":{"0":"post-88046","1":"product","2":"type-product","3":"status-publish","4":"has-post-thumbnail","6":"product_cat-nabytok","7":"product_cat-stoly","9":"first","10":"instock","11":"shipping-taxable","12":"purchasable","13":"product-type-simple"},"aioseo_notices":[],"_links":{"self":[{"href":"https:\/\/www.kolibica.com\/sk\/wp-json\/wp\/v2\/product\/88046","targetHints":{"allow":["GET"]}}],"collection":[{"href":"https:\/\/www.kolibica.com\/sk\/wp-json\/wp\/v2\/product"}],"about":[{"href":"https:\/\/www.kolibica.com\/sk\/wp-json\/wp\/v2\/types\/product"}],"wp:featuredmedia":[{"embeddable":true,"href":"https:\/\/www.kolibica.com\/sk\/wp-json\/wp\/v2\/media\/88047"}],"wp:attachment":[{"href":"https:\/\/www.kolibica.com\/sk\/wp-json\/wp\/v2\/media?parent=88046"}],"wp:term":[{"taxonomy":"product_brand","embeddable":true,"href":"https:\/\/www.kolibica.com\/sk\/wp-json\/wp\/v2\/product_brand?post=88046"},{"taxonomy":"product_cat","embeddable":true,"href":"https:\/\/www.kolibica.com\/sk\/wp-json\/wp\/v2\/product_cat?post=88046"},{"taxonomy":"product_tag","embeddable":true,"href":"https:\/\/www.kolibica.com\/sk\/wp-json\/wp\/v2\/product_tag?post=88046"}],"curies":[{"name":"wp","href":"https:\/\/api.w.org\/{rel}","templated":true}]}}