{"id":88004,"date":"2019-02-12T20:39:05","date_gmt":"2019-02-12T18:39:05","guid":{"rendered":"https:\/\/www.kolibica.com\/product\/lezaljka-za-plazu\/"},"modified":"2025-03-20T12:00:03","modified_gmt":"2025-03-20T10:00:03","slug":"lezaljka-za-plazu","status":"publish","type":"product","link":"https:\/\/www.kolibica.com\/sk\/produkt\/lezaljka-za-plazu\/","title":{"rendered":"Le\u017ealjka za pla\u017eu"},"content":{"rendered":"<p><strong>Le\u017ealjka za pla\u017eu<\/strong> se izra\u0111uje od su\u0161ene ili parene bukve. Letvice su sastavljene hol\u0161rafima. Le\u017ealjke deluju izuzetno atraktivno ukoliko se na njih stavi jastu\u010de. Le\u017ealjke se rasklapaju i lako su prenosive. U sklopljenom stanju le\u017ealjke za dvori\u0161te zauzimaju veoma malo prostora i veoma su prakti\u010dne za odlaganje, jer se mogu pakovati jedna na drugu (ukoliko je u pitanju osnovni model bez to\u010dki\u0107a ili compact model). Preporu\u010dujemo da le\u017ealjke budu u natur boji, tikovini ili palisander kao tamniju varijantu.<\/p>\n<p>Da li tra\u017eite savr\u0161en na\u010din da se opustite na pla\u017ei?<\/p>\n<p>Na pravom ste mestu! Le\u017ealjke izra\u0111ene od su\u0161ene ili parene <a title=\"Tehni\u010dke osobine bukve\" href=\"https:\/\/www.kolibica.com\/sk\/gradja-svojstva-i-upotrebljivost-domacih-vrsta-drveta\/\">bukve<\/a>, ovaj salon za sun\u010danje ima letvice sastavljene pomoc\u0301u \u0161rafova, stvarajuc\u0301i zadivljujuc\u0301i izgled kada je uparen sa jastucima. A kada zavr\u0161ite, lako se sklapa i prenosi, zauzima vrlo malo prostora kada se \u010duva. U\u017eivajte u savr\u0161enom danu na pla\u017ei sa ovom drvenom le\u017ealjkom za sun\u010danje!<\/p>\n<p>KARAKTERISTIKE:<\/p>\n<p>\ud83c\udf0a Izra\u0111ena od bukve: Ova le\u017ealjka za sun\u010danje je napravljena od su\u0161ene ili parene bukve, stvarajuc\u0301i predivan izgled.<\/p>\n<p>\ud83d\udca1 Lako se sklapa: letvice se sklapaju pomoc\u0301u \u0161rafova, \u0161to olak\u0161ava sastavljanje.<\/p>\n<p>\ud83d\udecb Sklopiv i prenosiv: Kada zavr\u0161ite, lako se sklapa i prenosi, zauzima vrlo malo prostora kada se \u010duva.<\/p>\n<p>SPECIFIKACIJE:<\/p>\n<p>&#8211; Materijal: su\u0161ena ili parena bukva<br \/>\n&#8211; Dimenzije: (zavisi od veli\u010dine)<br \/>\n&#8211; Te\u017eina: (zavisi od veli\u010dine)<\/p>\n<p>KAKO TO RADI:<\/p>\n<p>1. Raspakujte le\u017ealjku za sun\u010danje.<br \/>\n2. Postavite jastuke na le\u017ealjku.<br \/>\n3. U\u017eivajte u savr\u0161enom danu na pla\u017ei!<\/p>\n<p>\u010cesto postavljana pitanja:<\/p>\n<p>P: Da li se le\u017ealjka za sun\u010danje lako sastavlja?<br \/>\nO: Da, letvice su sastavljene pomoc\u0301u \u0161rafova, \u0161to ih \u010dini lakim za sastavljanje.<\/p>\n<p>P: Da li je le\u017ealjka za sun\u010danje sklopiva?<br \/>\nO: Da, lako se sklapa i prenosi, zauzima vrlo malo prostora kada se \u010duva.<\/p>\n<p>Cena na sajtu je za osnovni model le\u017ealjke bez to\u010dki\u0107a i sto\u010di\u0107a za pi\u0107e koji se uvla\u010de ispod le\u017ealjke.<\/p>\n<p>&nbsp;<\/p>\n","protected":false},"excerpt":{"rendered":"<p>Le\u017ealjka za pla\u017eu se izra\u0111uje od su\u0161ene ili parene bukve.  [&#8230;]<\/p>\n","protected":false},"featured_media":88005,"template":"","meta":{"content-type":""},"product_brand":[],"product_cat":[257,270,245],"product_tag":[],"class_list":{"0":"post-88004","1":"product","2":"type-product","3":"status-publish","4":"has-post-thumbnail","6":"product_cat-drevene-stolicky","7":"product_cat-nabytok","8":"product_cat-zahradny-nabytok","10":"first","11":"instock","12":"shipping-taxable","13":"purchasable","14":"product-type-simple"},"aioseo_notices":[],"_links":{"self":[{"href":"https:\/\/www.kolibica.com\/sk\/wp-json\/wp\/v2\/product\/88004","targetHints":{"allow":["GET"]}}],"collection":[{"href":"https:\/\/www.kolibica.com\/sk\/wp-json\/wp\/v2\/product"}],"about":[{"href":"https:\/\/www.kolibica.com\/sk\/wp-json\/wp\/v2\/types\/product"}],"wp:featuredmedia":[{"embeddable":true,"href":"https:\/\/www.kolibica.com\/sk\/wp-json\/wp\/v2\/media\/88005"}],"wp:attachment":[{"href":"https:\/\/www.kolibica.com\/sk\/wp-json\/wp\/v2\/media?parent=88004"}],"wp:term":[{"taxonomy":"product_brand","embeddable":true,"href":"https:\/\/www.kolibica.com\/sk\/wp-json\/wp\/v2\/product_brand?post=88004"},{"taxonomy":"product_cat","embeddable":true,"href":"https:\/\/www.kolibica.com\/sk\/wp-json\/wp\/v2\/product_cat?post=88004"},{"taxonomy":"product_tag","embeddable":true,"href":"https:\/\/www.kolibica.com\/sk\/wp-json\/wp\/v2\/product_tag?post=88004"}],"curies":[{"name":"wp","href":"https:\/\/api.w.org\/{rel}","templated":true}]}}