{"id":87998,"date":"2019-02-12T18:45:53","date_gmt":"2019-02-12T16:45:53","guid":{"rendered":"https:\/\/www.kolibica.com\/product\/stolovi-za-baste-rasklapajuci\/"},"modified":"2026-02-11T11:51:43","modified_gmt":"2026-02-11T09:51:43","slug":"rasklapajuci-stolovi-za-baste","status":"publish","type":"product","link":"https:\/\/www.kolibica.com\/sk\/produkt\/rasklapajuci-stolovi-za-baste\/","title":{"rendered":"Rasklapaju\u0107i stolovi za ba\u0161te"},"content":{"rendered":"<p><strong>Rasklapaju\u0107i stolovi za ba\u0161te<\/strong> su idealna kombinacija sa <a href=\"https:\/\/www.kolibica.com\/sk\/produkt\/reziserske-stolice\/\">re\u017eiserskim stolicama<\/a> ili <a href=\"\/?p=73846\">ba\u0161tenskim stolicama Savana<\/a>. Standardne dimenzije table su 60&#215;60 cm, ali se mogu prema porud\u017ebini, izra\u0111ivati i stolovi drugih dimenzija. Visina ba\u0161tenskih stolova je 70 cm, a prema specifikaciji izra\u0111ujemo i stolove drugih dimenzija. Plo\u010da mo\u017ee biti kvadratna, pravougaona ili okrugla, a sastavljena je od fino obra\u0111enih letvica debljine 2 cm, a \u0161irine 7 cm. Izme\u0111u letvica postoji prostor \u0161irine do 5 mm, koji omogu\u0107ava neometano slivanje vode sa povr\u0161ine stola, zato \u0161to se ovi stolovi obi\u010dno postavljaju u ba\u0161te koje nisu pokrivene ili imaju samo suncobrane ili tende, tako da stolovi obi\u010dno ostaju neza\u0161ti\u0107eni od ki\u0161e. Zbog toga, na\u0161e ba\u0161tenske stolove karakteri\u0161e vrhunska zavr\u0161na obrada koja doprinosi njihovom trajanju.<\/p>\n<p><strong>Ba\u0161tenski stolovi<\/strong> se odli\u010dno uklapaju sa re\u017eiserskim stolicama ili ba\u0161tenskim stolicama Savana.<\/p>\n<p>Ovi stolovi su lako prenosivi, pa Vam ih mo\u017eemo isporu\u010diti na ku\u0107nu adresu. Cena prevoza na teritoriji Srbije je oko 600 dinara kurirskom slu\u017ebom. Za ve\u0107i broj stolova, ova cena mo\u017ee biti znatno ni\u017ea.<\/p>\n","protected":false},"excerpt":{"rendered":"<p>Rasklapaju\u0107i stolovi za ba\u0161te su idealna kombinacija sa re\u017eiserskim stolicama  [&#8230;]<\/p>\n","protected":false},"featured_media":87999,"template":"","meta":{"content-type":""},"product_brand":[],"product_cat":[270,272,245],"product_tag":[],"class_list":{"0":"post-87998","1":"product","2":"type-product","3":"status-publish","4":"has-post-thumbnail","6":"product_cat-nabytok","7":"product_cat-stoly","8":"product_cat-zahradny-nabytok","10":"first","11":"instock","12":"shipping-taxable","13":"purchasable","14":"product-type-simple"},"aioseo_notices":[],"_links":{"self":[{"href":"https:\/\/www.kolibica.com\/sk\/wp-json\/wp\/v2\/product\/87998","targetHints":{"allow":["GET"]}}],"collection":[{"href":"https:\/\/www.kolibica.com\/sk\/wp-json\/wp\/v2\/product"}],"about":[{"href":"https:\/\/www.kolibica.com\/sk\/wp-json\/wp\/v2\/types\/product"}],"wp:featuredmedia":[{"embeddable":true,"href":"https:\/\/www.kolibica.com\/sk\/wp-json\/wp\/v2\/media\/87999"}],"wp:attachment":[{"href":"https:\/\/www.kolibica.com\/sk\/wp-json\/wp\/v2\/media?parent=87998"}],"wp:term":[{"taxonomy":"product_brand","embeddable":true,"href":"https:\/\/www.kolibica.com\/sk\/wp-json\/wp\/v2\/product_brand?post=87998"},{"taxonomy":"product_cat","embeddable":true,"href":"https:\/\/www.kolibica.com\/sk\/wp-json\/wp\/v2\/product_cat?post=87998"},{"taxonomy":"product_tag","embeddable":true,"href":"https:\/\/www.kolibica.com\/sk\/wp-json\/wp\/v2\/product_tag?post=87998"}],"curies":[{"name":"wp","href":"https:\/\/api.w.org\/{rel}","templated":true}]}}