{"id":87995,"date":"2019-02-12T18:44:56","date_gmt":"2019-02-12T16:44:56","guid":{"rendered":"https:\/\/www.kolibica.com\/product\/reziserske-stolice\/"},"modified":"2025-03-20T12:00:50","modified_gmt":"2025-03-20T10:00:50","slug":"reziserske-stolice","status":"publish","type":"product","link":"https:\/\/www.kolibica.com\/sk\/produkt\/reziserske-stolice\/","title":{"rendered":"Re\u017eiserske stolice"},"content":{"rendered":"<p><strong>Re\u017eiserske stolice<\/strong> su veoma popularne, jer pru\u017eaju udobnost kod dugog sedenja, sklopive su i lako prenosive i veoma dugotrajne. Izra\u0111ene su od suve bele bukve. Standardno se izra\u0111uju u natur boji, koja je najprikladnija za ove stolice, mada drvo mo\u017ee biti i tonirano u boju koju odabere kupac. Boja platna mo\u017ee biti: bela, be\u017e, crvena, plava ili crna. Platno je veoma kvalitetno i izdr\u017eljivo, gotovo nerastegljivo. Re\u017eiserske stolice se odli\u010dno uklapaju uz <a href=\"https:\/\/www.kolibica.com\/sk\/proizvod\/rasklapajuci-stolovi-za-baste\/\">ba\u0161tenske stolove<\/a>.<\/p>\n<p>Po\u0161to su stolice lako sklopive, mogu biti isporu\u010dene na ku\u0107nu adresu. Cena prevoza na teritoriji Srbije za jednu ili dve re\u017eiserske stolice je oko 700 dinara kurirskom slu\u017ebom. Za ve\u0107i broj stolica, ova cena mo\u017ee biti znatno ni\u017ea.<\/p>\n","protected":false},"excerpt":{"rendered":"<p>Re\u017eiserske stolice su veoma popularne, jer pru\u017eaju udobnost kod dugog  [&#8230;]<\/p>\n","protected":false},"featured_media":87997,"template":"","meta":{"content-type":""},"product_brand":[],"product_cat":[257,270,245],"product_tag":[],"class_list":{"0":"post-87995","1":"product","2":"type-product","3":"status-publish","4":"has-post-thumbnail","6":"product_cat-drevene-stolicky","7":"product_cat-nabytok","8":"product_cat-zahradny-nabytok","10":"first","11":"instock","12":"shipping-taxable","13":"purchasable","14":"product-type-simple"},"aioseo_notices":[],"_links":{"self":[{"href":"https:\/\/www.kolibica.com\/sk\/wp-json\/wp\/v2\/product\/87995","targetHints":{"allow":["GET"]}}],"collection":[{"href":"https:\/\/www.kolibica.com\/sk\/wp-json\/wp\/v2\/product"}],"about":[{"href":"https:\/\/www.kolibica.com\/sk\/wp-json\/wp\/v2\/types\/product"}],"wp:featuredmedia":[{"embeddable":true,"href":"https:\/\/www.kolibica.com\/sk\/wp-json\/wp\/v2\/media\/87997"}],"wp:attachment":[{"href":"https:\/\/www.kolibica.com\/sk\/wp-json\/wp\/v2\/media?parent=87995"}],"wp:term":[{"taxonomy":"product_brand","embeddable":true,"href":"https:\/\/www.kolibica.com\/sk\/wp-json\/wp\/v2\/product_brand?post=87995"},{"taxonomy":"product_cat","embeddable":true,"href":"https:\/\/www.kolibica.com\/sk\/wp-json\/wp\/v2\/product_cat?post=87995"},{"taxonomy":"product_tag","embeddable":true,"href":"https:\/\/www.kolibica.com\/sk\/wp-json\/wp\/v2\/product_tag?post=87995"}],"curies":[{"name":"wp","href":"https:\/\/api.w.org\/{rel}","templated":true}]}}