{"id":87993,"date":"2019-02-12T18:28:22","date_gmt":"2019-02-12T16:28:22","guid":{"rendered":"https:\/\/www.kolibica.com\/product\/reklamne-daske-za-secenje\/"},"modified":"2026-01-29T20:15:48","modified_gmt":"2026-01-29T18:15:48","slug":"reklamne-daske-za-secenje","status":"publish","type":"product","link":"https:\/\/www.kolibica.com\/sk\/produkt\/reklamne-daske-za-secenje\/","title":{"rendered":"Reklamne daske za se\u010denje"},"content":{"rendered":"<p><strong>Male reklamne daske<\/strong> za se\u010denje su prevashodno namenjene kompanijama kod organizacija promocija i reklamnih kampanja. Na daskama je mogu\u0107a izrada laserske gravure ili u\u0161tampavanja logotipa.<\/p>\n","protected":false},"excerpt":{"rendered":"<p>Male reklamne daske za se\u010denje su prevashodno namenjene kompanijama kod  [&#8230;]<\/p>\n","protected":false},"featured_media":87994,"template":"","meta":{"content-type":""},"product_brand":[],"product_cat":[253],"product_tag":[],"class_list":{"0":"post-87993","1":"product","2":"type-product","3":"status-publish","4":"has-post-thumbnail","6":"product_cat-drevena-kuchynska-galanteria","8":"first","9":"instock","10":"shipping-taxable","11":"purchasable","12":"product-type-simple"},"aioseo_notices":[],"_links":{"self":[{"href":"https:\/\/www.kolibica.com\/sk\/wp-json\/wp\/v2\/product\/87993","targetHints":{"allow":["GET"]}}],"collection":[{"href":"https:\/\/www.kolibica.com\/sk\/wp-json\/wp\/v2\/product"}],"about":[{"href":"https:\/\/www.kolibica.com\/sk\/wp-json\/wp\/v2\/types\/product"}],"wp:featuredmedia":[{"embeddable":true,"href":"https:\/\/www.kolibica.com\/sk\/wp-json\/wp\/v2\/media\/87994"}],"wp:attachment":[{"href":"https:\/\/www.kolibica.com\/sk\/wp-json\/wp\/v2\/media?parent=87993"}],"wp:term":[{"taxonomy":"product_brand","embeddable":true,"href":"https:\/\/www.kolibica.com\/sk\/wp-json\/wp\/v2\/product_brand?post=87993"},{"taxonomy":"product_cat","embeddable":true,"href":"https:\/\/www.kolibica.com\/sk\/wp-json\/wp\/v2\/product_cat?post=87993"},{"taxonomy":"product_tag","embeddable":true,"href":"https:\/\/www.kolibica.com\/sk\/wp-json\/wp\/v2\/product_tag?post=87993"}],"curies":[{"name":"wp","href":"https:\/\/api.w.org\/{rel}","templated":true}]}}