{"id":87981,"date":"2019-02-12T18:18:13","date_gmt":"2019-02-12T16:18:13","guid":{"rendered":"https:\/\/www.kolibica.com\/product\/stalak-za-taco\/"},"modified":"2024-04-23T10:41:23","modified_gmt":"2024-04-23T08:41:23","slug":"stalak-za-taco","status":"publish","type":"product","link":"https:\/\/www.kolibica.com\/sk\/produkt\/stalak-za-taco\/","title":{"rendered":"Stalak za taco"},"content":{"rendered":"<p><strong>Drveni stalak za taco<\/strong> je interesantan detalj u svakoj kuhinji. Ukoliko ste ljubitelj meksi\u010dke kuhinje, ovaj dopadljiv detalj \u0107e veoma prijatno iznenaditi va\u0161e goste kada im budete servirali taco na ovaj na\u010din, umesto u tanjiru.<\/p>\n<p>Dr\u017ea\u010d za taco se izra\u0111uje od bukve.<\/p>\n<p>Cene stalaka za taco:<\/p>\n<p>20-100 kom. &#8211; 3,5 Eur<br \/>\npreko 100 kom. &#8211; 3 Eur<\/p>\n","protected":false},"excerpt":{"rendered":"<p>Drveni stalak za taco je interesantan detalj u svakoj kuhinji.  [&#8230;]<\/p>\n","protected":false},"featured_media":87982,"template":"","meta":{"content-type":""},"product_brand":[],"product_cat":[253],"product_tag":[],"class_list":{"0":"post-87981","1":"product","2":"type-product","3":"status-publish","4":"has-post-thumbnail","6":"product_cat-drevena-kuchynska-galanteria","8":"first","9":"instock","10":"shipping-taxable","11":"product-type-simple"},"aioseo_notices":[],"_links":{"self":[{"href":"https:\/\/www.kolibica.com\/sk\/wp-json\/wp\/v2\/product\/87981","targetHints":{"allow":["GET"]}}],"collection":[{"href":"https:\/\/www.kolibica.com\/sk\/wp-json\/wp\/v2\/product"}],"about":[{"href":"https:\/\/www.kolibica.com\/sk\/wp-json\/wp\/v2\/types\/product"}],"wp:featuredmedia":[{"embeddable":true,"href":"https:\/\/www.kolibica.com\/sk\/wp-json\/wp\/v2\/media\/87982"}],"wp:attachment":[{"href":"https:\/\/www.kolibica.com\/sk\/wp-json\/wp\/v2\/media?parent=87981"}],"wp:term":[{"taxonomy":"product_brand","embeddable":true,"href":"https:\/\/www.kolibica.com\/sk\/wp-json\/wp\/v2\/product_brand?post=87981"},{"taxonomy":"product_cat","embeddable":true,"href":"https:\/\/www.kolibica.com\/sk\/wp-json\/wp\/v2\/product_cat?post=87981"},{"taxonomy":"product_tag","embeddable":true,"href":"https:\/\/www.kolibica.com\/sk\/wp-json\/wp\/v2\/product_tag?post=87981"}],"curies":[{"name":"wp","href":"https:\/\/api.w.org\/{rel}","templated":true}]}}