{"id":87977,"date":"2019-02-12T18:12:21","date_gmt":"2019-02-12T16:12:21","guid":{"rendered":"https:\/\/www.kolibica.com\/product\/ribez-rende-za-kupus\/"},"modified":"2024-04-23T10:41:10","modified_gmt":"2024-04-23T08:41:10","slug":"ribez-rende-za-kupus","status":"publish","type":"product","link":"https:\/\/www.kolibica.com\/sk\/produkt\/ribez-rende-za-kupus\/","title":{"rendered":"Ribe\u017e &#8211; rende za kupus"},"content":{"rendered":"<p><strong>Ribe\u017e &#8211; rende za kupus<\/strong> se proizvodi od <a href=\"https:\/\/www.kolibica.com\/gradja-svojstva-i-upotrebljivost-domacih-vrsta-drveta\/\">bukve<\/a>, sa veoma o\u0161trim i kvalitetnim se\u010divima od ner\u0111aju\u0107eg \u010delika.<\/p>\n<div class=\"flex flex-grow flex-col gap-3\">\n<div class=\"min-h-[20px] flex flex-col items-start gap-4 whitespace-pre-wrap\">\n<div class=\"markdown prose w-full break-words dark:prose-invert light\">\n<p><strong>Ribe\u017e<\/strong> je visoko kvalitetno drveno rende za kupus koje je dizajnirano kako bi vam olak\u0161alo pripremu hrane. Sa o\u0161trim no\u017eevima napravljenim od visokokvalitetnog ner\u0111aju\u0107eg \u010delika, ribe\u017e \u0107e vam omogu\u0107iti da lako iseckate kupus u tanke, jednake trake za samo nekoliko minuta.<\/p>\n<p>Ovo rende za kupus je izra\u0111eno od visokokvalitetnih materijala koji su izdr\u017eljivi i otporni na habanje, \u010dime se garantuje dug vek trajanja. Sa prakti\u010dnom dr\u0161kom napravljenom od neklizaju\u0107eg materijala, ribe\u017e se lako koristi i ne klizi po povr\u0161ini pri upotrebi.<\/p>\n<p>Ribe\u017e je tako\u0111e veoma jednostavan za \u010di\u0161\u0107enje, \u0161to je od velike va\u017enosti za sve ljubitelje kuvanja. Dovoljno je samo isprati rende toplom vodom i sapunom i osu\u0161iti ga \u010distom krpom.<\/p>\n<p>Ako ste ljubitelj zdrave hrane, ribe\u017e \u0107e vam pomo\u0107i da lako pripremite kupus za sve vrste salata i drugih jela. Sa ovim rendom za kupus, ne samo da \u0107ete u\u0161tedeti vreme u kuhinji, ve\u0107 \u0107ete i lako mo\u0107i da napravite zdrave i ukusne obroke za svoju porodicu.<\/p>\n<p>Sa svojim visokim kvalitetom, izdr\u017eljivo\u0161\u0107u i prakti\u010dnom upotrebom, ribe\u017e je savr\u0161en dodatak za sve kuhinje. Nabavite svoj ribe\u017e danas i u\u017eivajte u pripremi hrane na jednostavan i efikasan na\u010din!<\/p>\n<\/div>\n<\/div>\n<\/div>\n<p>Cene malih ribe\u017ea:<br \/>\n30-50 kom. &#8211; 3,50 Eur\/kom.<br \/>\n50-100 kom. &#8211; 3 Eur\/kom.<br \/>\n100-500 kom. &#8211; 2,70 Eur\/kom.<br \/>\n500-1000 kom. &#8211; 2,40 Eur\/kom.<br \/>\npreko 1000 kom. &#8211; 2,10 Eur\/kom.<\/p>\n<p>Cene velikih ribe\u017ea:<br \/>\n30-50 kom. &#8211; 5 Eur\/kom.<br \/>\n50-100 kom. &#8211; 4,70 Eur\/kom<br \/>\n100-500 kom. &#8211; 4,20 Eur\/kom.<br \/>\n500-1000 kom. &#8211; 3,70 Eur\/kom.<br \/>\npreko 1000 kom. &#8211; 3,60 Eur\/kom.<\/p>\n","protected":false},"excerpt":{"rendered":"<p>Ribe\u017e &#8211; rende za kupus se proizvodi od bukve, sa  [&#8230;]<\/p>\n","protected":false},"featured_media":87978,"template":"","meta":{"content-type":""},"product_brand":[],"product_cat":[253],"product_tag":[],"class_list":{"0":"post-87977","1":"product","2":"type-product","3":"status-publish","4":"has-post-thumbnail","6":"product_cat-drevena-kuchynska-galanteria","8":"first","9":"instock","10":"shipping-taxable","11":"product-type-simple"},"aioseo_notices":[],"_links":{"self":[{"href":"https:\/\/www.kolibica.com\/sk\/wp-json\/wp\/v2\/product\/87977","targetHints":{"allow":["GET"]}}],"collection":[{"href":"https:\/\/www.kolibica.com\/sk\/wp-json\/wp\/v2\/product"}],"about":[{"href":"https:\/\/www.kolibica.com\/sk\/wp-json\/wp\/v2\/types\/product"}],"wp:featuredmedia":[{"embeddable":true,"href":"https:\/\/www.kolibica.com\/sk\/wp-json\/wp\/v2\/media\/87978"}],"wp:attachment":[{"href":"https:\/\/www.kolibica.com\/sk\/wp-json\/wp\/v2\/media?parent=87977"}],"wp:term":[{"taxonomy":"product_brand","embeddable":true,"href":"https:\/\/www.kolibica.com\/sk\/wp-json\/wp\/v2\/product_brand?post=87977"},{"taxonomy":"product_cat","embeddable":true,"href":"https:\/\/www.kolibica.com\/sk\/wp-json\/wp\/v2\/product_cat?post=87977"},{"taxonomy":"product_tag","embeddable":true,"href":"https:\/\/www.kolibica.com\/sk\/wp-json\/wp\/v2\/product_tag?post=87977"}],"curies":[{"name":"wp","href":"https:\/\/api.w.org\/{rel}","templated":true}]}}