{"id":87975,"date":"2019-02-12T17:59:02","date_gmt":"2019-02-12T15:59:02","guid":{"rendered":"https:\/\/www.kolibica.com\/product\/podmetaci-za-serpe\/"},"modified":"2024-04-23T10:41:05","modified_gmt":"2024-04-23T08:41:05","slug":"podmetaci-za-serpe","status":"publish","type":"product","link":"https:\/\/www.kolibica.com\/sk\/produkt\/podmetaci-za-serpe\/","title":{"rendered":"Podmeta\u010di za \u0161erpe"},"content":{"rendered":"<p><strong>Podmeta\u010di za \u0161erpe<\/strong> se izra\u0111uju u vi\u0161e varijanti. Mogu biti od bukve sa aplikacijom od plute koja mo\u017ee biti brendirana sito \u0161tampom ili laserskom gravurom.<\/p>\n<p>Cene podmeta\u010da za \u0161erpe (sa laserskom gravurom):<\/p>\n<p>50-500 kom: 2,90 Eur<br \/>\n500-1000 kom: 2,40 Eur<br \/>\npreko 1000 kom: 2,30 Eur<\/p>\n<p><a href=\"https:\/\/www.kolibica.com\/proizvod\/podmetaci-za-serpe-od-plute-i-eko-koze\/\"><strong>Podmeta\u010di za \u0161erpe od plute i eko ko\u017ee<\/strong><\/a><\/p>\n<p>Cene podmeta\u010da za \u0161erpe (sa laserskom gravurom):<\/p>\n<p>50-500 kom: 1,90 Eur<br \/>\n500-1000 kom: 1,70 Eur<br \/>\npreko 1000 kom: 1,50 Eur<\/p>\n<p><a href=\"https:\/\/www.kolibica.com\/proizvod\/podmetaci-za-serpe-od-letvica\/\"><strong>Podmeta\u010di za \u0161erpe od letvica<\/strong><\/a><\/p>\n<p>Cene podmeta\u010da za \u0161erpe (sa laserskom gravurom):<\/p>\n<p>100-500 kom: 1,30 Eur<br \/>\n500-1000 kom: 1,10 Eur<br \/>\npreko 1000 kom: 0,90 Eur<\/p>\n<p><a href=\"https:\/\/www.kolibica.com\/proizvod\/podmetaci-za-serpe-od-letvica\/\"><strong>Podmeta\u010di za \u0161erpe od letvica i plute<\/strong><\/a><\/p>\n<p>Cene podmeta\u010da za \u0161erpe (sa laserskom gravurom):<\/p>\n<p>100-500 kom: 1,90 Eur<br \/>\n500-1000 kom: 1,60 Eur<br \/>\npreko 1000 kom: 1,35 Eur<\/p>\n<p>&nbsp;<\/p>\n<p>&nbsp;<\/p>\n<p>&nbsp;<\/p>\n<p>&nbsp;<\/p>\n","protected":false},"excerpt":{"rendered":"<p>Podmeta\u010di za \u0161erpe se izra\u0111uju u vi\u0161e varijanti. Mogu biti  [&#8230;]<\/p>\n","protected":false},"featured_media":87976,"template":"","meta":{"content-type":""},"product_brand":[],"product_cat":[253],"product_tag":[],"class_list":{"0":"post-87975","1":"product","2":"type-product","3":"status-publish","4":"has-post-thumbnail","6":"product_cat-drevena-kuchynska-galanteria","8":"first","9":"instock","10":"shipping-taxable","11":"product-type-simple"},"aioseo_notices":[],"_links":{"self":[{"href":"https:\/\/www.kolibica.com\/sk\/wp-json\/wp\/v2\/product\/87975","targetHints":{"allow":["GET"]}}],"collection":[{"href":"https:\/\/www.kolibica.com\/sk\/wp-json\/wp\/v2\/product"}],"about":[{"href":"https:\/\/www.kolibica.com\/sk\/wp-json\/wp\/v2\/types\/product"}],"wp:featuredmedia":[{"embeddable":true,"href":"https:\/\/www.kolibica.com\/sk\/wp-json\/wp\/v2\/media\/87976"}],"wp:attachment":[{"href":"https:\/\/www.kolibica.com\/sk\/wp-json\/wp\/v2\/media?parent=87975"}],"wp:term":[{"taxonomy":"product_brand","embeddable":true,"href":"https:\/\/www.kolibica.com\/sk\/wp-json\/wp\/v2\/product_brand?post=87975"},{"taxonomy":"product_cat","embeddable":true,"href":"https:\/\/www.kolibica.com\/sk\/wp-json\/wp\/v2\/product_cat?post=87975"},{"taxonomy":"product_tag","embeddable":true,"href":"https:\/\/www.kolibica.com\/sk\/wp-json\/wp\/v2\/product_tag?post=87975"}],"curies":[{"name":"wp","href":"https:\/\/api.w.org\/{rel}","templated":true}]}}