{"id":87971,"date":"2019-02-12T17:56:59","date_gmt":"2019-02-12T15:56:59","guid":{"rendered":"https:\/\/www.kolibica.com\/product\/buzdovan-za-med\/"},"modified":"2026-01-29T20:16:01","modified_gmt":"2026-01-29T18:16:01","slug":"buzdovan-za-med","status":"publish","type":"product","link":"https:\/\/www.kolibica.com\/sk\/produkt\/buzdovan-za-med\/","title":{"rendered":"Buzdovan za med"},"content":{"rendered":"<p><strong>Buzdovan za med<\/strong> se izra\u0111uje od bukovog drveta. Ovo je veoma lepa, prakti\u010dna i popularna stvar (<a href=\"https:\/\/www.kolibica.com\/category\/blog-sk\/kuhinjska-galanterija\/\" target=\"_blank\" rel=\"noopener\">kuhinjska galanterija<\/a>). Upotrebu buzdovana ste mogli da vidite u raznim kulinarskim emisijama na TV. Dr\u0161ka buzdovana se mo\u017ee brendirati tampon \u0161tampom ili laserskom gravurom.<\/p>\n<p>Cena buzdovana ze med je 0,45 Eur. Za ve\u0107e koli\u010dine odobravamo dodatni popust. <a title=\"Mi na Instagramu\" href=\"https:\/\/www.instagram.com\/kolibica8\/\" target=\"_blank\" rel=\"noopener\">Instagram.<\/a><\/p>\n<p>&nbsp;<\/p>\n<p>&nbsp;<\/p>\n<p>&nbsp;<\/p>\n","protected":false},"excerpt":{"rendered":"<p>Buzdovan za med se izra\u0111uje od bukovog drveta. Ovo je  [&#8230;]<\/p>\n","protected":false},"featured_media":87974,"template":"","meta":{"content-type":""},"product_brand":[],"product_cat":[253],"product_tag":[],"class_list":{"0":"post-87971","1":"product","2":"type-product","3":"status-publish","4":"has-post-thumbnail","6":"product_cat-drevena-kuchynska-galanteria","8":"first","9":"instock","10":"shipping-taxable","11":"purchasable","12":"product-type-simple"},"aioseo_notices":[],"_links":{"self":[{"href":"https:\/\/www.kolibica.com\/sk\/wp-json\/wp\/v2\/product\/87971","targetHints":{"allow":["GET"]}}],"collection":[{"href":"https:\/\/www.kolibica.com\/sk\/wp-json\/wp\/v2\/product"}],"about":[{"href":"https:\/\/www.kolibica.com\/sk\/wp-json\/wp\/v2\/types\/product"}],"wp:featuredmedia":[{"embeddable":true,"href":"https:\/\/www.kolibica.com\/sk\/wp-json\/wp\/v2\/media\/87974"}],"wp:attachment":[{"href":"https:\/\/www.kolibica.com\/sk\/wp-json\/wp\/v2\/media?parent=87971"}],"wp:term":[{"taxonomy":"product_brand","embeddable":true,"href":"https:\/\/www.kolibica.com\/sk\/wp-json\/wp\/v2\/product_brand?post=87971"},{"taxonomy":"product_cat","embeddable":true,"href":"https:\/\/www.kolibica.com\/sk\/wp-json\/wp\/v2\/product_cat?post=87971"},{"taxonomy":"product_tag","embeddable":true,"href":"https:\/\/www.kolibica.com\/sk\/wp-json\/wp\/v2\/product_tag?post=87971"}],"curies":[{"name":"wp","href":"https:\/\/api.w.org\/{rel}","templated":true}]}}