{"id":87970,"date":"2019-02-12T17:09:56","date_gmt":"2019-02-12T15:09:56","guid":{"rendered":"https:\/\/www.kolibica.com\/product\/hvataljka-za-rostilj\/"},"modified":"2024-04-23T10:43:24","modified_gmt":"2024-04-23T08:43:24","slug":"hvataljka-za-rostilj","status":"publish","type":"product","link":"https:\/\/www.kolibica.com\/sk\/produkt\/hvataljka-za-rostilj\/","title":{"rendered":"Hvataljka za ro\u0161tilj"},"content":{"rendered":"<p><strong>Drvena hvataljka za ro\u0161tilj<\/strong> je nezaobilazno kuhinjsko pomaglo za sve doma\u0107ice. Izra\u0111ene su od kvalitetne bukve i mogu se koristiti i za me\u0161anje i sipanje salata. Du\u017eina hvataljke za ro\u0161tilj je 30-40 cm. Na ravnim stranicama postoji mogu\u0107nost u\u0161tampavanja ili laserskog graviranja logotipa, te su pogodne i kao pokloni na prezentacijama. Standardna du\u017eina hvataljke za ro\u0161tilj je 35 cm, ali se po zahtevu kupca mogu izra\u0111ivati i hvataljke drugih dimenzija.<\/p>\n<p><strong>Cene hvataljki za ro\u0161tilj:<\/strong><\/p>\n<p>100-500 kom. &#8211; 0,50 Eur<br \/>\n500-1000 kom. &#8211; 0,45 Eur<br \/>\n1000-5000 kom. &#8211; 0,40 Eur<br \/>\n10000 kom. &#8211; 0,35 Eur<\/p>\n<p>&nbsp;<\/p>\n<p><strong>Savet:<\/strong><\/p>\n<p>Drvene varja\u010de i kuhinjske daske ne dr\u017eite potopljene u vodi, jer \u0107e se deformisati. Daske i varja\u010de treba odmah posle upotrebe oprati i osu\u0161iti. Ako su zadr\u017eale neprijatne mirise od hrane, povremeno ih treba izribati o\u0161trom \u010detkom umo\u010denom u me\u0161avinu soli i sir\u0107eta, a zatim ih isprati pod mlazom tople vode.<\/p>\n<p>&nbsp;<\/p>\n","protected":false},"excerpt":{"rendered":"<p>Drvena hvataljka za ro\u0161tilj je nezaobilazno kuhinjsko pomaglo za sve  [&#8230;]<\/p>\n","protected":false},"featured_media":87973,"template":"","meta":{"content-type":""},"product_brand":[],"product_cat":[253],"product_tag":[],"class_list":{"0":"post-87970","1":"product","2":"type-product","3":"status-publish","4":"has-post-thumbnail","6":"product_cat-drevena-kuchynska-galanteria","8":"first","9":"instock","10":"shipping-taxable","11":"product-type-simple"},"aioseo_notices":[],"_links":{"self":[{"href":"https:\/\/www.kolibica.com\/sk\/wp-json\/wp\/v2\/product\/87970","targetHints":{"allow":["GET"]}}],"collection":[{"href":"https:\/\/www.kolibica.com\/sk\/wp-json\/wp\/v2\/product"}],"about":[{"href":"https:\/\/www.kolibica.com\/sk\/wp-json\/wp\/v2\/types\/product"}],"wp:featuredmedia":[{"embeddable":true,"href":"https:\/\/www.kolibica.com\/sk\/wp-json\/wp\/v2\/media\/87973"}],"wp:attachment":[{"href":"https:\/\/www.kolibica.com\/sk\/wp-json\/wp\/v2\/media?parent=87970"}],"wp:term":[{"taxonomy":"product_brand","embeddable":true,"href":"https:\/\/www.kolibica.com\/sk\/wp-json\/wp\/v2\/product_brand?post=87970"},{"taxonomy":"product_cat","embeddable":true,"href":"https:\/\/www.kolibica.com\/sk\/wp-json\/wp\/v2\/product_cat?post=87970"},{"taxonomy":"product_tag","embeddable":true,"href":"https:\/\/www.kolibica.com\/sk\/wp-json\/wp\/v2\/product_tag?post=87970"}],"curies":[{"name":"wp","href":"https:\/\/api.w.org\/{rel}","templated":true}]}}