{"id":87947,"date":"2019-02-12T16:49:35","date_gmt":"2019-02-12T14:49:35","guid":{"rendered":"https:\/\/www.kolibica.com\/product\/drvene-varjace-spatulice\/"},"modified":"2024-04-23T10:25:14","modified_gmt":"2024-04-23T08:25:14","slug":"drvene-varjace-spatulice","status":"publish","type":"product","link":"https:\/\/www.kolibica.com\/sk\/produkt\/drvene-varjace-spatulice\/","title":{"rendered":"Drvene varja\u010de &#8211; \u0160patulice"},"content":{"rendered":"<p><strong>Drvene varja\u010de<\/strong> su nezaobilazna kuhinjska pomagla za sve doma\u0107ice. Od svakodnevnog kuvanja ru\u010dka do spremanja zimnice, uvek je potrebno imati po nekoliko drvenih varja\u010da raznih dimenzija i oblika. Na ravnim varja\u010dama postoji mogu\u0107nost u\u0161tampavanja ili laserskog graviranja logotipa, te su pogodne i kao pokloni na prezentacijama.<\/p>\n<p><strong>Dimenzije varja\u010da:<\/strong> Standardna du\u017eina varja\u010da je 30 cm.<\/p>\n<p><strong>Cene:<\/strong><br \/>\n500-2000 kom. &#8211; 0,32 Eur<br \/>\n2000-5000 kom. &#8211; 0,28 Eur<br \/>\n5000-10000 kom. &#8211; 0,25 Eur<br \/>\nPreko 10000 kom. &#8211; 0,24 Eur<\/p>\n<p><strong>Savet:<\/strong><\/p>\n<p>Drvene varja\u010de i kuhinjske daske ne dr\u017eite potopljene u vodi, jer \u0107e se deformisati. Daske i varja\u010de treba odmah posle upotrebe oprati i osu\u0161iti. Ako su zadr\u017eale neprijatne mirise od hrane, povremeno ih treba izribati o\u0161trom \u010detkom umo\u010denom u me\u0161avinu soli i sir\u0107eta, a zatim ih isprati pod mlazom tople vode.<\/p>\n<p>&nbsp;<\/p>\n","protected":false},"excerpt":{"rendered":"<p>Drvene varja\u010de su nezaobilazna kuhinjska pomagla za sve doma\u0107ice. Od  [&#8230;]<\/p>\n","protected":false},"featured_media":87949,"template":"","meta":{"content-type":""},"product_brand":[],"product_cat":[253],"product_tag":[],"class_list":{"0":"post-87947","1":"product","2":"type-product","3":"status-publish","4":"has-post-thumbnail","6":"product_cat-drevena-kuchynska-galanteria","8":"first","9":"instock","10":"shipping-taxable","11":"product-type-simple"},"aioseo_notices":[],"_links":{"self":[{"href":"https:\/\/www.kolibica.com\/sk\/wp-json\/wp\/v2\/product\/87947","targetHints":{"allow":["GET"]}}],"collection":[{"href":"https:\/\/www.kolibica.com\/sk\/wp-json\/wp\/v2\/product"}],"about":[{"href":"https:\/\/www.kolibica.com\/sk\/wp-json\/wp\/v2\/types\/product"}],"wp:featuredmedia":[{"embeddable":true,"href":"https:\/\/www.kolibica.com\/sk\/wp-json\/wp\/v2\/media\/87949"}],"wp:attachment":[{"href":"https:\/\/www.kolibica.com\/sk\/wp-json\/wp\/v2\/media?parent=87947"}],"wp:term":[{"taxonomy":"product_brand","embeddable":true,"href":"https:\/\/www.kolibica.com\/sk\/wp-json\/wp\/v2\/product_brand?post=87947"},{"taxonomy":"product_cat","embeddable":true,"href":"https:\/\/www.kolibica.com\/sk\/wp-json\/wp\/v2\/product_cat?post=87947"},{"taxonomy":"product_tag","embeddable":true,"href":"https:\/\/www.kolibica.com\/sk\/wp-json\/wp\/v2\/product_tag?post=87947"}],"curies":[{"name":"wp","href":"https:\/\/api.w.org\/{rel}","templated":true}]}}