{"id":87941,"date":"2019-02-12T16:27:08","date_gmt":"2019-02-12T14:27:08","guid":{"rendered":"https:\/\/www.kolibica.com\/product\/daske-za-secenje-razlicitih-oblika\/"},"modified":"2024-04-23T10:24:48","modified_gmt":"2024-04-23T08:24:48","slug":"daske-za-secenje-razlicitih-oblika","status":"publish","type":"product","link":"https:\/\/www.kolibica.com\/sk\/produkt\/daske-za-secenje-razlicitih-oblika\/","title":{"rendered":"Daske za se\u010denje &#8211; razli\u010ditih oblika"},"content":{"rendered":"<p><strong>Daske za se\u010denje<\/strong> i pripremanje hrane proizvedene su od kvalitetnog bukovog drveta i veoma su prakti\u010dne. Visok kvalitet daski za meso, \u017eelja da se potro\u0161a\u010dima iza\u0111e u susret i mogu\u0107nost \u0161tampe i graviranja na ovim daskama \u010dine ih idealnim za poklone na prezentacijama, naro\u010dito kompanija u prehrambenoj industriji. Daske mogu biti proizvedene i od vi\u0161e razli\u010ditih vrsta drveta.<\/p>\n<p><strong>Dimenzije i oblik dasaka za se\u010denje i poslu\u017eivanje se prilago\u0111avaju \u017eeljama kupca.<\/strong><\/p>\n<p><strong>Cene \u0160ah daske<\/strong>:<br \/>\nMala (15x15cm) &#8211; 12 Eur<br \/>\nSrednja (20x20cm) &#8211; 16 Eur<br \/>\nVelika (25x25cm) &#8211; 22 Eur<br \/>\nMinimalna koli\u010dina za porud\u017ebinu je 50 komada.<\/p>\n<p><strong>List daske<\/strong> se koriste uglavnom za poslu\u017eivanje hladnih predjela, te su tako i klasirane (za jednu, dve i \u010detiri osobe). Izra\u0111uju se od kombinacije parene bukve i jasena.<\/p>\n<p><strong>Cene List daske:<\/strong><br \/>\nZa jednu osobu &#8211; 10 Eur<br \/>\nZa dve osobe &#8211; 15 Eur<br \/>\nZa \u010detiri osobe &#8211; 20 Eur<br \/>\nMinimalna koli\u010dina za porud\u017ebinu je 50 komada.<\/p>\n<p><strong>Savet:<\/strong><\/p>\n<p>Drvene varja\u010de i kuhinjske daske ne dr\u017eite potopljene u vodi, jer \u0107e se deformisati. Daske i varja\u010de treba odmah posle upotrebe oprati i osu\u0161iti. Ako su zadr\u017eale neprijatne mirise od hrane, povremeno ih treba izribati o\u0161trom \u010detkom umo\u010denom u me\u0161avinu soli i sir\u0107eta, a zatim ih isprati pod mlazom tople vode.<\/p>\n<p>&nbsp;<\/p>\n","protected":false},"excerpt":{"rendered":"<p>Daske za se\u010denje i pripremanje hrane proizvedene su od kvalitetnog  [&#8230;]<\/p>\n","protected":false},"featured_media":87943,"template":"","meta":{"content-type":""},"product_brand":[],"product_cat":[253],"product_tag":[],"class_list":{"0":"post-87941","1":"product","2":"type-product","3":"status-publish","4":"has-post-thumbnail","6":"product_cat-drevena-kuchynska-galanteria","8":"first","9":"instock","10":"shipping-taxable","11":"product-type-simple"},"aioseo_notices":[],"_links":{"self":[{"href":"https:\/\/www.kolibica.com\/sk\/wp-json\/wp\/v2\/product\/87941","targetHints":{"allow":["GET"]}}],"collection":[{"href":"https:\/\/www.kolibica.com\/sk\/wp-json\/wp\/v2\/product"}],"about":[{"href":"https:\/\/www.kolibica.com\/sk\/wp-json\/wp\/v2\/types\/product"}],"wp:featuredmedia":[{"embeddable":true,"href":"https:\/\/www.kolibica.com\/sk\/wp-json\/wp\/v2\/media\/87943"}],"wp:attachment":[{"href":"https:\/\/www.kolibica.com\/sk\/wp-json\/wp\/v2\/media?parent=87941"}],"wp:term":[{"taxonomy":"product_brand","embeddable":true,"href":"https:\/\/www.kolibica.com\/sk\/wp-json\/wp\/v2\/product_brand?post=87941"},{"taxonomy":"product_cat","embeddable":true,"href":"https:\/\/www.kolibica.com\/sk\/wp-json\/wp\/v2\/product_cat?post=87941"},{"taxonomy":"product_tag","embeddable":true,"href":"https:\/\/www.kolibica.com\/sk\/wp-json\/wp\/v2\/product_tag?post=87941"}],"curies":[{"name":"wp","href":"https:\/\/api.w.org\/{rel}","templated":true}]}}