{"id":87939,"date":"2019-02-12T16:24:04","date_gmt":"2019-02-12T14:24:04","guid":{"rendered":"https:\/\/www.kolibica.com\/product\/daska-za-secenje-cetvrtasta\/"},"modified":"2024-04-23T10:24:44","modified_gmt":"2024-04-23T08:24:44","slug":"daska-za-secenje-cetvrtasta","status":"publish","type":"product","link":"https:\/\/www.kolibica.com\/sk\/produkt\/daska-za-secenje-cetvrtasta\/","title":{"rendered":"Daska za se\u010denje &#8211; \u010detvrtasta"},"content":{"rendered":"<p><strong>Daska za se\u010denje<\/strong> i pripremanje hrane proizvedena je od kvalitetnog bukovog drveta i veoma prakti\u010dna. Visok kvalitet daski za meso, \u017eelja da se potro\u0161a\u010dima iza\u0111e u susret i mogu\u0107nost \u0161tampe i graviranja na ovim daskama \u010dine ih idealnim za poklone na prezentacijama, naro\u010dito kompanija u prehrambenoj industriji.<\/p>\n<p><strong>Dimenzije dasaka za meso se prilago\u0111avaju \u017eeljama kupca.<\/strong><\/p>\n<p>&nbsp;<\/p>\n<p><strong>Savet:<\/strong><\/p>\n<p>Drvene varja\u010de i kuhinjske daske ne dr\u017eite potopljene u vodi, jer \u0107e se deformisati. Daske i varja\u010de treba odmah posle upotrebe oprati i osu\u0161iti. Ako su zadr\u017eale neprijatne mirise od hrane, povremeno ih treba izribati o\u0161trom \u010detkom umo\u010denom u me\u0161avinu soli i sir\u0107eta, a zatim ih isprati pod mlazom tople vode.<\/p>\n<p>&nbsp;<\/p>\n","protected":false},"excerpt":{"rendered":"<p>Daska za se\u010denje i pripremanje hrane proizvedena je od kvalitetnog  [&#8230;]<\/p>\n","protected":false},"featured_media":87942,"template":"","meta":{"content-type":""},"product_brand":[],"product_cat":[253],"product_tag":[],"class_list":{"0":"post-87939","1":"product","2":"type-product","3":"status-publish","4":"has-post-thumbnail","6":"product_cat-drevena-kuchynska-galanteria","8":"first","9":"instock","10":"shipping-taxable","11":"product-type-simple"},"aioseo_notices":[],"_links":{"self":[{"href":"https:\/\/www.kolibica.com\/sk\/wp-json\/wp\/v2\/product\/87939","targetHints":{"allow":["GET"]}}],"collection":[{"href":"https:\/\/www.kolibica.com\/sk\/wp-json\/wp\/v2\/product"}],"about":[{"href":"https:\/\/www.kolibica.com\/sk\/wp-json\/wp\/v2\/types\/product"}],"wp:featuredmedia":[{"embeddable":true,"href":"https:\/\/www.kolibica.com\/sk\/wp-json\/wp\/v2\/media\/87942"}],"wp:attachment":[{"href":"https:\/\/www.kolibica.com\/sk\/wp-json\/wp\/v2\/media?parent=87939"}],"wp:term":[{"taxonomy":"product_brand","embeddable":true,"href":"https:\/\/www.kolibica.com\/sk\/wp-json\/wp\/v2\/product_brand?post=87939"},{"taxonomy":"product_cat","embeddable":true,"href":"https:\/\/www.kolibica.com\/sk\/wp-json\/wp\/v2\/product_cat?post=87939"},{"taxonomy":"product_tag","embeddable":true,"href":"https:\/\/www.kolibica.com\/sk\/wp-json\/wp\/v2\/product_tag?post=87939"}],"curies":[{"name":"wp","href":"https:\/\/api.w.org\/{rel}","templated":true}]}}