{"id":87937,"date":"2019-02-12T16:03:11","date_gmt":"2019-02-12T14:03:11","guid":{"rendered":"https:\/\/www.kolibica.com\/product\/daska-za-secenje-standard\/"},"modified":"2024-04-23T10:24:36","modified_gmt":"2024-04-23T08:24:36","slug":"daska-za-secenje-standard","status":"publish","type":"product","link":"https:\/\/www.kolibica.com\/sk\/produkt\/daska-za-secenje-standard\/","title":{"rendered":"Daska za se\u010denje &#8211; standard"},"content":{"rendered":"<p><strong>Daska za se\u010denje<\/strong> i pripremanje hrane sa dr\u017ea\u010dem proizvedena je od kvalitetnog bukovog drveta i veoma prakti\u010dna. Visok kvalitet daski za meso, \u017eelja da se potro\u0161a\u010dima iza\u0111e u susret i mogu\u0107nost \u0161tampe i graviranja na ovim daskama \u010dine ih idealnim za poklone na prezentacijama, naro\u010dito kompanija u prehrambenoj industriji.<\/p>\n<p><strong>Dimenzije dasaka za meso (du\u017eina sa ru\u010dicom):<\/strong><\/p>\n<p>Male:\u00a019,5(31,5)x13x2 cm<br \/>\nSrednje: 23(36,3)x17x2 cm<br \/>\nVelike: 25,7(39,5)x19,6&#215;2<\/p>\n<p>U zagradi je du\u017eina daske za meso sa dr\u0161kom. Dimenzije i oblik dasaka mogu biti usagla\u0161ene sa potrebama klijenata i ne moraju biti standardne. Tako\u0111e, u dogovoru sa klijentom, mo\u017eemo uraditi i brendiranje dasaka.<\/p>\n<p><strong>Savet:<\/strong><\/p>\n<p>Drvene varja\u010de i kuhinjske daske ne dr\u017eite potopljene u vodi, jer \u0107e se deformisati. Daske i varja\u010de treba odmah posle upotrebe oprati i osu\u0161iti. Ako su zadr\u017eale neprijatne mirise od hrane, povremeno ih treba izribati o\u0161trom \u010detkom umo\u010denom u me\u0161avinu soli i sir\u0107eta, a zatim ih isprati pod mlazom tople vode.<\/p>\n<p>&nbsp;<\/p>\n","protected":false},"excerpt":{"rendered":"<p>Daska za se\u010denje i pripremanje hrane sa dr\u017ea\u010dem proizvedena je  [&#8230;]<\/p>\n","protected":false},"featured_media":87940,"template":"","meta":{"content-type":""},"product_brand":[],"product_cat":[253],"product_tag":[],"class_list":{"0":"post-87937","1":"product","2":"type-product","3":"status-publish","4":"has-post-thumbnail","6":"product_cat-drevena-kuchynska-galanteria","8":"first","9":"instock","10":"shipping-taxable","11":"product-type-simple"},"aioseo_notices":[],"_links":{"self":[{"href":"https:\/\/www.kolibica.com\/sk\/wp-json\/wp\/v2\/product\/87937","targetHints":{"allow":["GET"]}}],"collection":[{"href":"https:\/\/www.kolibica.com\/sk\/wp-json\/wp\/v2\/product"}],"about":[{"href":"https:\/\/www.kolibica.com\/sk\/wp-json\/wp\/v2\/types\/product"}],"wp:featuredmedia":[{"embeddable":true,"href":"https:\/\/www.kolibica.com\/sk\/wp-json\/wp\/v2\/media\/87940"}],"wp:attachment":[{"href":"https:\/\/www.kolibica.com\/sk\/wp-json\/wp\/v2\/media?parent=87937"}],"wp:term":[{"taxonomy":"product_brand","embeddable":true,"href":"https:\/\/www.kolibica.com\/sk\/wp-json\/wp\/v2\/product_brand?post=87937"},{"taxonomy":"product_cat","embeddable":true,"href":"https:\/\/www.kolibica.com\/sk\/wp-json\/wp\/v2\/product_cat?post=87937"},{"taxonomy":"product_tag","embeddable":true,"href":"https:\/\/www.kolibica.com\/sk\/wp-json\/wp\/v2\/product_tag?post=87937"}],"curies":[{"name":"wp","href":"https:\/\/api.w.org\/{rel}","templated":true}]}}