{"id":87932,"date":"2019-02-11T22:04:49","date_gmt":"2019-02-11T20:04:49","guid":{"rendered":"https:\/\/www.kolibica.com\/product\/viniblok-bagremove-kockice-za-vino-i-rakiju-srednje-tostirane\/"},"modified":"2024-04-23T10:12:58","modified_gmt":"2024-04-23T08:12:58","slug":"viniblok-bagremove-kockice-za-vino-i-rakiju-srednje-tostirane","status":"publish","type":"product","link":"https:\/\/www.kolibica.com\/sk\/produkt\/viniblok-bagremove-kockice-za-vino-i-rakiju-srednje-tostirane\/","title":{"rendered":"Viniblok &#8211; Bagremove kockice za vino i rakiju srednje tostirane"},"content":{"rendered":"<p><strong>Bagremove kockice za vino i rakiju.<\/strong><\/p>\n<p><strong>Preporu\u010deno doziranje je 2-4 gr\/l pi\u0107a.<\/strong><\/p>\n<p><strong>Preporu\u010deno vreme kontakta: 1-4 meseca.<\/strong><\/p>\n<p>Preporu\u010deno doziranje \u0107e u\u010diniti da neke rakije i vina budu samo blago barikirane, druge ne\u0161to ja\u010de, dok je su\u0161tinski doziranje relativno i zavisi najvi\u0161e od ukusa i \u017eeljenog cilja proizvo\u0111a\u010da.<\/p>\n<p><strong>Na\u010din upotrebe<\/strong><\/p>\n<p><strong>Bagremov \u010dips i\/ili bagremove kockice<\/strong> treba potopiti u rakiju ili vino u odgovaraju\u0107oj \u010distoj mre\u017eici koja ne\u0107e uneti u pi\u0107e strane mirise niti ukuse i opteretiti je odgovaraju\u0107im \u010distim predmetom od keramike, inoksa ili drugog odgovaraju\u0107eg materijala da potone. Ovu mre\u017eicu treba vezati kanapom \u010diji kraj treba da ostane van suda u kome je mre\u017eica. Mre\u017eicu treba povremeno povla\u010diti gore dole da se pove\u0107a ekstrakcija i u\u010dini ravnomernije raspore\u0111enom u te\u010dnosti. Bitno je da \u010dips i\/ili kockice budu potopljene.<\/p>\n<p>Nedostatak ovog na\u010dina je \u0161to se po izvr\u0161enoj ekstrakciji ne mo\u017ee uticati na koncentraciju ekstrakta drveta u rakiji i vinu, jer je ona bila odre\u0111ena inicijalno odre\u0111enom dozom \u010dipsa odnosno kockica. Re\u0161enje za ovaj problem je da se ekstrakcija uradi na manjoj koli\u010dini pi\u0107a (na primer, staviti 1kg \u010dipsa ili kockica u 5 ili 10 litara rakije ili vina) pa kasnije po zavr\u0161enoj ekstrakciji dozirati ekstrat u ostatak rakije\/vina po \u017eelji. Time se naknadno potpuno precizno i prema \u017eelji kupca mo\u017ee dozirati koli\u010dina ekstrakta \u010dipsa ili kockica u rakiji pi\u0107u.<\/p>\n<p>Ina\u010de, \u010dips i kockice iz ponude Kolibice su izra\u0111ene od selekcionisanog srpskog bagrema su\u0161enom na otvorenom do 24 meseca. Daju izuzetno plemenite arome rakiji i vinu i pobolj\u0161avaju ukus pi\u0107a. Za njihovo tostiranje kori\u0161\u0107en je topao vazduh (ne otvoreni plamen) na temperaturi od 180\u00b0C do 245\u00b0C.<\/p>\n<p>Pakovanje &#8211; 1 kg.<\/p>\n","protected":false},"excerpt":{"rendered":"<p>Bagremove kockice za vino i rakiju. Preporu\u010deno doziranje je 2-4  [&#8230;]<\/p>\n","protected":false},"featured_media":87925,"template":"","meta":{"content-type":""},"product_brand":[],"product_cat":[273],"product_tag":[],"class_list":{"0":"post-87932","1":"product","2":"type-product","3":"status-publish","4":"has-post-thumbnail","6":"product_cat-hrastove-hobliny-a-kocky-pre-vino-a-palenky","8":"first","9":"instock","10":"featured","11":"shipping-taxable","12":"purchasable","13":"product-type-simple"},"aioseo_notices":[],"_links":{"self":[{"href":"https:\/\/www.kolibica.com\/sk\/wp-json\/wp\/v2\/product\/87932","targetHints":{"allow":["GET"]}}],"collection":[{"href":"https:\/\/www.kolibica.com\/sk\/wp-json\/wp\/v2\/product"}],"about":[{"href":"https:\/\/www.kolibica.com\/sk\/wp-json\/wp\/v2\/types\/product"}],"wp:featuredmedia":[{"embeddable":true,"href":"https:\/\/www.kolibica.com\/sk\/wp-json\/wp\/v2\/media\/87925"}],"wp:attachment":[{"href":"https:\/\/www.kolibica.com\/sk\/wp-json\/wp\/v2\/media?parent=87932"}],"wp:term":[{"taxonomy":"product_brand","embeddable":true,"href":"https:\/\/www.kolibica.com\/sk\/wp-json\/wp\/v2\/product_brand?post=87932"},{"taxonomy":"product_cat","embeddable":true,"href":"https:\/\/www.kolibica.com\/sk\/wp-json\/wp\/v2\/product_cat?post=87932"},{"taxonomy":"product_tag","embeddable":true,"href":"https:\/\/www.kolibica.com\/sk\/wp-json\/wp\/v2\/product_tag?post=87932"}],"curies":[{"name":"wp","href":"https:\/\/api.w.org\/{rel}","templated":true}]}}