{"id":87916,"date":"2019-02-11T21:02:49","date_gmt":"2019-02-11T19:02:49","guid":{"rendered":"https:\/\/www.kolibica.com\/product\/drveno-bure-od-500-litara-sa-postoljem\/"},"modified":"2024-04-22T16:45:47","modified_gmt":"2024-04-22T14:45:47","slug":"drveno-bure-od-500-litara-sa-postoljem","status":"publish","type":"product","link":"https:\/\/www.kolibica.com\/sk\/produkt\/drveno-bure-od-500-litara-sa-postoljem\/","title":{"rendered":"Drveno bure od 500 litara sa postoljem"},"content":{"rendered":"<h3><strong>Drveno bure od 500 litara sa postoljem se proizvodi od <a title=\"Hrast kitnjak\" href=\"https:\/\/www.kolibica.com\/gradja-svojstva-i-upotrebljivost-domacih-vrsta-drveta\/\">hrasta kitnjaka<\/a>. Drvena burad mogu biti sa pocinkovanim ili crnim obru\u010dima.<br \/>\n<\/strong><\/h3>\n<h4>Ako ste spremni da podignete svoju proizvodnju vina i rakije na vi\u0161i nivo, na\u0161e hrastovo bure od 500 litara nudi savr\u0161enu kombinaciju funkcionalnosti i stila. Izra\u0111eno od najkvalitetnijeg <a title=\"Hrast kitnjak\" href=\"https:\/\/www.kolibica.com\/gradja-svojstva-i-upotrebljivost-domacih-vrsta-drveta\/\">hrasta kitnjaka<\/a>, ovo bure je dizajnirano da maksimalno pobolj\u0161a kvalitet va\u0161ih alkoholnih pi\u0107a, pru\u017eaju\u0107i im bogatu aromu i kompleksnost koja se ceni me\u0111u poznavateljima.<\/h4>\n<h3>Vrhunska izrada za superioran kvalitet<\/h3>\n<p><strong>Na\u0161e drveno hrastovo bure od 500 litara<\/strong> izra\u0111eno je kori\u0161\u0107enjem metoda koje osiguravaju dugotrajnost i estetsku privla\u010dnost. Odabir <a title=\"Hrast kitnjak\" href=\"https:\/\/www.kolibica.com\/gradja-svojstva-i-upotrebljivost-domacih-vrsta-drveta\/\"><strong>hrasta kitnjaka<\/strong><\/a> za izradu ovih buradi nije slu\u010dajan; ovaj materijal je poznat po svojoj \u010dvrstini i sposobnosti da sazrevaju\u0107em pi\u0107u doda nijanse vanile, za\u010dina, i dimljenih nota. Svako bure je precizno oblikovano i ru\u010dno zavr\u0161eno kako bi se osiguralo da svaki detalj doprinosi kako funkcionalnosti, tako i izgledu.<\/p>\n<h3>Kapacitet koji podsti\u010de rast<\/h3>\n<h4>Sa kapacitetom od 500 litara, na\u0161a burad pru\u017eaju idealne uslove za proizvodnju ve\u0107ih koli\u010dina pi\u0107a, \u010dine\u0107i va\u0161 proizvodni proces efikasnijim i profitabilnijim. Ova veli\u010dina je savr\u0161ena za vinarije i destilerije koje planiraju da pro\u0161ire svoje tr\u017ei\u0161te ili \u017eele da eksperimenti\u0161u sa novim, slo\u017eenijim receptima. Ve\u0107i volumen tako\u0111e omogu\u0107ava konzistentnije uslove zrenja, \u0161to je klju\u010dno za odr\u017eavanje kvaliteta kroz razli\u010dite serije proizvoda.<\/h4>\n<h3>Optimalna mikro-oksigenacija za izuzetno vino i rakiju<\/h3>\n<p><strong>Hrastovo bure od 500 litara<\/strong> specifi\u010dno je dizajnirano da omogu\u0107ava idealnu mikro-oksigenaciju, klju\u010dni proces koji pi\u0107ima dopu\u0161ta da &#8222;di\u0161u&#8220;. Ova kontrolisana izlo\u017eenost kiseoniku omogu\u0107ava razvoj tanina i aromati\u010dnih kompleksa koji pi\u0107ima daju jedinstveni karakter i dubinu.<\/p>\n<h3>Elegancija koja privla\u010di pa\u017enju<\/h3>\n<p>Ne samo da na\u0161a burad pobolj\u0161avaju kvalitet pi\u0107a, ona tako\u0111e slu\u017ee kao impresivan dekorativni element u svakom prostoru. Njihov klasi\u010dan dizajn i bogata tekstura drveta dodaju notu sofisticiranosti i luksuza va\u0161oj vinariji ili destileriji, \u010dine\u0107i svaku posetu i degustaciju nezaboravnim iskustvom.<\/p>\n<h3><a title=\"Kontaktirajte nas\" href=\"https:\/\/www.kolibica.com\/kontakt\/\">Kontaktirajte nas danas<\/a> da saznate vi\u0161e o na\u0161im proizvodima i kako oni mogu pomo\u0107i u transformaciji va\u0161eg poslovanja<\/h3>\n<h4><strong>Da biste smanjili efekat tanina iz drvenog bureta, trebalo bi da uradite slede\u0107e:<\/strong><\/h4>\n<p><strong>Drvo\u00a0<a title=\"Hrast kitnjak\" href=\"https:\/\/www.kolibica.com\/gradja-svojstva-i-upotrebljivost-domacih-vrsta-drveta\/\">hrasta<\/a><\/strong>\u00a0ima mo\u0107 transformisanja ukusa va\u0161ih omiljenih pi\u0107a, ali postoji na\u010din da maksimalno iskoristite ovu mo\u0107. Evo kako mo\u017eete smanjiti efekat tanina na va\u0161a pi\u0107a:<\/p>\n<p><strong>Inicijalno ispiranje:<\/strong> Sipajte u bure oko 20 litara vode i ostavite ga da stoji uspravno. Nakon 12 \u010dasova ga mo\u017eete okrenuti na drugu stranu i ostaviti u uspravnom polo\u017eaju jo\u0161 najmanje 12 sati.<\/p>\n<p><strong>Nastavak ispiranja:<\/strong>\u00a0Postavite bure polo\u017eeno na postolje i napunite ga do vrha hladnom vodom i dozvolite da temperatura vode postigne sobnu temperaturu pre ispu\u0161tanja vode iz bureta. Ponavljajte ovaj korak dok voda ne postane potpuno \u010dista.<\/p>\n<p>Ovaj proces osigurava da tanin iz hrasta ne naru\u0161ava kompleksnost ukusa va\u0161ih pi\u0107a, ve\u0107 doprinosi njihovom finom balansu i bogatstvu aroma.<\/p>\n<p>Ukoliko \u017eelite jo\u0161 ni\u017ei nivo tanina, ponovite ispiranje hladnom vodom vi\u0161e puta. Va\u017eno je napomenuti da postoji mogu\u0107nost da sasvim novo bure curi u po\u010detku, \u010dak i prvih par dana. To je sasvim normalno, jer se tokom punjenja duge \u0161ire i bolje prijanjaju jedna uz drugu i tako zaptivaju bure.<br \/>\nAko ostavite prazno bure, za nekoliko nedelja \u0107e duge ponovo po\u010deti da se skupljaju i u tom slu\u010daju bure morate ponovo napuniti hladnom vodom da bi se one ra\u0161irile. Kada punite bure vodom ne koristite \u010depove.<\/p>\n<h4>Ne dozvolite da va\u0161e konkurencija defini\u0161e standarde kvaliteta u industriji.<\/h4>\n<p>Odaberite va\u0161e <strong>hrastovo bure od 500 litara<\/strong> i postavite nove standarde u proizvodnji alkoholnih pi\u0107a.<\/p>\n<h4><a title=\"Kontaktirajte nas\" href=\"https:\/\/www.kolibica.com\/kontakt\/\">Naru\u010dite svoje bure i uverite se u revolucionarni uticaj koji kvalitetno burad mo\u017ee imati na va\u0161a pi\u0107a.<\/a><\/h4>\n<h4>Investirajte u najbolje za va\u0161e pi\u0107e; investirajte u va\u0161u hrastovu burad od 500 litara.<\/h4>\n","protected":false},"excerpt":{"rendered":"<p>Drveno bure od 500 litara sa postoljem se proizvodi od  [&#8230;]<\/p>\n","protected":false},"featured_media":87796,"template":"","meta":{"content-type":""},"product_brand":[],"product_cat":[251],"product_tag":[],"class_list":{"0":"post-87916","1":"product","2":"type-product","3":"status-publish","4":"has-post-thumbnail","6":"product_cat-drevene-sudy","8":"first","9":"instock","10":"featured","11":"shipping-taxable","12":"purchasable","13":"product-type-simple"},"aioseo_notices":[],"_links":{"self":[{"href":"https:\/\/www.kolibica.com\/sk\/wp-json\/wp\/v2\/product\/87916","targetHints":{"allow":["GET"]}}],"collection":[{"href":"https:\/\/www.kolibica.com\/sk\/wp-json\/wp\/v2\/product"}],"about":[{"href":"https:\/\/www.kolibica.com\/sk\/wp-json\/wp\/v2\/types\/product"}],"wp:featuredmedia":[{"embeddable":true,"href":"https:\/\/www.kolibica.com\/sk\/wp-json\/wp\/v2\/media\/87796"}],"wp:attachment":[{"href":"https:\/\/www.kolibica.com\/sk\/wp-json\/wp\/v2\/media?parent=87916"}],"wp:term":[{"taxonomy":"product_brand","embeddable":true,"href":"https:\/\/www.kolibica.com\/sk\/wp-json\/wp\/v2\/product_brand?post=87916"},{"taxonomy":"product_cat","embeddable":true,"href":"https:\/\/www.kolibica.com\/sk\/wp-json\/wp\/v2\/product_cat?post=87916"},{"taxonomy":"product_tag","embeddable":true,"href":"https:\/\/www.kolibica.com\/sk\/wp-json\/wp\/v2\/product_tag?post=87916"}],"curies":[{"name":"wp","href":"https:\/\/api.w.org\/{rel}","templated":true}]}}