{"id":87896,"date":"2019-02-11T21:02:30","date_gmt":"2019-02-11T19:02:30","guid":{"rendered":"https:\/\/www.kolibica.com\/product\/drveno-bure-od-350-litara-sa-postoljem\/"},"modified":"2024-04-22T16:28:28","modified_gmt":"2024-04-22T14:28:28","slug":"drveno-bure-od-350-litara-sa-postoljem","status":"publish","type":"product","link":"https:\/\/www.kolibica.com\/sk\/produkt\/drveno-bure-od-350-litara-sa-postoljem\/","title":{"rendered":"Drveno bure od 350 litara sa postoljem"},"content":{"rendered":"<h3><strong>Drveno bure od 350 litara sa postoljem se proizvodi od <a title=\"Hrast kitnjak\" href=\"\/?p=1022\">hrasta kitnjaka<\/a>. Drvena burad mogu biti sa pocinkovanim ili crnim obru\u010dima.<\/strong><\/h3>\n<h4>Ako tra\u017eite na\u010din da unapredite kvalitet i prezentaciju va\u0161ih vina i rakija, na\u0161e hrastovo bure od 350 litara je savr\u0161en izbor za vas. Izra\u0111eno od izuzetno kvalitetnog <a title=\"Hrast kitnjak\" href=\"https:\/\/www.kolibica.com\/gradja-svojstva-i-upotrebljivost-domacih-vrsta-drveta\/\">hrasta kitnjaka<\/a>, ovo robusno i efikasno bure pru\u017ea optimalne uslove za zrenje va\u0161ih alkoholnih pi\u0107a, dodaju\u0107i im karakteristike koje se tra\u017ee na sofisticiranom tr\u017ei\u0161tu premium pi\u0107a.<\/h4>\n<h3>Vrhunski kvalitet i dugotrajnost<\/h3>\n<p><strong>Na\u0161e drveno bure od 350 litara<\/strong> se izra\u0111uje kori\u0161\u0107enjem samo najboljeg <a title=\"Hrast kitnjak\" href=\"https:\/\/www.kolibica.com\/gradja-svojstva-i-upotrebljivost-domacih-vrsta-drveta\/\"><strong>hrasta kitnjaka<\/strong><\/a>, poznatog po svojim izvanrednim prirodnim osobinama koje promovi\u0161u zdravo starenje pi\u0107a. Obrada hrasta i precizna izrada osiguravaju da svako bure ne samo da izgleda impresivno, ve\u0107 i da slu\u017ei dugi niz godina, \u010dime se maksimizira va\u0161a investicija.<\/p>\n<h3>Ve\u0107i kapacitet za ve\u0107e mogu\u0107nosti<\/h3>\n<p><strong>Kapacitet od 350 litara<\/strong> omogu\u0107ava proizvodnju ve\u0107ih koli\u010dina vina i rakije, \u0161to je idealno za vinarije i destilerije koje te\u017ee \u0161irenju ili \u017eele da optimizuju svoje operacije. Ve\u0107i volumen omogu\u0107ava bolju kontrolu temperature i fermentacije, \u0161to je klju\u010dno za o\u010duvanje konzistentnosti i kvaliteta pi\u0107a tokom starenja.<\/p>\n<h3>Idealna mikro-oksigenacija<\/h3>\n<p>Precizno kontrolisana mikro-oksigenacija koju omogu\u0107ava hrastovo drvo klju\u010dna je za razvoj tanina i aroma koji oboga\u0107uju pi\u0107e. Na\u0161a burad od 350 litara omogu\u0107ava pi\u0107ima da &#8222;di\u0161u&#8220; na prirodno kontrolisan na\u010din, \u0161to dovodi do postepenog i ujedna\u010denog razvoja slo\u017eenih okusa i aromatskih profila.<\/p>\n<h3>Elegantan dodatak vinskog podruma<\/h3>\n<p>Estetski, na\u0161e burad od 350 litara je bez premca. Klasi\u010dan dizajn i izuzetna zavr\u0161na obrada \u010dine svako bure vizuelno atraktivnim, idealnim za izlaganje u degustacionim salama ili kao centralni deo ture kroz vinariju. Ovo ne samo da pobolj\u0161ava izgled va\u0161eg prostora, ve\u0107 i pove\u0107ava interesovanje i zadovoljstvo posetilaca.<\/p>\n<h3><a title=\"Kontaktirajte nas\" href=\"https:\/\/www.kolibica.com\/kontakt\/\">Kontaktirajte nas danas<\/a> da biste saznali vi\u0161e o na\u0161im proizvodima i kako oni mogu unaprediti va\u0161e poslovanje.<\/h3>\n<h3><\/h3>\n<h3>Kako pripremiti drveno bure za sipanje vina ili destilata?<\/h3>\n<p><strong>Drvo\u00a0<a title=\"Hrast kitnjak\" href=\"https:\/\/www.kolibica.com\/gradja-svojstva-i-upotrebljivost-domacih-vrsta-drveta\/\">hrasta<\/a><\/strong>\u00a0ima mo\u0107 transformisanja ukusa va\u0161ih omiljenih pi\u0107a, ali postoji na\u010din da maksimalno iskoristite ovu mo\u0107. Evo kako mo\u017eete smanjiti efekat tanina na va\u0161a pi\u0107a:<\/p>\n<p><strong>Inicijalno ispiranje:<\/strong> Sipajte u bure oko 20 litara vode i ostavite ga da stoji uspravno. Nakon 12 \u010dasova ga mo\u017eete okrenuti na drugu stranu i ostaviti u uspravnom polo\u017eaju jo\u0161 najmanje 12 sati.<\/p>\n<p><strong>Nastavak ispiranja:<\/strong>\u00a0Postavite bure polo\u017eeno na postolje i napunite ga do vrha hladnom vodom i dozvolite da temperatura vode postigne sobnu temperaturu pre ispu\u0161tanja vode iz bureta. Ponavljajte ovaj korak dok voda ne postane potpuno \u010dista.<\/p>\n<p>Ovaj proces osigurava da tanin iz hrasta ne naru\u0161ava kompleksnost ukusa va\u0161ih pi\u0107a, ve\u0107 doprinosi njihovom finom balansu i bogatstvu aroma.<\/p>\n<p>Na ovaj na\u010din \u0107e se nivo tanina iz hrasta smanjiti i ima\u0107e manji efekat na alkoholna pi\u0107a koja budete dr\u017eali u buretu.<br \/>\nUkoliko \u017eelite jo\u0161 ni\u017ei nivo tanina, ponovite ispiranje hladnom vodom vi\u0161e puta. Va\u017eno je napomenuti da postoji mogu\u0107nost da sasvim novo bure curi u po\u010detku, \u010dak i prvih par dana. To je sasvim normalno, jer se tokom punjenja duge \u0161ire i bolje prijanjaju jedna uz drugu i tako zaptivaju bure.<br \/>\nAko ostavite prazno bure, za nekoliko nedelja \u0107e duge ponovo po\u010deti da se skupljaju i u tom slu\u010daju bure morate ponovo napuniti hladnom vodom da bi se one ra\u0161irile. Kada punite bure vodom ne koristite \u010depove.<\/p>\n<p>&nbsp;<\/p>\n<h4>Ne \u010dekajte da va\u0161a konkurencija zadobije prednost\u2014ulaganjem u va\u0161e hrastovo bure od 350 litara, osigura\u0107ete da va\u0161a pi\u0107a dostignu i odr\u017ee najvi\u0161i mogu\u0107i standard.<\/h4>\n<p><a title=\"Kontaktirajte nas\" href=\"https:\/\/www.kolibica.com\/kontakt\/\">Naru\u010dite svoje bure<\/a> i budite spremni da do\u017eivite revoluciju u kvalitetu i prezentaciji va\u0161ih vina i rakija.<\/p>\n<h4>Va\u0161a investicija u burad nije samo investicija u proizvod, ve\u0107 u budu\u0107nost va\u0161eg poslovanja.<\/h4>\n","protected":false},"excerpt":{"rendered":"<p>Drveno bure od 350 litara sa postoljem se proizvodi od  [&#8230;]<\/p>\n","protected":false},"featured_media":87796,"template":"","meta":{"content-type":""},"product_brand":[],"product_cat":[251],"product_tag":[],"class_list":{"0":"post-87896","1":"product","2":"type-product","3":"status-publish","4":"has-post-thumbnail","6":"product_cat-drevene-sudy","8":"first","9":"instock","10":"featured","11":"shipping-taxable","12":"purchasable","13":"product-type-simple"},"aioseo_notices":[],"_links":{"self":[{"href":"https:\/\/www.kolibica.com\/sk\/wp-json\/wp\/v2\/product\/87896","targetHints":{"allow":["GET"]}}],"collection":[{"href":"https:\/\/www.kolibica.com\/sk\/wp-json\/wp\/v2\/product"}],"about":[{"href":"https:\/\/www.kolibica.com\/sk\/wp-json\/wp\/v2\/types\/product"}],"wp:featuredmedia":[{"embeddable":true,"href":"https:\/\/www.kolibica.com\/sk\/wp-json\/wp\/v2\/media\/87796"}],"wp:attachment":[{"href":"https:\/\/www.kolibica.com\/sk\/wp-json\/wp\/v2\/media?parent=87896"}],"wp:term":[{"taxonomy":"product_brand","embeddable":true,"href":"https:\/\/www.kolibica.com\/sk\/wp-json\/wp\/v2\/product_brand?post=87896"},{"taxonomy":"product_cat","embeddable":true,"href":"https:\/\/www.kolibica.com\/sk\/wp-json\/wp\/v2\/product_cat?post=87896"},{"taxonomy":"product_tag","embeddable":true,"href":"https:\/\/www.kolibica.com\/sk\/wp-json\/wp\/v2\/product_tag?post=87896"}],"curies":[{"name":"wp","href":"https:\/\/api.w.org\/{rel}","templated":true}]}}