{"id":87864,"date":"2019-02-11T21:01:11","date_gmt":"2019-02-11T19:01:11","guid":{"rendered":"https:\/\/www.kolibica.com\/product\/drveno-bure-od-150-litara-sa-postoljem\/"},"modified":"2024-04-22T15:46:55","modified_gmt":"2024-04-22T13:46:55","slug":"drveno-bure-od-150-litara-sa-postoljem","status":"publish","type":"product","link":"https:\/\/www.kolibica.com\/sk\/produkt\/drveno-bure-od-150-litara-sa-postoljem\/","title":{"rendered":"Drveno bure od 150 litara sa postoljem"},"content":{"rendered":"<h3><strong>Drveno bure od 150 litara sa postoljem se proizvodi od <a title=\"Hrast kitnjak\" href=\"https:\/\/www.kolibica.com\/gradja-svojstva-i-upotrebljivost-domacih-vrsta-drveta\/\">hrasta kitnjaka<\/a>. Drvena burad mogu biti sa pocinkovanim ili crnim obru\u010dima.<\/strong><\/h3>\n<p>Kada se radi o skladi\u0161tenju i zrenju vrhunskih alkoholnih pi\u0107a, izbor pravog buradi igra klju\u010dnu ulogu u finalnom kvalitetu i ukusu. Na\u0161e <strong>hrastovo drveno bure od 150 litara<\/strong>, sa elegantnim postoljem, nije samo funkcionalno re\u0161enje za va\u0161u vinariju ili destileriju, ve\u0107 i zna\u010dajan estetski dodatak koji poja\u010dava ukupni do\u017eivljaj va\u0161eg proizvodnog prostora. Izra\u0111eno od najfinijeg <a title=\"Hrast kitnjak\" href=\"https:\/\/www.kolibica.com\/gradja-svojstva-i-upotrebljivost-domacih-vrsta-drveta\/\"><strong>hrasta kitnjaka<\/strong><\/a>, ovo bure je dizajnirano da zadovolji i najzahtevnije standarde proizvo\u0111a\u010da i potro\u0161a\u010da.<\/p>\n<h3>Inovativni dizajn i superiorna izrada<\/h3>\n<p>Svako na\u0161e <strong>bure od 150 litara<\/strong> sa postoljem izra\u0111eno je koriste\u0107i <strong>tradicionalne metode obrade hrasta<\/strong>, \u0161to garantuje ne samo dugove\u010dnost ve\u0107 i otpornost na promene koje dolaze sa godinama upotrebe. <strong>Postolje dodaje stabilnost i olak\u0161ava manipulaciju buretom<\/strong>, omogu\u0107avaju\u0107i lako preme\u0161tanje unutar proizvodnog prostora. Tako\u0111e, visina postolja je prilago\u0111ena tako da olak\u0161ava sprovo\u0111enje svih radnji, od uzorkovanja do punjenja buradi.<\/p>\n<h3>Optimalna mikro-oksigenacija i aromatizacija<\/h3>\n<p><strong>Hrast kitnjak<\/strong> je idealan izbor za zrenje alkohola zbog svoje prirodne sposobnosti da kontrolisano otpu\u0161ta tanine u pi\u0107e, \u0161to rezultira bogatijim, slo\u017eenijim ukusom. Ve\u0107i kapacitet na\u0161e <strong>buradi od 150 litara<\/strong> tako\u0111e poma\u017ee u stvaranju boljeg balansa izme\u0111u vina ili rakije i <strong>hrastovih tanina<\/strong>, omogu\u0107avaju\u0107i suptilniju integraciju drvenih nota u pi\u0107e. Ovo je klju\u010dno za proizvodnju pi\u0107a koja \u0107e biti dobro prihva\u0107ena na tr\u017ei\u0161tu i hvaljena od strane kriti\u010dara.<\/p>\n<p>&nbsp;<\/p>\n<h3>Estetika koja privla\u010di<\/h3>\n<h4><strong>Ne samo da na\u0161e drveno bure funkcionalno doprinosi kvalitetu va\u0161ih pi\u0107a, ve\u0107 \u0107e njegov elegantan i klasi\u010dan izgled u\u010diniti va\u0161u vinariju ili destileriju vizuelno privla\u010dnijom za posete i ture.<\/strong><\/h4>\n<p>Investicija u estetiku je investicija u brending va\u0161eg poslovanja, a prezentacija va\u0161ih proizvodnih kapaciteta kroz visokokvalitetnu burad mo\u017ee zna\u010dajno pobolj\u0161ati percepciju va\u0161e robne marke.<\/p>\n<p>Ne dozvolite da va\u0161a konkurencija preuzme inicijativu u industriji. Ulaganjem u na\u0161e <strong>bure od 150 litara sa postoljem<\/strong>, ne samo da \u0107ete pobolj\u0161ati kvalitet i prezentaciju va\u0161ih pi\u0107a, ve\u0107 \u0107ete tako\u0111e postaviti novi standard u proizvodnji.<\/p>\n<p><a title=\"Kontaktirajte nas\" href=\"https:\/\/www.kolibica.com\/kontakt\/\"><strong>Kontaktirajte nas danas<\/strong><\/a> da biste saznali vi\u0161e o na\u0161im proizvodima i kako oni mogu da pomognu u unapre\u0111enju va\u0161eg poslovanja. Uverite se sami za\u0161to su na\u0161a burad izbor vrhunskih proizvo\u0111a\u010da \u0161irom sveta.<\/p>\n<h3>Priprema hrastovog bureta<\/h3>\n<p><strong>Drvo\u00a0<a title=\"Hrast kitnjak\" href=\"https:\/\/www.kolibica.com\/gradja-svojstva-i-upotrebljivost-domacih-vrsta-drveta\/\">hrasta<\/a><\/strong>\u00a0ima mo\u0107 transformisanja ukusa va\u0161ih omiljenih pi\u0107a, ali postoji na\u010din da maksimalno iskoristite ovu mo\u0107. Evo kako mo\u017eete smanjiti efekat tanina na va\u0161a pi\u0107a:<\/p>\n<p><strong>Inicijalno ispiranje:<\/strong>\u00a0Sipajte u bure oko 20 litara vode i ostavite ga da stoji uspravno. Nakon 12 \u010dasova ga mo\u017eete okrenuti na drugu stranu i ostaviti u spravnom polo\u017eaju jo\u0161 najmanje 12 sati.<\/p>\n<p><strong>Nastavak ispiranja:<\/strong>\u00a0Postavite bure polo\u017eeno na postolje i napunite ga do vrha hladnom vodom i dozvolite da temperatura vode postigne sobnu temperaturu pre ispu\u0161tanja vode iz bureta. Ponavljajte ovaj korak dok voda ne postane potpuno \u010dista.<\/p>\n<p>Ovaj proces osigurava da tanin iz hrasta ne naru\u0161ava kompleksnost ukusa va\u0161ih pi\u0107a, ve\u0107 doprinosi njihovom finom balansu i bogatstvu aroma.<\/p>\n<p>Na ovaj na\u010din \u0107e se nivo tanina iz hrasta smanjiti i ima\u0107e manji efekat na alkoholna pi\u0107a koja budete dr\u017eali u buretu.<br \/>\nUkoliko \u017eelite jo\u0161 ni\u017ei nivo tanina, ponovite ispiranje hladnom vodom vi\u0161e puta. Va\u017eno je napomenuti da postoji mogu\u0107nost da sasvim novo bure curi u po\u010detku, \u010dak i prvih par dana. To je sasvim normalno, jer se tokom punjenja duge \u0161ire i bolje prijanjaju jedna uz drugu i tako zaptivaju bure.<br \/>\nAko ostavite prazno bure, za nekoliko nedelja \u0107e duge ponovo po\u010deti da se skupljaju i u tom slu\u010daju bure morate ponovo napuniti hladnom vodom da bi se one ra\u0161irile. Kada punite bure vodom ne koristite \u010depove.<\/p>\n<p><a title=\"Kontaktirajte nas\" href=\"https:\/\/www.kolibica.com\/kontakt\/\"><strong>Naru\u010dite svoje bure od 150 litara sa postoljem<\/strong><\/a> i iskoristite priliku da budete lideri u proizvodnji vrhunskih alkoholnih pi\u0107a. Uz na\u0161a burad, svaka kap \u0107e pri\u010dati pri\u010du o kvalitetu i tradiciji.<\/p>\n","protected":false},"excerpt":{"rendered":"<p>Drveno bure od 150 litara sa postoljem se proizvodi od  [&#8230;]<\/p>\n","protected":false},"featured_media":87796,"template":"","meta":{"content-type":""},"product_brand":[],"product_cat":[251],"product_tag":[],"class_list":{"0":"post-87864","1":"product","2":"type-product","3":"status-publish","4":"has-post-thumbnail","6":"product_cat-drevene-sudy","8":"first","9":"instock","10":"featured","11":"shipping-taxable","12":"purchasable","13":"product-type-simple"},"aioseo_notices":[],"_links":{"self":[{"href":"https:\/\/www.kolibica.com\/sk\/wp-json\/wp\/v2\/product\/87864","targetHints":{"allow":["GET"]}}],"collection":[{"href":"https:\/\/www.kolibica.com\/sk\/wp-json\/wp\/v2\/product"}],"about":[{"href":"https:\/\/www.kolibica.com\/sk\/wp-json\/wp\/v2\/types\/product"}],"wp:featuredmedia":[{"embeddable":true,"href":"https:\/\/www.kolibica.com\/sk\/wp-json\/wp\/v2\/media\/87796"}],"wp:attachment":[{"href":"https:\/\/www.kolibica.com\/sk\/wp-json\/wp\/v2\/media?parent=87864"}],"wp:term":[{"taxonomy":"product_brand","embeddable":true,"href":"https:\/\/www.kolibica.com\/sk\/wp-json\/wp\/v2\/product_brand?post=87864"},{"taxonomy":"product_cat","embeddable":true,"href":"https:\/\/www.kolibica.com\/sk\/wp-json\/wp\/v2\/product_cat?post=87864"},{"taxonomy":"product_tag","embeddable":true,"href":"https:\/\/www.kolibica.com\/sk\/wp-json\/wp\/v2\/product_tag?post=87864"}],"curies":[{"name":"wp","href":"https:\/\/api.w.org\/{rel}","templated":true}]}}