{"id":87722,"date":"2019-02-11T20:52:36","date_gmt":"2019-02-11T18:52:36","guid":{"rendered":"https:\/\/www.kolibica.com\/product\/drveno-bure-od-10-litara-sa-postoljem-i-slavinom\/"},"modified":"2025-03-20T11:34:06","modified_gmt":"2025-03-20T09:34:06","slug":"drveno-bure-od-10-litara-sa-postoljem-i-slavinom","status":"publish","type":"product","link":"https:\/\/www.kolibica.com\/sk\/produkt\/drveno-bure-od-10-litara-sa-postoljem-i-slavinom\/","title":{"rendered":"Drveno bure od 10 litara sa postoljem i slavinom"},"content":{"rendered":"<p><strong>Drveno bure od 10 litara sa postoljem se proizvodi od hrasta kitnjaka. &#8211; Drvena burad mogu biti sa pocinkovanim ili crnim obru\u010dima.<\/strong><\/p>\n<h3>Da li tra\u017eite visokokvalitetno drveno bure za va\u0161 dom ili posao?<\/h3>\n<h4>Ne tra\u017eite dalje! Na\u0161a drvena burad se prave samo od najkvalitetnijeg hrasta KITNjAKA i ne sadr\u017ee beljiku i \u010dvorove. \u0160ine koje se koriste u proizvodnji ovih buradi su crne ili pocinkovane, a po zahtevu bure mo\u017ee biti izra\u0111eno od mesinganih ili hromiranih \u0161ina. Mala burad, od 1 do 10 litara, izra\u0111uju se od rezanih duga koje nisu savijene na vatri, debljine oko 20 mm po celoj du\u017eini i pocinkovane \u0161ine debljine 1,5 mm, \u0161irine 20 mm. Drvo koje se koristi u proizvodnji ovih buradi se su\u0161i do 2 godine u prirodnim uslovima. Burad mogu biti lakirana, dodatno nagorela iznutra.<\/h4>\n<h4>KARAKTERISTIKE:<br \/>\n\ud83c\udf33 Visok kvalitet: Na\u0161a drvena burad su napravljena od hrasta KITNjAKA ne sadr\u017ee beljiku i \u010dvorove.<br \/>\n\ud83d\udd29 Prilagodljivo: Bure se mo\u017ee napraviti sa crnim, pocinkovanim, mesinganim ili hromiranim \u0161inama.<br \/>\n\ud83d\udd28 Izdr\u017eljiv: Mala burad, od 1 do 10 litara, prave se od rezanih duga koje nisu savijene na vatri, debljine oko 20 mm po celoj du\u017eini i pocinkovane \u0161ine debljine 1,5 mm i \u0161irine 20 mm.<\/h4>\n<p>SPECIFIKACIJE:<br \/>\n\u2013 Hrastov materijal<br \/>\n\u2013 Materijal za \u0161ine<br \/>\n\u2013 Veli\u010dina bureta &#8211; 10 litara<\/p>\n<p>KAKO TO RADI:<\/p>\n<p><strong>Da biste smanjili efekat tanina iz drvenog bureta, trebalo bi da uradite slede\u0107e:<\/strong><\/p>\n<p>1. Napunite bure vrelom vodom, pustite da se voda ohladi, pa ispraznite bure.<br \/>\n2. Ponovo napunite bure, ovoga puta hladnom vodom, pustite da se temperatura vode popne do nivoa sobne temperature i ponovo ispraznite bure.<br \/>\n3. Primeti\u0107ete da prilikom prvih nekoliko ispiranja iz bureta izlazi voda crne ili mrke boje. Zato morate da napunite bure jo\u0161 nekoliko puta, dok ne po\u010dne da iz njega izlazi \u010dista voda.<br \/>\nNa ovaj na\u010din \u0107e se nivo tanina iz hrasta smanjiti i ima\u0107e manji efekat na alkoholna pi\u0107a koja budete dr\u017eali u buretu.<br \/>\nUkoliko \u017eelite jo\u0161 ni\u017ei nivo tanina, ponovite ispiranje hladnom vodom vi\u0161e puta. Va\u017eno je napomenuti da postoji mogu\u0107nost da sasvim novo bure curi u po\u010detku, \u010dak i prvih par dana. To je sasvim normalno, jer se tokom punjenja duge \u0161ire i bolje prijanjaju jedna uz drugu i tako zaptivaju bure.<br \/>\nAko ostavite prazno bure, za nekoliko nedelja \u0107e duge ponovo po\u010deti da se skupljaju i u tom slu\u010daju bure morate ponovo napuniti hladnom vodom da bi se one ra\u0161irile. Kada punite bure vodom ne koristite \u010depove.<\/p>\n<p>\u010cESTO POSTAVLJANA PITANJA:<br \/>\nP: Koja vrsta drveta se koristi u proizvodnji ovih buradi?<br \/>\nO: Na\u0161a drvena burad se prave samo od najkvalitetnijeg\u00a0<a title=\"Tehni\u010dke osobine hrasta\" href=\"https:\/\/www.kolibica.com\/sk\/gradja-svojstva-i-upotrebljivost-domacih-vrsta-drveta\/\">hrasta KITNjAKA<\/a>.<\/p>\n<p>P: Koliko je debela \u0161ina?<br \/>\nO: Pocinkovana \u0161ina je debljine 1,5 mm i \u0161irine 20 mm.<\/p>\n<p>&nbsp;<\/p>\n<p><strong>Drvena burad mogu biti izra\u0111ena sa logotipom va\u0161e firme.<\/strong>\u00a0Cena graviranja se odre\u0111uje prema vremenu potrebnom za izradu gravure i obi\u010dno iznosi oko 5 Eura po komadu. <strong>Ukrasna burad od 1 do 10 litara se isporu\u010duju sa postoljem i slavinom.<\/strong><\/p>\n<p>Na\u0161a drvena burad od hrasta kitnjaka simbol su tradicije i majstorstva. Ne dozvolite da va\u0161a rakija sazreva u bilo \u010demu manjem od najboljeg. U\u010dinite prvi korak ka preobra\u017eaju va\u0161eg pi\u0107a i pobolj\u0161anju va\u0161e kolekcije \u2014\u00a0<strong>poru\u010dite svoje bure danas!<\/strong><\/p>\n<p><strong><a title=\"Kontaktirajte nas\" href=\"https:\/\/www.kolibica.com\/sk\/kontakt\/\">Kliknite ovde da poru\u010dite svoje hrastovo bure!<\/a><\/strong><\/p>\n<p>&nbsp;<\/p>\n","protected":false},"excerpt":{"rendered":"<p>Drveno bure od 10 litara sa postoljem se proizvodi od  [&#8230;]<\/p>\n","protected":false},"featured_media":87704,"template":"","meta":{"content-type":""},"product_brand":[],"product_cat":[251],"product_tag":[],"class_list":{"0":"post-87722","1":"product","2":"type-product","3":"status-publish","4":"has-post-thumbnail","6":"product_cat-drevene-sudy","8":"first","9":"instock","10":"featured","11":"shipping-taxable","12":"purchasable","13":"product-type-simple"},"aioseo_notices":[],"_links":{"self":[{"href":"https:\/\/www.kolibica.com\/sk\/wp-json\/wp\/v2\/product\/87722","targetHints":{"allow":["GET"]}}],"collection":[{"href":"https:\/\/www.kolibica.com\/sk\/wp-json\/wp\/v2\/product"}],"about":[{"href":"https:\/\/www.kolibica.com\/sk\/wp-json\/wp\/v2\/types\/product"}],"wp:featuredmedia":[{"embeddable":true,"href":"https:\/\/www.kolibica.com\/sk\/wp-json\/wp\/v2\/media\/87704"}],"wp:attachment":[{"href":"https:\/\/www.kolibica.com\/sk\/wp-json\/wp\/v2\/media?parent=87722"}],"wp:term":[{"taxonomy":"product_brand","embeddable":true,"href":"https:\/\/www.kolibica.com\/sk\/wp-json\/wp\/v2\/product_brand?post=87722"},{"taxonomy":"product_cat","embeddable":true,"href":"https:\/\/www.kolibica.com\/sk\/wp-json\/wp\/v2\/product_cat?post=87722"},{"taxonomy":"product_tag","embeddable":true,"href":"https:\/\/www.kolibica.com\/sk\/wp-json\/wp\/v2\/product_tag?post=87722"}],"curies":[{"name":"wp","href":"https:\/\/api.w.org\/{rel}","templated":true}]}}