{"id":87692,"date":"2019-06-16T16:41:52","date_gmt":"2019-06-16T14:41:52","guid":{"rendered":"https:\/\/www.kolibica.com\/product\/gajba-za-voce-jednoredna-50x30x12-cm\/"},"modified":"2024-04-23T11:42:38","modified_gmt":"2024-04-23T09:42:38","slug":"gajba-za-voce-jednoredna-50x30x12-cm","status":"publish","type":"product","link":"https:\/\/www.kolibica.com\/sk\/produkt\/gajba-za-voce-jednoredna-50x30x12-cm\/","title":{"rendered":"Gajba za vo\u0107e jednoredna 50x30x12 cm"},"content":{"rendered":"<p><strong>Gajba za vo\u0107e jednoredna je proizvod za jednokratnu upotrebu.<\/strong><\/p>\n<p><strong>Drvene gajbe za vo\u0107e i povr\u0107e<\/strong> &#8211; Holandeze se proizvode u vi\u0161e veli\u010dina. Ova drvena ambala\u017ea je nezaobilazna kod pakovanja vo\u0107a &#8211; od jagoda do jabuka i kru\u0161aka, kao i povr\u0107a (paradajza, paprike, pa i zelene salate&#8230;)<\/p>\n<p><strong>Drvene gajbice<\/strong> su izra\u0111ene od kvalitetnog drveta topole, koje je veoma elasti\u010dno i \u017eilavo, pa gajbe mogu izdr\u017eati ve\u0107a optere\u0107enja.<\/p>\n<p><strong>Gajbe za vo\u0107e<\/strong> su ekolo\u0161ki prihvatljiv proizvod za ambala\u017eiranje vo\u0107a i povr\u0107a.<\/p>\n<p>Prema zahtevu klijenata, gajbe se mogu izra\u0111ivati i od drugih vrsta drveta, a na drvenim gajbicama postoji mogu\u0107nost u\u0161tampavanja imena firme.<\/p>\n<p><strong>Drvene gajbice<\/strong> su izra\u0111ene od kvalitetnog <a title=\"Topola\" href=\"https:\/\/www.kolibica.com\/gradja-svojstva-i-upotrebljivost-domacih-vrsta-drveta\/\"><strong>drveta topole<\/strong><\/a>, koje je veoma elasti\u010dno i \u017eilavo, pa gajbe mogu izdr\u017eati ve\u0107a optere\u0107enja.<\/p>\n<p><strong>Gajbe za vo\u0107e su ekolo\u0161ki prihvatljiv proizvod za ambala\u017eiranje vo\u0107a i povr\u0107a.<\/strong><\/p>\n<p><strong>Prema zahtevu klijenata, gajbe se mogu izra\u0111ivati i od drugih vrsta drveta, a na drvenim gajbicama postoji mogu\u0107nost u\u0161tampavanja imena firme.<\/strong><\/p>\n<p><strong>Jednoredne gajbe (50&#215;30 cm) &#8211; visina stubi\u0107a 15 cm, \u0161irina stranice 80-90 mm.<br \/>\nOve gajbe se naj\u010de\u0161\u0107e koriste za pakovanje paradajza. Minimalna koli\u010dina je 2000 komada.<\/strong><\/p>\n<p>U dana\u0161njem brzom svetu poljoprivredne proizvodnje i distribucije, jedan od klju\u010dnih faktora koji uti\u010de na sve\u017einu i kvalitet proizvoda do potro\u0161a\u010da jeste <strong>izbor ambala\u017ee<\/strong>. <strong>Kvalitetna ambala\u017ea<\/strong> ne samo da \u0161titi vo\u0107e i povr\u0107e tokom transporta, ve\u0107 i zna\u010dajno doprinosi o\u010duvanju njihove sve\u017eine. Na\u0161a nova gajba izra\u0111ena od <a href=\"https:\/\/www.kolibica.com\/gradja-svojstva-i-upotrebljivost-domacih-vrsta-drveta\/\"><strong>topole<\/strong><\/a> predstavlja idealno re\u0161enje za jednokratnu upotrebu, pru\u017eaju\u0107i izvanrednu funkcionalnost i ekolo\u0161ku odr\u017eivost.<\/p>\n<p><strong>Eko-Friendly izbor: Prednosti topole<\/strong><\/p>\n<p><a href=\"https:\/\/www.kolibica.com\/gradja-svojstva-i-upotrebljivost-domacih-vrsta-drveta\/\"><strong>Topola<\/strong><\/a> je poznata po svojoj lako\u0107i i izdr\u017eljivosti, \u0161to je \u010dini savr\u0161enim materijalom za izradu laganih, ali robusnih gajbi za transport vo\u0107a i povr\u0107a. Drvo <a title=\"Topola\" href=\"https:\/\/www.kolibica.com\/gradja-svojstva-i-upotrebljivost-domacih-vrsta-drveta\/\"><strong>topole<\/strong><\/a> se brzo obnavlja, \u0161to ga \u010dini odr\u017eivim izborom u industriji pakovanja. Kori\u0161\u0107enje topole tako\u0111e podr\u017eava lokalne \u0161umske industrije, doprinose\u0107i ekonomiji i odr\u017eavanju \u0161umskih resursa.<\/p>\n<p><strong>Dizajn i specifikacije proizvoda<\/strong><\/p>\n<p>Na\u0161e gajbe su dizajnirane sa posebnom pa\u017enjom na detalje. Dimenzije su prilago\u0111ene standardnim veli\u010dinama transportnih i skladi\u0161nih prostora, omogu\u0107avaju\u0107i optimalno iskori\u0161\u0107enje prostora u kamionima i magacinima. Svaka gajba ima dovoljno prostora za ventilaciju, \u0161to je klju\u010dno za odr\u017eavanje optimalne temperature i sve\u017eine proizvoda.<\/p>\n<p><strong>Jednokratna upotreba: Za\u0161to je to prednost?<\/strong><\/p>\n<p>Na\u0161a filozofija jednokratne upotrebe nije samo prakti\u010dna, ve\u0107 i higijenska. <strong>Koriste\u0107i gajbe namenjene za jednokratnu upotrebu, elimini\u0161emo rizik od kontaminacije koji mo\u017ee nastati ponovnim kori\u0161\u0107enjem ambala\u017ee.<\/strong> Ovo je posebno va\u017eno u industriji hrane, gde je sigurnost proizvoda na prvom mestu. <strong>Jednokratne gajbe<\/strong> se lako recikliraju, \u0161to smanjuje uticaj na okolinu i potrebu za \u010destim pranjem i dezinfekcijom vi\u0161ekratnih ambala\u017ea.<\/p>\n<p><strong>Kako topola uti\u010de na tro\u0161kove i efikasnost?<\/strong><\/p>\n<p>Iako se mo\u017ee pretpostaviti da jednokratna upotreba mo\u017ee pove\u0107ati tro\u0161kove, u stvarnosti, upotreba <a href=\"https:\/\/www.kolibica.com\/sk\/kategorija-proizvoda\/skrine-pre-ovocie-a-zeleninu\/\"><strong>gajbi od topole<\/strong><\/a> zapravo smanjuje ukupne operativne tro\u0161kove. Manja te\u017eina gajbi zna\u010dajno smanjuje tro\u0161kove transporta, a jednostavnost rukovanja \u0161tedi vreme i radnu snagu. Tako\u0111e, eliminacijom potrebe za vra\u0107anjem i odr\u017eavanjem vi\u0161ekratnih gajbi, smanjuju se logisti\u010dki i administrativni tro\u0161kovi.<\/p>\n<p><strong>Za\u0161to odabrati na\u0161u gajbu od topole?<\/strong><\/p>\n<p>Izbor na\u0161e <a href=\"https:\/\/www.kolibica.com\/sk\/kategorija-proizvoda\/skrine-pre-ovocie-a-zeleninu\/\"><strong>gajbe za vo\u0107e i povr\u0107e<\/strong><\/a> nije samo logisti\u010dka odluka, ve\u0107 i izbor koji pokazuje odgovornost prema okolini i zdravlju potro\u0161a\u010da. Kori\u0161\u0107enjem ekolo\u0161ki prihvatljivih materijala i podsticanjem recikliranja, va\u0161a kompanija mo\u017ee istaknuti svoju posve\u0107enost odr\u017eivosti i korporativnoj odgovornosti. Na\u0161 proizvod ne samo da osigurava sigurnost i sve\u017einu va\u0161ih proizvoda, ve\u0107 i promovi\u0161e zelenije poslovanje.<\/p>\n<p>Ako ste spremni da unapredite svoje poslovanje koriste\u0107i ekolo\u0161ki i ekonomski efikasna re\u0161enja za pakovanje va\u0161ih proizvoda, na\u0161a gajba od topole je pravi izbor za vas. <a title=\"Kontaktirajte nas\" href=\"https:\/\/www.kolibica.com\/kontakt\/\"><strong>Obratite se na\u0161em timu ve\u0107 danas<\/strong><\/a> i saznajte kako mo\u017eemo pomo\u0107i da va\u0161a logistika postane jednostavnija, bezbednija i odr\u017eivija. Ne propustite priliku da pobolj\u0161ate efikasnost va\u0161eg poslovanja i istovremeno doprinesete boljoj budu\u0107nosti na\u0161e planete.<\/p>\n<p><strong>Na\u0161a gajba od topole za jednokratnu upotrebu nije samo funkcionalna i prakti\u010dna, ve\u0107 i odgovoran izbor za svakog proizvo\u0111a\u010da i distributera vo\u0107a i povr\u0107a. Prilagodljiva, ekonomi\u010dna i ekolo\u0161ki odr\u017eiva, ova gajba je prava revolucija u pakovanju poljoprivrednih proizvoda. Investirajte u budu\u0107nost va\u0161eg poslovanja i planete odabirom gajbi koje poma\u017eu da se hrana transportuje sigurno, efikasno i odr\u017eivo.<\/strong><\/p>\n<p><strong>Jednoredne gajbe (50&#215;30 cm) &#8211; visina stubi\u0107a 12 cm, \u0161irina stranice 60-70 mm.<br \/>\n<\/strong><strong>Ove gajbe se naj\u010de\u0161\u0107e koriste za pakovanje pe\u010duraka. Minimalna koli\u010dina za isporuku je 3000 komada.<\/strong><\/p>\n<p><strong>\u00a0<\/strong><\/p>\n<p>&nbsp;<\/p>\n<p>.<\/p>\n<p>&nbsp;<\/p>\n","protected":false},"excerpt":{"rendered":"<p>Gajba za vo\u0107e jednoredna je proizvod za jednokratnu upotrebu. Drvene  [&#8230;]<\/p>\n","protected":false},"featured_media":87690,"template":"","meta":{"content-type":""},"product_brand":[],"product_cat":[250,256,266],"product_tag":[],"class_list":{"0":"post-87692","1":"product","2":"type-product","3":"status-publish","4":"has-post-thumbnail","6":"product_cat-drevena-obal","7":"product_cat-drevene-bedne","8":"product_cat-skrine-pre-ovocie-a-zeleninu","10":"first","11":"instock","12":"shipping-taxable","13":"purchasable","14":"product-type-simple"},"aioseo_notices":[],"_links":{"self":[{"href":"https:\/\/www.kolibica.com\/sk\/wp-json\/wp\/v2\/product\/87692","targetHints":{"allow":["GET"]}}],"collection":[{"href":"https:\/\/www.kolibica.com\/sk\/wp-json\/wp\/v2\/product"}],"about":[{"href":"https:\/\/www.kolibica.com\/sk\/wp-json\/wp\/v2\/types\/product"}],"wp:featuredmedia":[{"embeddable":true,"href":"https:\/\/www.kolibica.com\/sk\/wp-json\/wp\/v2\/media\/87690"}],"wp:attachment":[{"href":"https:\/\/www.kolibica.com\/sk\/wp-json\/wp\/v2\/media?parent=87692"}],"wp:term":[{"taxonomy":"product_brand","embeddable":true,"href":"https:\/\/www.kolibica.com\/sk\/wp-json\/wp\/v2\/product_brand?post=87692"},{"taxonomy":"product_cat","embeddable":true,"href":"https:\/\/www.kolibica.com\/sk\/wp-json\/wp\/v2\/product_cat?post=87692"},{"taxonomy":"product_tag","embeddable":true,"href":"https:\/\/www.kolibica.com\/sk\/wp-json\/wp\/v2\/product_tag?post=87692"}],"curies":[{"name":"wp","href":"https:\/\/api.w.org\/{rel}","templated":true}]}}