{"id":87300,"date":"2024-03-13T15:56:21","date_gmt":"2024-03-13T13:56:21","guid":{"rendered":"https:\/\/www.kolibica.com\/product\/drveno-bure-od-225-litara-sa-postoljem-barik-burgundija\/"},"modified":"2024-04-23T20:27:04","modified_gmt":"2024-04-23T18:27:04","slug":"dreveny-dubovy-sud-dekoracni-228-litrov-so-stojanom-barik-burgundsko","status":"publish","type":"product","link":"https:\/\/www.kolibica.com\/sk\/produkt\/dreveny-dubovy-sud-dekoracni-228-litrov-so-stojanom-barik-burgundsko\/","title":{"rendered":"D\u0159ev\u011bn\u00fd dubov\u00fd sud dekora\u010dn\u00ed 228 litrov so stojanom (barik) Burgundsko"},"content":{"rendered":"<h3>D\u0159ev\u011bn\u00fd dubov\u00fd sud dekora\u010dn\u00ed 228 litrov so stojanom (barik) Burgundsko<\/h3>\n<h4>Dubov\u00fd sud na 228 litrov &#8211; so stojanom barik sa vyr\u00e1ba z duba letn\u00e9ho. Dreven\u00e9 sudy m\u00f4\u017eu ma\u0165 pozinkovan\u00e9 alebo \u010dierne obru\u010de.<\/h4>\n<h4>V\u00edno by malo zrie\u0165 v dubov\u00fdch sudoch. Hoci ferment\u00e1cia vo drevenom sude m\u00f4\u017ee prida\u0165 v\u00ednu \u0161pecifick\u00fa a komplexn\u00fa chu\u0165, dnes je be\u017en\u00e9, \u017ee v\u00edno zreje vo ve\u013ek\u00fdch n\u00e1dr\u017eiach a potom sa preleje do dubov\u00fdch sudov na dozrievanie.<br \/>\nDub m\u00f4\u017ee v\u00ednu prida\u0165 r\u00f4zne ar\u00f3my a chute, ako je maslo, vanilka, k\u00f4por, kokos, klin\u010dek, karamel alebo \u0161korica. Srbsk\u00fd dub lu\u017en\u00fd m\u00f4\u017ee prida\u0165 ove\u013ea silnej\u0161iu ar\u00f3mu ako franc\u00fazsky dub (Quercus pedunculata a Q. sessiflora). Pri v\u00fdrobe barikov\u00fdch sudov pou\u017e\u00edvame dub letn\u00fd a dub medov\u00fd. Barikov\u00fd sud na 228 litrov m\u00e1 dve obru\u010de \u0161irok\u00e9 50 mm (v strede suda) a dve obru\u010de \u0161irok\u00e9 40 mm (na koncoch suda).<\/h4>\n<p>Rozmery burgundsk\u00e9ho barikov\u00e9ho suda s\u00fa: d\u013a\u017eka &#8211; 88 cm, najv\u00e4\u010d\u0161\u00ed priemer (po boku) &#8211; 73 cm, priemer \u010dela &#8211; 59 cm.<\/p>\n<h4>Vyr\u00e1bame barikov\u00e9 sudy v 3 \u00farovniach prepekania &#8211; slab\u00e9, stredn\u00e9 a siln\u00e9 prepekanie.<\/h4>\n<p>Tieto sudy \u0161tandardne maj\u00fa pozinkovan\u00e9 obru\u010de, ale pod\u013ea po\u017eiadaviek z\u00e1kazn\u00edkov, v s\u00falade s ich potrebami, ich m\u00f4\u017eeme vyrobi\u0165 aj s \u010diernymi obru\u010dami. Tie\u017e m\u00f4\u017eeme sudy brandova\u0165, ak je to potrebn\u00e9.<\/p>\n<p>Vo svete vinohradn\u00edctva m\u00f4\u017ee v\u00fdber spr\u00e1vnych sudov v\u00fdrazne obohati\u0165 charakter a kvalitu v\u00edna. N\u00e1\u0161 burgundsk\u00fd barikov\u00fd sud na 228 litrov predstavuje vrchol v kateg\u00f3rii sudov na zrenie, poskytuje nielen optim\u00e1lne podmienky pre v\u00fdvoj v\u00edna, ale aj estetick\u00fd p\u00f4\u017eitok, ktor\u00fd zlep\u0161uje ka\u017ed\u00fd priestor. Vyroben\u00fd z najjemnej\u0161ieho duba letn\u00e9ho, tento sud je navrhnut\u00fd tak, aby vyhovel ako estetick\u00fdm, tak praktick\u00fdm potreb\u00e1m sofistikovan\u00fdch vin\u00e1rstiev.<\/p>\n<h4><a href=\"https:\/\/www.kolibica.com\/sk\/kontakt\/\">Objednajte si svoj sud teraz a sta\u0148te sa l\u00eddrom vo v\u00fdrobe v\u00fdnimo\u010dn\u00fdch v\u00edn!<\/a><\/h4>\n<h4>Charakteristiky burgundsk\u00fdch barikov\u00fdch sudov<\/h4>\n<p><strong>Burgundsk\u00e9 barikov\u00e9 sudy<\/strong> s\u00fa zn\u00e1me svojimi jedine\u010dn\u00fdmi rozmermi a tvarom, ktor\u00e9 im umo\u017e\u0148uj\u00fa zlep\u0161ova\u0165 v\u00edna \u0161peci\u00e1lnym sp\u00f4sobom. So \u0161tandardn\u00fdm objemom 228 litrov maj\u00fa tieto sudy \u0161\u00edrku pribli\u017ene 72 centimetrov a v\u00fd\u0161ku pribli\u017ene 88 centimetrov. T\u00e1to \u0161ir\u0161ia a ni\u017e\u0161ia kon\u0161trukcia poskytuje v\u00e4\u010d\u0161iu kontaktn\u00fa plochu medzi v\u00ednom a dubom, \u010do vedie k r\u00fdchlej\u0161ej oxid\u00e1cii a rozvoju aromatickej zlo\u017eitosti.<\/p>\n<h4>V\u00fdhody burgundsk\u00e9ho dizajnu<\/h4>\n<p>V\u010faka svojej \u0161pecifick\u00fd dizajnu umo\u017e\u0148uj\u00fa burgundsk\u00e9 barikov\u00e9 sudy v\u00ednam rozv\u00edja\u0165 sofistikovanej\u0161iu text\u00faru a zlo\u017eitej\u0161\u00ed aromatick\u00fd profil. Vin\u00e1ri oce\u0148uj\u00fa tieto sudy, preto\u017ee prid\u00e1vaj\u00fa jemn\u00e9 t\u00f3ny korenia, ovocia a kvetinov\u00fdch ar\u00f3m, bez nadmernej dominancie dreva, \u010d\u00edm sa zachov\u00e1va prirodzen\u00e1 svie\u017eos\u0165 a charakter v\u00edna. T\u00e1to vlastnos\u0165 rob\u00ed burgundsk\u00e9 sudy ide\u00e1lnou vo\u013ebou pre delik\u00e1tne v\u00edna, ako je Pinot Noir, ktor\u00e9 vy\u017eaduj\u00fa opatrn\u00e9 vyv\u00e1\u017eenie medzi ovocn\u00fdmi ar\u00f3mami a tan\u00ednmi.<\/p>\n<h4>Porovnanie s Bordeaux (Bordeaux) Sudmi<\/h4>\n<p>Na rozdiel od<strong> burgundsk\u00fdch sudov<\/strong> s\u00fa <strong>Bordeaux sudy<\/strong> vy\u0161\u0161ie a u\u017e\u0161ie, s rozmermi, ktor\u00e9 zah\u0155\u0148aj\u00fa v\u00fd\u0161ku pribli\u017ene 95 centimetrov a priemer pribli\u017ene 60 centimetrov. Tieto rozmery umo\u017e\u0148uj\u00fa men\u0161iu kontaktn\u00fa plochu a pomal\u0161iu oxid\u00e1ciu, \u010do je ide\u00e1lne pre v\u00fdrobu robustn\u00fdch \u010derven\u00fdch v\u00edn, ktor\u00e9 vy\u017eaduj\u00fa dlh\u0161ie zrenie a postupn\u00e9 uvo\u013e\u0148ovanie tan\u00ednov. Bordeaux sudy s\u00fa \u010dasto vo\u013ebou pre v\u00edna, ako je Cabernet Sauvignon a Merlot, kde je \u017eiad\u00face dosiahnu\u0165 v\u00e4\u010d\u0161iu \u0161trukt\u00faru a taninos\u0165.<\/p>\n<p>N\u00e1\u0161 <strong>burgundsk\u00fd barikov\u00fd sud na 228 litrov<\/strong> pon\u00faka v\u00fdnimo\u010dn\u00e9 mo\u017enosti na zlep\u0161enie va\u0161ich delik\u00e1tnych v\u00edn, poskytuj\u00fac im prostredie, v ktorom m\u00f4\u017eu prosperova\u0165 a rozv\u00edja\u0165 zlo\u017eit\u00e9 ar\u00f3my, ktor\u00e9 spotrebitelia h\u013eadaj\u00fa. Nezme\u0161kajte pr\u00edle\u017eitos\u0165 vybavi\u0165 va\u0161e vin\u00e1rstva sudmi, ktor\u00e9 nielen zlep\u0161ia kvalitu va\u0161ich v\u00edn, ale aj zv\u00fd\u0161ia ich trhov\u00fa hodnotu.<\/p>\n<p><a href=\"https:\/\/www.kolibica.com\/sk\/kontakt\/\"><strong>Kontaktujte n\u00e1s e\u0161te dnes<\/strong><\/a>, aby ste sa dozvedeli viac o na\u0161om burgundskom barikovom sude na 228 litrov a ako v\u00e1m m\u00f4\u017ee pom\u00f4c\u0165 transformova\u0165 va\u0161e vinohradn\u00edcke praktiky.<\/p>\n<h4>Investujte do kvality, vyberte si n\u00e1\u0161 burgundsk\u00fd barikov\u00fd sud a stanovte nov\u00e9 \u0161tandardy vo v\u00fdrobe v\u00edna.<\/h4>\n","protected":false},"excerpt":{"rendered":"<p>D\u0159ev\u011bn\u00fd dubov\u00fd sud dekora\u010dn\u00ed 228 litrov so stojanom (barik) Burgundsko  [&#8230;]<\/p>\n","protected":false},"featured_media":86518,"template":"","meta":{"content-type":""},"product_brand":[],"product_cat":[251],"product_tag":[],"class_list":{"0":"post-87300","1":"product","2":"type-product","3":"status-publish","4":"has-post-thumbnail","6":"product_cat-drevene-sudy","8":"first","9":"instock","10":"featured","11":"shipping-taxable","12":"purchasable","13":"product-type-simple"},"aioseo_notices":[],"_links":{"self":[{"href":"https:\/\/www.kolibica.com\/sk\/wp-json\/wp\/v2\/product\/87300","targetHints":{"allow":["GET"]}}],"collection":[{"href":"https:\/\/www.kolibica.com\/sk\/wp-json\/wp\/v2\/product"}],"about":[{"href":"https:\/\/www.kolibica.com\/sk\/wp-json\/wp\/v2\/types\/product"}],"wp:featuredmedia":[{"embeddable":true,"href":"https:\/\/www.kolibica.com\/sk\/wp-json\/wp\/v2\/media\/86518"}],"wp:attachment":[{"href":"https:\/\/www.kolibica.com\/sk\/wp-json\/wp\/v2\/media?parent=87300"}],"wp:term":[{"taxonomy":"product_brand","embeddable":true,"href":"https:\/\/www.kolibica.com\/sk\/wp-json\/wp\/v2\/product_brand?post=87300"},{"taxonomy":"product_cat","embeddable":true,"href":"https:\/\/www.kolibica.com\/sk\/wp-json\/wp\/v2\/product_cat?post=87300"},{"taxonomy":"product_tag","embeddable":true,"href":"https:\/\/www.kolibica.com\/sk\/wp-json\/wp\/v2\/product_tag?post=87300"}],"curies":[{"name":"wp","href":"https:\/\/api.w.org\/{rel}","templated":true}]}}