{"id":86895,"date":"2019-02-12T23:50:30","date_gmt":"2019-02-12T21:50:30","guid":{"rendered":"https:\/\/www.kolibica.com\/product\/stolice-za-restorane-taverna\/"},"modified":"2026-04-06T13:40:07","modified_gmt":"2026-04-06T11:40:07","slug":"stolice-za-restorane-taverna","status":"publish","type":"product","link":"https:\/\/www.kolibica.com\/sk\/produkt\/stolice-za-restorane-taverna\/","title":{"rendered":"Stolice za restorane Taverna"},"content":{"rendered":"<p><strong>Stolice za restorane Taverna<\/strong> su veoma pogodne za du\u017ee sedenje. Konstruisane su da budu udobne, kako bi va\u0161i gosti u\u017eivali u jelu i boravku u va\u0161em restoranu. Ove stolice se izra\u0111uju sa tri popre\u010dne letvice u naslonu.<\/p>\n<p>Mo\u017eete izabrati boju stolica u skladu sa tonovima koji preovla\u0111uju u va\u0161em restoranu ili kafi\u0107u. Ove stolice se najbolje uklapaju uz <a href=\"https:\/\/www.kolibica.com\/sk\/produkt\/barske-stolice-taverna\/\">barske stolice Taverna<\/a>.<\/p>\n<p>Za ve\u0107e koli\u010dine stolica odobravamo dodatni popust.<\/p>\n","protected":false},"excerpt":{"rendered":"<p>Stolice za restorane Taverna su veoma pogodne za du\u017ee sedenje.  [&#8230;]<\/p>\n","protected":false},"featured_media":86896,"template":"","meta":{"content-type":""},"product_brand":[],"product_cat":[257,270],"product_tag":[],"class_list":{"0":"post-86895","1":"product","2":"type-product","3":"status-publish","4":"has-post-thumbnail","6":"product_cat-drevene-stolicky","7":"product_cat-nabytok","9":"first","10":"instock","11":"shipping-taxable","12":"purchasable","13":"product-type-simple"},"aioseo_notices":[],"_links":{"self":[{"href":"https:\/\/www.kolibica.com\/sk\/wp-json\/wp\/v2\/product\/86895","targetHints":{"allow":["GET"]}}],"collection":[{"href":"https:\/\/www.kolibica.com\/sk\/wp-json\/wp\/v2\/product"}],"about":[{"href":"https:\/\/www.kolibica.com\/sk\/wp-json\/wp\/v2\/types\/product"}],"wp:featuredmedia":[{"embeddable":true,"href":"https:\/\/www.kolibica.com\/sk\/wp-json\/wp\/v2\/media\/86896"}],"wp:attachment":[{"href":"https:\/\/www.kolibica.com\/sk\/wp-json\/wp\/v2\/media?parent=86895"}],"wp:term":[{"taxonomy":"product_brand","embeddable":true,"href":"https:\/\/www.kolibica.com\/sk\/wp-json\/wp\/v2\/product_brand?post=86895"},{"taxonomy":"product_cat","embeddable":true,"href":"https:\/\/www.kolibica.com\/sk\/wp-json\/wp\/v2\/product_cat?post=86895"},{"taxonomy":"product_tag","embeddable":true,"href":"https:\/\/www.kolibica.com\/sk\/wp-json\/wp\/v2\/product_tag?post=86895"}],"curies":[{"name":"wp","href":"https:\/\/api.w.org\/{rel}","templated":true}]}}