{"id":87253,"date":"2022-05-18T16:50:49","date_gmt":"2022-05-18T14:50:49","guid":{"rendered":"https:\/\/www.kolibica.com\/proizvodi\/"},"modified":"2024-04-12T20:00:17","modified_gmt":"2024-04-12T18:00:17","slug":"proizvodi","status":"publish","type":"page","link":"https:\/\/www.kolibica.com\/sk\/proizvodi\/","title":{"rendered":"PROIZVODI"},"content":{"rendered":"<h1 style=\"text-align: center;\">Na\u0161i proizvodi<\/h1>\n<p><strong>Proizvodi od drveta<\/strong> koje Kolibica nudi su veoma \u0161irokog spektra namene. Pored <a href=\"https:\/\/www.kolibica.com\/sk\/product-category\/drevena-obal\/\">drvene ambala\u017ee<\/a>, <a href=\"https:\/\/www.kolibica.com\/sk\/product-category\/drevna-galanteria\/drevena-kuchynska-galanteria\/\">kuhinjske galanterije<\/a>, <a href=\"https:\/\/www.kolibica.com\/sk\/product-category\/drevna-galanteria\/obchodna-reklamna-galanteria\/\">poslovne galanterije<\/a>, <a href=\"https:\/\/www.kolibica.com\/sk\/product-category\/zahradny-nabytok\/\">ba\u0161tenskog name\u0161taja<\/a>, <a href=\"\/?product_cat=drevene-bacve\">drvenih buradi<\/a>, drvenih gajbi i drugih predmeta od drveta, Kolibica se bavi i opremanjem enterijera ugostiteljskih i drugih objekata. Na\u0161i zadovoljni klijenti dolaze iz razli\u010ditih bran\u0161i i lokaliteta tako da su na\u0161i proizvodi na\u0161li put i do najudaljenijih krajeva sveta. U donjoj sekciji mo\u017eete pregledati proizvode iz na\u0161e ponude. (Mi na <a href=\"https:\/\/www.facebook.com\/kolibica\/\">Facebook<\/a>-u)<\/p>\n","protected":false},"excerpt":{"rendered":"<p>Na\u0161i proizvodi Proizvodi od drveta koje Kolibica nudi su veoma  [&#8230;]<\/p>\n","protected":false},"author":1,"featured_media":0,"parent":0,"menu_order":0,"comment_status":"closed","ping_status":"closed","template":"","meta":{"content-type":"","footnotes":""},"class_list":["post-87253","page","type-page","status-publish","hentry"],"aioseo_notices":[],"_links":{"self":[{"href":"https:\/\/www.kolibica.com\/sk\/wp-json\/wp\/v2\/pages\/87253","targetHints":{"allow":["GET"]}}],"collection":[{"href":"https:\/\/www.kolibica.com\/sk\/wp-json\/wp\/v2\/pages"}],"about":[{"href":"https:\/\/www.kolibica.com\/sk\/wp-json\/wp\/v2\/types\/page"}],"author":[{"embeddable":true,"href":"https:\/\/www.kolibica.com\/sk\/wp-json\/wp\/v2\/users\/1"}],"replies":[{"embeddable":true,"href":"https:\/\/www.kolibica.com\/sk\/wp-json\/wp\/v2\/comments?post=87253"}],"version-history":[{"count":0,"href":"https:\/\/www.kolibica.com\/sk\/wp-json\/wp\/v2\/pages\/87253\/revisions"}],"wp:attachment":[{"href":"https:\/\/www.kolibica.com\/sk\/wp-json\/wp\/v2\/media?parent=87253"}],"curies":[{"name":"wp","href":"https:\/\/api.w.org\/{rel}","templated":true}]}}