{"id":88737,"date":"2023-04-04T11:10:28","date_gmt":"2023-04-04T09:10:28","guid":{"rendered":"https:\/\/www.kolibica.com\/product\/drvene-masice-za-rostilj-i-salatu\/"},"modified":"2024-04-23T14:16:30","modified_gmt":"2024-04-23T12:16:30","slug":"drvene-masice-za-rostilj-i-salatu","status":"publish","type":"product","link":"https:\/\/www.kolibica.com\/ru\/\u0442\u043e\u0432\u0430\u0440\/drvene-masice-za-rostilj-i-salatu\/","title":{"rendered":"Drvene ma\u0161ice za ro\u0161tilj i salatu"},"content":{"rendered":"<p><strong>Drvene ma\u0161ice za ro\u0161tilj i salatu<\/strong> su odli\u010dan promotivni proizvod. Lako se sklapaju i zauzimaju malo mesta pri pakovanju.<\/p>\n<p>Drvene ma\u0161ice se proizvode od <a href=\"https:\/\/www.kolibica.com\/ru\/%d1%81%d1%82%d1%80%d1%83%d0%ba%d1%82%d1%83%d1%80%d0%bd%d1%8b%d0%b5-%d1%81%d0%b2%d0%be%d0%b9%d1%81%d1%82%d0%b2%d0%b0-%d0%b8-%d0%bf%d1%80%d0%b8%d0%b3%d0%be%d0%b4%d0%bd%d0%be%d1%81%d1%82%d1%8c-%d1%83\/\">bukve<\/a>.<\/p>\n<p>Ovaj proizvod je pogodan za lasersko graviranje.<\/p>\n","protected":false},"excerpt":{"rendered":"<p>Drvene ma\u0161ice za ro\u0161tilj i salatu su odli\u010dan promotivni proizvod.  [&#8230;]<\/p>\n","protected":false},"featured_media":86015,"template":"","meta":{"content-type":""},"product_brand":[],"product_cat":[167,168],"product_tag":[],"class_list":{"0":"post-88737","1":"product","2":"type-product","3":"status-publish","4":"has-post-thumbnail","6":"product_cat-167","7":"product_cat-168","9":"first","10":"instock","11":"shipping-taxable","12":"product-type-simple"},"aioseo_notices":[],"_links":{"self":[{"href":"https:\/\/www.kolibica.com\/ru\/wp-json\/wp\/v2\/product\/88737","targetHints":{"allow":["GET"]}}],"collection":[{"href":"https:\/\/www.kolibica.com\/ru\/wp-json\/wp\/v2\/product"}],"about":[{"href":"https:\/\/www.kolibica.com\/ru\/wp-json\/wp\/v2\/types\/product"}],"wp:featuredmedia":[{"embeddable":true,"href":"https:\/\/www.kolibica.com\/ru\/wp-json\/wp\/v2\/media\/86015"}],"wp:attachment":[{"href":"https:\/\/www.kolibica.com\/ru\/wp-json\/wp\/v2\/media?parent=88737"}],"wp:term":[{"taxonomy":"product_brand","embeddable":true,"href":"https:\/\/www.kolibica.com\/ru\/wp-json\/wp\/v2\/product_brand?post=88737"},{"taxonomy":"product_cat","embeddable":true,"href":"https:\/\/www.kolibica.com\/ru\/wp-json\/wp\/v2\/product_cat?post=88737"},{"taxonomy":"product_tag","embeddable":true,"href":"https:\/\/www.kolibica.com\/ru\/wp-json\/wp\/v2\/product_tag?post=88737"}],"curies":[{"name":"wp","href":"https:\/\/api.w.org\/{rel}","templated":true}]}}