{"id":86663,"date":"2024-03-01T11:06:09","date_gmt":"2024-03-01T09:06:09","guid":{"rendered":"https:\/\/www.kolibica.com\/product\/drvena-kada-02\/"},"modified":"2026-02-11T11:58:45","modified_gmt":"2026-02-11T09:58:45","slug":"drvena-kada-02","status":"publish","type":"product","link":"https:\/\/www.kolibica.com\/ru\/\u0442\u043e\u0432\u0430\u0440\/drvena-kada-02\/","title":{"rendered":"Drvena kada 02"},"content":{"rendered":"<p><strong>Drvena kada se proizvodi od <a title=\"Tehni\u010dke osobine hrasta\" href=\"https:\/\/www.kolibica.com\/ru\/%d1%81%d1%82%d1%80%d1%83%d0%ba%d1%82%d1%83%d1%80%d0%bd%d1%8b%d0%b5-%d1%81%d0%b2%d0%be%d0%b9%d1%81%d1%82%d0%b2%d0%b0-%d0%b8-%d0%bf%d1%80%d0%b8%d0%b3%d0%be%d0%b4%d0%bd%d0%be%d1%81%d1%82%d1%8c-%d1%83\/\">hrasta<\/a> ili <a title=\"Tehni\u010dke osobine bora\" href=\"https:\/\/www.kolibica.com\/ru\/%d1%81%d1%82%d1%80%d1%83%d0%ba%d1%82%d1%83%d1%80%d0%bd%d1%8b%d0%b5-%d1%81%d0%b2%d0%be%d0%b9%d1%81%d1%82%d0%b2%d0%b0-%d0%b8-%d0%bf%d1%80%d0%b8%d0%b3%d0%be%d0%b4%d0%bd%d0%be%d1%81%d1%82%d1%8c-%d1%83\/\">bora<\/a>. Dimenzije kade su promenljive, prema potrebama kupca. Dimenzije kade na slikama su 110&#215;77 cm.<br \/>\n<\/strong><\/p>\n<p>Da li ste ikada \u017eeleli da stvorite jedinstveno i autenti\u010dno iskustvo za svoju porodicu i prijatelje?<\/p>\n<p>Na\u0161a <strong>drvena kada<\/strong> je savr\u0161eno re\u0161enje! Kombinujuc\u0301i tradicionalne materijale i modernu tehnologiju, na\u0161e kade su savr\u0161ene za ugradnju u va\u0161 dom, hotel ili otvoreni prostor. Bez obzira da li tra\u017eite kadu za jednu osobu ili ne\u0161to za sme\u0161taj vi\u0161e ljudi, na\u0161a drvena kada je savr\u0161en izbor.<\/p>\n<p><strong>KARAKTERISTIKE:<\/strong><br \/>\n\ud83d\udec0 Tradicionalni materijali i moderna tehnologija: Na\u0161a drvena kada je savr\u0161ena za one koji vole izgled tradicionalnih materijala, ali \u017eele udobnost moderne tehnologije.<\/p>\n<p>\ud83d\udec0 Jedna ili vi\u0161e osoba: Na\u0161a drvena kada mo\u017ee da primi jednu ili vi\u0161e osoba, \u0161to je \u010dini savr\u0161enom za porodice ili grupe.<\/p>\n<p>\ud83d\udec0 Instalacija u zatvorenom i na otvorenom: Na\u0161a drvena kada se mo\u017ee instalirati u zatvorenom ili na otvorenom, dajuc\u0301i vam fleksibilnost da odaberete savr\u0161eno mesto za va\u0161u kadu.<\/p>\n<p><strong>SPECIFIKACIJE:<\/strong><br \/>\n&#8212; Od punog drveta<br \/>\n&#8212; Dostupan u razli\u010ditim veli\u010dinama<br \/>\n&#8212; Ne uklju\u010duje sistem za odvod i prelivanje, zato \u0161to se ovi sistemi, kao i dodatne mlaznice montiraju na lokaciji na kojoj \u0107e se kada nalaziti, a u skladu sa ve\u0107 razvedenim instalacijama<\/p>\n<p><strong>KAKO TO RADI:<\/strong><br \/>\nNa\u0161a drvena kada se lako postavlja i koristi. Jednostavno izaberite \u017eeljenu lokaciju, instalirajte kadu i napunite je vodom. Kada se kadica napuni, mo\u017eete u\u017eivati u luksuznom namakanju!<\/p>\n<p><strong>\u010cesta pitanja:<\/strong><br \/>\nP: Da li je drvenu kadu lako instalirati?<br \/>\nO: Da, drvena kada se lako postavlja i mo\u017ee se postaviti u zatvorenom ili na otvorenom.<\/p>\n<p>P: Koliko ljudi mo\u017ee da primi drvena kada?<br \/>\nO: Na\u0161a drvena kada mo\u017ee da primi jednu ili vi\u0161e ljudi, \u0161to je \u010dini savr\u0161enom za porodice ili grupe.<\/p>\n","protected":false},"excerpt":{"rendered":"<p>Drvena kada se proizvodi od hrasta ili bora. Dimenzije kade  [&#8230;]<\/p>\n","protected":false},"featured_media":86432,"template":"","meta":{"content-type":""},"product_brand":[],"product_cat":[312],"product_tag":[],"class_list":{"0":"post-86663","1":"product","2":"type-product","3":"status-publish","4":"has-post-thumbnail","6":"product_cat-derevnne-vann","8":"first","9":"instock","10":"shipping-taxable","11":"purchasable","12":"product-type-simple"},"aioseo_notices":[],"_links":{"self":[{"href":"https:\/\/www.kolibica.com\/ru\/wp-json\/wp\/v2\/product\/86663","targetHints":{"allow":["GET"]}}],"collection":[{"href":"https:\/\/www.kolibica.com\/ru\/wp-json\/wp\/v2\/product"}],"about":[{"href":"https:\/\/www.kolibica.com\/ru\/wp-json\/wp\/v2\/types\/product"}],"wp:featuredmedia":[{"embeddable":true,"href":"https:\/\/www.kolibica.com\/ru\/wp-json\/wp\/v2\/media\/86432"}],"wp:attachment":[{"href":"https:\/\/www.kolibica.com\/ru\/wp-json\/wp\/v2\/media?parent=86663"}],"wp:term":[{"taxonomy":"product_brand","embeddable":true,"href":"https:\/\/www.kolibica.com\/ru\/wp-json\/wp\/v2\/product_brand?post=86663"},{"taxonomy":"product_cat","embeddable":true,"href":"https:\/\/www.kolibica.com\/ru\/wp-json\/wp\/v2\/product_cat?post=86663"},{"taxonomy":"product_tag","embeddable":true,"href":"https:\/\/www.kolibica.com\/ru\/wp-json\/wp\/v2\/product_tag?post=86663"}],"curies":[{"name":"wp","href":"https:\/\/api.w.org\/{rel}","templated":true}]}}