{"id":82557,"date":"2022-07-27T13:20:11","date_gmt":"2022-07-27T11:20:11","guid":{"rendered":"https:\/\/www.kolibica.com\/%d0%b1%d0%bb%d0%be%d0%b3\/"},"modified":"2022-08-09T20:03:05","modified_gmt":"2022-08-09T18:03:05","slug":"%d0%b1%d0%bb%d0%be%d0%b3","status":"publish","type":"page","link":"https:\/\/www.kolibica.com\/ru\/%d0%b1%d0%bb%d0%be%d0%b3\/","title":{"rendered":"\u0411\u043b\u043e\u0433"},"content":{"rendered":"<div class=\"fusion-fullwidth fullwidth-box fusion-builder-row-1 fusion-flex-container nonhundred-percent-fullwidth non-hundred-percent-height-scrolling\" style=\"--awb-border-radius-top-left:0px;--awb-border-radius-top-right:0px;--awb-border-radius-bottom-right:0px;--awb-border-radius-bottom-left:0px;--awb-flex-wrap:wrap;\" ><div class=\"fusion-builder-row fusion-row fusion-flex-align-items-flex-start fusion-flex-content-wrap\" style=\"max-width:1248px;margin-left: calc(-4% \/ 2 );margin-right: calc(-4% \/ 2 );\"><div class=\"fusion-layout-column fusion_builder_column fusion-builder-column-0 fusion_builder_column_1_1 1_1 fusion-flex-column\" style=\"--awb-bg-size:cover;--awb-width-large:100%;--awb-margin-top-large:0px;--awb-spacing-right-large:1.92%;--awb-margin-bottom-large:0px;--awb-spacing-left-large:1.92%;--awb-width-medium:100%;--awb-spacing-right-medium:1.92%;--awb-spacing-left-medium:1.92%;--awb-width-small:100%;--awb-spacing-right-small:1.92%;--awb-spacing-left-small:1.92%;\"><div class=\"fusion-column-wrapper fusion-flex-justify-content-flex-start fusion-content-layout-column\"><div class=\"fusion-text fusion-text-1\"><div class=\"bdpp-wrap bdpp-lite bdpp-post-grid-wrap bdpp-post-data-wrap bdpp-design-1 bdpp-grid-3  bdpp-clearfix\" id=\"bdpp-post-grid-1\">\r\n\t<div class=\"bdpp-post-grid-inr-wrap bdpp-post-data-inr-wrap bdpp-clearfix\"><div class=\"bdpp-post-grid bdpp-col-3 bdpp-columns bdpp-post-91152 bdpp-post-standard bdpp-first bdpp-has-thumb\">\r\n\t<div class=\"bdpp-post-grid-content\">\r\n\t\t\t\t<div class=\"bdpp-post-img-bg\">\r\n\t\t\t<a href=\"https:\/\/www.kolibica.com\/ru\/blog-ru\/drvena-burad-drvena-burad-ru\/kako-je-buttload-postao-rec-koja-nas-i-danas-zasmejava\/\">\r\n\t\t\t\t<img decoding=\"async\" src=\"data:image\/svg+xml,%3Csvg%20xmlns%3D%27http%3A%2F%2Fwww.w3.org%2F2000%2Fsvg%27%20width%3D%27640%27%20height%3D%27480%27%20viewBox%3D%270%200%20640%20480%27%3E%3Crect%20width%3D%27640%27%20height%3D%27480%27%20fill-opacity%3D%220%22%2F%3E%3C%2Fsvg%3E\" data-orig-src=\"https:\/\/www.kolibica.com\/wp-content\/uploads\/2025\/09\/buttload-03-640x480.jpg\" class=\"lazyload bdpp-img bdpp-post-feat-img\" alt=\"Kako je \u201ebuttload\u201c postao re\u010d koja nas i danas zasmejava\" \/>\r\n\t\t\t\t\t\t\t<\/a>\r\n\t\t<\/div>\r\n\t\t\t\t<div class=\"bdpp-post-cats\"><a class=\"bdpp-post-cat-link bdpp-post-cat-300 bdpp-post-cat-drvena-burad-drvena-burad-ru\" href=\"https:\/\/www.kolibica.com\/ru\/category\/blog-ru\/drvena-burad-drvena-burad-ru\/\">Drvena burad<\/a><\/div>\r\n\t\t\r\n\t\t<h2 class=\"bdpp-post-title\">\r\n\t\t\t<a href=\"https:\/\/www.kolibica.com\/ru\/blog-ru\/drvena-burad-drvena-burad-ru\/kako-je-buttload-postao-rec-koja-nas-i-danas-zasmejava\/\">Kako je \u201ebuttload\u201c postao re\u010d koja nas i danas zasmejava<\/a>\r\n\t\t<\/h2>\r\n\r\n\t\t\t\t<div class=\"bdpp-post-meta bdpp-post-meta-up\">\r\n\t\t\t<span class=\"bdpp-post-meta-data bdpp-post-author\"><i class=\"bdpp-fa fa-solid fa-user\"><\/i>Admin<\/span><span class=\"bdpp-post-meta-sep\"> &ndash; <\/span><span class=\"bdpp-post-meta-data bdpp-post-date\"><i class=\"bdpp-fa fa-regular fa-clock\"><\/i>25 \u0441\u0435\u043d\u0442\u044f\u0431\u0440\u044f, 2025<\/span>\t\t<\/div>\r\n\t\t\t\t<div class=\"bdpp-post-content\">\r\n\t\t\t<div class=\"bdpp-post-desc\">U svetu jezika postoje izrazi koji u isto vreme izazivaju i osmeh i radoznalost. Jedan od takvih je i buttload...<\/div>\r\n\t\t\t\t\t\t<a href=\"https:\/\/www.kolibica.com\/ru\/blog-ru\/drvena-burad-drvena-burad-ru\/kako-je-buttload-postao-rec-koja-nas-i-danas-zasmejava\/\" class=\"bdpp-rdmr-btn\">\u0427\u0438\u0442\u0430\u0442\u044c \u0434\u0430\u043b\u0435\u0435<\/a>\r\n\t\t\t\t\t<\/div>\r\n\t\t\t<\/div>\r\n<\/div><div class=\"bdpp-post-grid bdpp-col-3 bdpp-columns bdpp-post-91119 bdpp-post-standard bdpp-has-thumb\">\r\n\t<div class=\"bdpp-post-grid-content\">\r\n\t\t\t\t<div class=\"bdpp-post-img-bg\">\r\n\t\t\t<a href=\"https:\/\/www.kolibica.com\/ru\/blog-ru\/drvena-ambalaza-drvena-ambalaza-ru\/kako-odabrati-savrsenu-drvenu-kutiju-za-korporativni-poklon\/\">\r\n\t\t\t\t<img decoding=\"async\" src=\"data:image\/svg+xml,%3Csvg%20xmlns%3D%27http%3A%2F%2Fwww.w3.org%2F2000%2Fsvg%27%20width%3D%27640%27%20height%3D%27480%27%20viewBox%3D%270%200%20640%20480%27%3E%3Crect%20width%3D%27640%27%20height%3D%27480%27%20fill-opacity%3D%220%22%2F%3E%3C%2Fsvg%3E\" data-orig-src=\"https:\/\/www.kolibica.com\/wp-content\/uploads\/2025\/09\/korporativni-pokloni-32-640x480.jpg\" class=\"lazyload bdpp-img bdpp-post-feat-img\" alt=\"Kako odabrati savr\u0161enu drvenu kutiju za korporativni poklon?\" \/>\r\n\t\t\t\t\t\t\t<\/a>\r\n\t\t<\/div>\r\n\t\t\t\t<div class=\"bdpp-post-cats\"><a class=\"bdpp-post-cat-link bdpp-post-cat-355 bdpp-post-cat-drvena-ambalaza-drvena-ambalaza-ru\" href=\"https:\/\/www.kolibica.com\/ru\/category\/blog-ru\/drvena-ambalaza-drvena-ambalaza-ru\/\">Drvena ambala\u017ea<\/a><\/div>\r\n\t\t\r\n\t\t<h2 class=\"bdpp-post-title\">\r\n\t\t\t<a href=\"https:\/\/www.kolibica.com\/ru\/blog-ru\/drvena-ambalaza-drvena-ambalaza-ru\/kako-odabrati-savrsenu-drvenu-kutiju-za-korporativni-poklon\/\">Kako odabrati savr\u0161enu drvenu kutiju za korporativni poklon?<\/a>\r\n\t\t<\/h2>\r\n\r\n\t\t\t\t<div class=\"bdpp-post-meta bdpp-post-meta-up\">\r\n\t\t\t<span class=\"bdpp-post-meta-data bdpp-post-author\"><i class=\"bdpp-fa fa-solid fa-user\"><\/i>Admin<\/span><span class=\"bdpp-post-meta-sep\"> &ndash; <\/span><span class=\"bdpp-post-meta-data bdpp-post-date\"><i class=\"bdpp-fa fa-regular fa-clock\"><\/i>2 \u0441\u0435\u043d\u0442\u044f\u0431\u0440\u044f, 2025<\/span>\t\t<\/div>\r\n\t\t\t\t<div class=\"bdpp-post-content\">\r\n\t\t\t<div class=\"bdpp-post-desc\">Kako odabrati savr\u0161enu drvenu kutiju za korporativni poklon? Kada izbor kutije pravi razliku Jedna gra\u0111evinska firma iz Beograda \u017eelela je...<\/div>\r\n\t\t\t\t\t\t<a href=\"https:\/\/www.kolibica.com\/ru\/blog-ru\/drvena-ambalaza-drvena-ambalaza-ru\/kako-odabrati-savrsenu-drvenu-kutiju-za-korporativni-poklon\/\" class=\"bdpp-rdmr-btn\">\u0427\u0438\u0442\u0430\u0442\u044c \u0434\u0430\u043b\u0435\u0435<\/a>\r\n\t\t\t\t\t<\/div>\r\n\t\t\t<\/div>\r\n<\/div><div class=\"bdpp-post-grid bdpp-col-3 bdpp-columns bdpp-post-91089 bdpp-post-standard bdpp-has-thumb\">\r\n\t<div class=\"bdpp-post-grid-content\">\r\n\t\t\t\t<div class=\"bdpp-post-img-bg\">\r\n\t\t\t<a href=\"https:\/\/www.kolibica.com\/ru\/blog-ru\/drvena-ambalaza-drvena-ambalaza-ru\/kako-korporativni-poklon-postaje-ambasador-vase-kompanije\/\">\r\n\t\t\t\t<img decoding=\"async\" src=\"data:image\/svg+xml,%3Csvg%20xmlns%3D%27http%3A%2F%2Fwww.w3.org%2F2000%2Fsvg%27%20width%3D%27640%27%20height%3D%27480%27%20viewBox%3D%270%200%20640%20480%27%3E%3Crect%20width%3D%27640%27%20height%3D%27480%27%20fill-opacity%3D%220%22%2F%3E%3C%2Fsvg%3E\" data-orig-src=\"https:\/\/www.kolibica.com\/wp-content\/uploads\/2025\/09\/korporativni-pokloni-06-640x480.jpg\" class=\"lazyload bdpp-img bdpp-post-feat-img\" alt=\"Kako korporativni poklon postaje ambasador va\u0161e kompanije?\" \/>\r\n\t\t\t\t\t\t\t<\/a>\r\n\t\t<\/div>\r\n\t\t\t\t<div class=\"bdpp-post-cats\"><a class=\"bdpp-post-cat-link bdpp-post-cat-355 bdpp-post-cat-drvena-ambalaza-drvena-ambalaza-ru\" href=\"https:\/\/www.kolibica.com\/ru\/category\/blog-ru\/drvena-ambalaza-drvena-ambalaza-ru\/\">Drvena ambala\u017ea<\/a><\/div>\r\n\t\t\r\n\t\t<h2 class=\"bdpp-post-title\">\r\n\t\t\t<a href=\"https:\/\/www.kolibica.com\/ru\/blog-ru\/drvena-ambalaza-drvena-ambalaza-ru\/kako-korporativni-poklon-postaje-ambasador-vase-kompanije\/\">Kako korporativni poklon postaje ambasador va\u0161e kompanije?<\/a>\r\n\t\t<\/h2>\r\n\r\n\t\t\t\t<div class=\"bdpp-post-meta bdpp-post-meta-up\">\r\n\t\t\t<span class=\"bdpp-post-meta-data bdpp-post-author\"><i class=\"bdpp-fa fa-solid fa-user\"><\/i>Admin<\/span><span class=\"bdpp-post-meta-sep\"> &ndash; <\/span><span class=\"bdpp-post-meta-data bdpp-post-date\"><i class=\"bdpp-fa fa-regular fa-clock\"><\/i>2 \u0441\u0435\u043d\u0442\u044f\u0431\u0440\u044f, 2025<\/span>\t\t<\/div>\r\n\t\t\t\t<div class=\"bdpp-post-content\">\r\n\t\t\t<div class=\"bdpp-post-desc\">Kako korporativni poklon postaje ambasador va\u0161e kompanije? Kada poklon govori umesto vas Zamislite situaciju: klijent otvara poklon povodom uspe\u0161no zavr\u0161enog...<\/div>\r\n\t\t\t\t\t\t<a href=\"https:\/\/www.kolibica.com\/ru\/blog-ru\/drvena-ambalaza-drvena-ambalaza-ru\/kako-korporativni-poklon-postaje-ambasador-vase-kompanije\/\" class=\"bdpp-rdmr-btn\">\u0427\u0438\u0442\u0430\u0442\u044c \u0434\u0430\u043b\u0435\u0435<\/a>\r\n\t\t\t\t\t<\/div>\r\n\t\t\t<\/div>\r\n<\/div><div class=\"bdpp-post-grid bdpp-col-3 bdpp-columns bdpp-post-91058 bdpp-post-standard bdpp-first bdpp-has-thumb\">\r\n\t<div class=\"bdpp-post-grid-content\">\r\n\t\t\t\t<div class=\"bdpp-post-img-bg\">\r\n\t\t\t<a href=\"https:\/\/www.kolibica.com\/ru\/blog-ru\/drvena-ambalaza-drvena-ambalaza-ru\/trendovi-u-korporativnim-poklonima-za-2025-godinu-zasto-su-drvene-kutije-u-vrhu-liste\/\">\r\n\t\t\t\t<img decoding=\"async\" src=\"data:image\/svg+xml,%3Csvg%20xmlns%3D%27http%3A%2F%2Fwww.w3.org%2F2000%2Fsvg%27%20width%3D%27640%27%20height%3D%27480%27%20viewBox%3D%270%200%20640%20480%27%3E%3Crect%20width%3D%27640%27%20height%3D%27480%27%20fill-opacity%3D%220%22%2F%3E%3C%2Fsvg%3E\" data-orig-src=\"https:\/\/www.kolibica.com\/wp-content\/uploads\/2025\/09\/korporativni-pokloni-01-640x480.jpg\" class=\"lazyload bdpp-img bdpp-post-feat-img\" alt=\"Trendovi u korporativnim poklonima za 2025. godinu \u2013 za\u0161to su drvene kutije u vrhu liste?\" \/>\r\n\t\t\t\t\t\t\t<\/a>\r\n\t\t<\/div>\r\n\t\t\t\t<div class=\"bdpp-post-cats\"><a class=\"bdpp-post-cat-link bdpp-post-cat-355 bdpp-post-cat-drvena-ambalaza-drvena-ambalaza-ru\" href=\"https:\/\/www.kolibica.com\/ru\/category\/blog-ru\/drvena-ambalaza-drvena-ambalaza-ru\/\">Drvena ambala\u017ea<\/a><\/div>\r\n\t\t\r\n\t\t<h2 class=\"bdpp-post-title\">\r\n\t\t\t<a href=\"https:\/\/www.kolibica.com\/ru\/blog-ru\/drvena-ambalaza-drvena-ambalaza-ru\/trendovi-u-korporativnim-poklonima-za-2025-godinu-zasto-su-drvene-kutije-u-vrhu-liste\/\">Trendovi u korporativnim poklonima za 2025. godinu \u2013 za\u0161to su drvene kutije u vrhu liste?<\/a>\r\n\t\t<\/h2>\r\n\r\n\t\t\t\t<div class=\"bdpp-post-meta bdpp-post-meta-up\">\r\n\t\t\t<span class=\"bdpp-post-meta-data bdpp-post-author\"><i class=\"bdpp-fa fa-solid fa-user\"><\/i>Admin<\/span><span class=\"bdpp-post-meta-sep\"> &ndash; <\/span><span class=\"bdpp-post-meta-data bdpp-post-date\"><i class=\"bdpp-fa fa-regular fa-clock\"><\/i>2 \u0441\u0435\u043d\u0442\u044f\u0431\u0440\u044f, 2025<\/span>\t\t<\/div>\r\n\t\t\t\t<div class=\"bdpp-post-content\">\r\n\t\t\t<div class=\"bdpp-post-desc\">Trendovi u korporativnim poklonima za 2025. godinu \u2013 za\u0161to su drvene kutije u vrhu liste? Novi standardi u poslovnom svetu...<\/div>\r\n\t\t\t\t\t\t<a href=\"https:\/\/www.kolibica.com\/ru\/blog-ru\/drvena-ambalaza-drvena-ambalaza-ru\/trendovi-u-korporativnim-poklonima-za-2025-godinu-zasto-su-drvene-kutije-u-vrhu-liste\/\" class=\"bdpp-rdmr-btn\">\u0427\u0438\u0442\u0430\u0442\u044c \u0434\u0430\u043b\u0435\u0435<\/a>\r\n\t\t\t\t\t<\/div>\r\n\t\t\t<\/div>\r\n<\/div><div class=\"bdpp-post-grid bdpp-col-3 bdpp-columns bdpp-post-91027 bdpp-post-standard bdpp-has-thumb\">\r\n\t<div class=\"bdpp-post-grid-content\">\r\n\t\t\t\t<div class=\"bdpp-post-img-bg\">\r\n\t\t\t<a href=\"https:\/\/www.kolibica.com\/ru\/blog-ru\/drvena-ambalaza-drvena-ambalaza-ru\/kako-korporativni-pokloni-uticu-na-lojalnost-klijenata-i-partnera\/\">\r\n\t\t\t\t<img decoding=\"async\" src=\"data:image\/svg+xml,%3Csvg%20xmlns%3D%27http%3A%2F%2Fwww.w3.org%2F2000%2Fsvg%27%20width%3D%27640%27%20height%3D%27480%27%20viewBox%3D%270%200%20640%20480%27%3E%3Crect%20width%3D%27640%27%20height%3D%27480%27%20fill-opacity%3D%220%22%2F%3E%3C%2Fsvg%3E\" data-orig-src=\"https:\/\/www.kolibica.com\/wp-content\/uploads\/2025\/09\/korporativni-pokloni-21-640x480.jpg\" class=\"lazyload bdpp-img bdpp-post-feat-img\" alt=\"Kako korporativni pokloni uti\u010du na lojalnost klijenata i partnera?\" \/>\r\n\t\t\t\t\t\t\t<\/a>\r\n\t\t<\/div>\r\n\t\t\t\t<div class=\"bdpp-post-cats\"><a class=\"bdpp-post-cat-link bdpp-post-cat-355 bdpp-post-cat-drvena-ambalaza-drvena-ambalaza-ru\" href=\"https:\/\/www.kolibica.com\/ru\/category\/blog-ru\/drvena-ambalaza-drvena-ambalaza-ru\/\">Drvena ambala\u017ea<\/a><\/div>\r\n\t\t\r\n\t\t<h2 class=\"bdpp-post-title\">\r\n\t\t\t<a href=\"https:\/\/www.kolibica.com\/ru\/blog-ru\/drvena-ambalaza-drvena-ambalaza-ru\/kako-korporativni-pokloni-uticu-na-lojalnost-klijenata-i-partnera\/\">Kako korporativni pokloni uti\u010du na lojalnost klijenata i partnera?<\/a>\r\n\t\t<\/h2>\r\n\r\n\t\t\t\t<div class=\"bdpp-post-meta bdpp-post-meta-up\">\r\n\t\t\t<span class=\"bdpp-post-meta-data bdpp-post-author\"><i class=\"bdpp-fa fa-solid fa-user\"><\/i>Admin<\/span><span class=\"bdpp-post-meta-sep\"> &ndash; <\/span><span class=\"bdpp-post-meta-data bdpp-post-date\"><i class=\"bdpp-fa fa-regular fa-clock\"><\/i>2 \u0441\u0435\u043d\u0442\u044f\u0431\u0440\u044f, 2025<\/span>\t\t<\/div>\r\n\t\t\t\t<div class=\"bdpp-post-content\">\r\n\t\t\t<div class=\"bdpp-post-desc\">Kako korporativni pokloni uti\u010du na lojalnost klijenata i partnera? Poklon koji je promenio odnos Jedna IT kompanija iz Novog Sada...<\/div>\r\n\t\t\t\t\t\t<a href=\"https:\/\/www.kolibica.com\/ru\/blog-ru\/drvena-ambalaza-drvena-ambalaza-ru\/kako-korporativni-pokloni-uticu-na-lojalnost-klijenata-i-partnera\/\" class=\"bdpp-rdmr-btn\">\u0427\u0438\u0442\u0430\u0442\u044c \u0434\u0430\u043b\u0435\u0435<\/a>\r\n\t\t\t\t\t<\/div>\r\n\t\t\t<\/div>\r\n<\/div>\t<\/div>\r\n\t\t<div class=\"bdpp-paging bdpp-clearfix\">\r\n\t\t<span aria-label=\"\u0421\u0442\u0440\u0430\u043d\u0438\u0446\u0430 1\" aria-current=\"page\" class=\"page-numbers current\">1<\/span>\n<a aria-label=\"\u0421\u0442\u0440\u0430\u043d\u0438\u0446\u0430 2\" class=\"page-numbers\" href=\"https:\/\/www.kolibica.com\/ru\/wp-json\/wp\/v2\/pages\/82557\/page\/2\/\">2<\/a>\n<a aria-label=\"\u0421\u0442\u0440\u0430\u043d\u0438\u0446\u0430 3\" class=\"page-numbers\" href=\"https:\/\/www.kolibica.com\/ru\/wp-json\/wp\/v2\/pages\/82557\/page\/3\/\">3<\/a>\n<span class=\"page-numbers dots\">&hellip;<\/span>\n<a aria-label=\"\u0421\u0442\u0440\u0430\u043d\u0438\u0446\u0430 8\" class=\"page-numbers\" href=\"https:\/\/www.kolibica.com\/ru\/wp-json\/wp\/v2\/pages\/82557\/page\/8\/\">8<\/a>\n<a class=\"next page-numbers\" href=\"https:\/\/www.kolibica.com\/ru\/wp-json\/wp\/v2\/pages\/82557\/page\/2\/\">\u0414\u0430\u043b\u0435\u0435 &raquo;<\/a>\t<\/div>\r\n<\/div>\n<\/div><\/div><\/div><\/div><\/div>\n","protected":false},"excerpt":{"rendered":"","protected":false},"author":2,"featured_media":0,"parent":0,"menu_order":0,"comment_status":"closed","ping_status":"closed","template":"","meta":{"content-type":"","footnotes":""},"class_list":["post-82557","page","type-page","status-publish","hentry"],"aioseo_notices":[],"_links":{"self":[{"href":"https:\/\/www.kolibica.com\/ru\/wp-json\/wp\/v2\/pages\/82557","targetHints":{"allow":["GET"]}}],"collection":[{"href":"https:\/\/www.kolibica.com\/ru\/wp-json\/wp\/v2\/pages"}],"about":[{"href":"https:\/\/www.kolibica.com\/ru\/wp-json\/wp\/v2\/types\/page"}],"author":[{"embeddable":true,"href":"https:\/\/www.kolibica.com\/ru\/wp-json\/wp\/v2\/users\/2"}],"replies":[{"embeddable":true,"href":"https:\/\/www.kolibica.com\/ru\/wp-json\/wp\/v2\/comments?post=82557"}],"version-history":[{"count":0,"href":"https:\/\/www.kolibica.com\/ru\/wp-json\/wp\/v2\/pages\/82557\/revisions"}],"wp:attachment":[{"href":"https:\/\/www.kolibica.com\/ru\/wp-json\/wp\/v2\/media?parent=82557"}],"curies":[{"name":"wp","href":"https:\/\/api.w.org\/{rel}","templated":true}]}}