{"id":90047,"date":"2025-06-09T14:56:06","date_gmt":"2025-06-09T12:56:06","guid":{"rendered":"https:\/\/www.kolibica.com\/product\/vinski-set-u-drvenoj-kutiji-rose\/"},"modified":"2025-06-09T15:02:26","modified_gmt":"2025-06-09T13:02:26","slug":"vinski-set-u-drvenoj-kutiji-rose","status":"publish","type":"product","link":"https:\/\/www.kolibica.com\/it\/prodotto\/vinski-set-u-drvenoj-kutiji-rose\/","title":{"rendered":"Vinski set u drvenoj kutiji ROSE"},"content":{"rendered":"<h2 data-start=\"44\" data-end=\"141\"><strong data-start=\"50\" data-end=\"141\">Vinski set u drvenoj kutiji ROSE: Zvani\u010dni alat za ve\u0107e ra\u010dune i bolje iskustvo<\/strong><\/h2>\n<p data-start=\"143\" data-end=\"180\"><span class=\"relative -mx-px my-[-0.2rem] rounded px-px py-[0.2rem] transition-colors duration-100 ease-in-out\">U ugostiteljstvu, na\u010din serviranja uti\u010de na koli\u010dinu pi\u0107a koje se konzumira. <strong data-start=\"77\" data-end=\"85\">ROSE<\/strong> set, sadr\u017ei drvenu kutiju sa trodelnim vinskim priborom \u2013 otvara\u010d, za\u010depljiva\u010d i levak\/spiralni za sipanje \u2013 sve \u0161to je potrebno za brzu i elegantnu poslu\u017eenost.<\/span><\/p>\n<h3 data-start=\"182\" data-end=\"223\">\ud83d\udcdd <strong data-start=\"189\" data-end=\"223\">Za\u0161to ugostitelji biraju ROSE?<\/strong><\/h3>\n<ul data-start=\"225\" data-end=\"434\">\n<li data-start=\"225\" data-end=\"266\">\n<p data-start=\"227\" data-end=\"266\"><span class=\"relative -mx-px my-[-0.2rem] rounded px-px py-[0.2rem] transition-colors duration-100 ease-in-out\">\ud83d\udcc8 <strong data-start=\"3\" data-end=\"19\">Br\u017ee sipanje<\/strong> = vi\u0161e porud\u017ebina po stolu<\/span><\/p>\n<\/li>\n<li data-start=\"267\" data-end=\"308\">\n<p data-start=\"269\" data-end=\"308\"><span class=\"relative -mx-px my-[-0.2rem] rounded px-px py-[0.2rem] transition-colors duration-100 ease-in-out\">\ud83c\udf3f <strong data-start=\"3\" data-end=\"29\">Prirodna drvena kutija<\/strong> \u2013 autenti\u010dan do\u017eivljaj<\/span><\/p>\n<\/li>\n<li data-start=\"309\" data-end=\"350\">\n<p data-start=\"311\" data-end=\"350\"><span class=\"relative -mx-px my-[-0.2rem] rounded px-px py-[0.2rem] transition-colors duration-100 ease-in-out\">\u2699\ufe0f <strong data-start=\"3\" data-end=\"24\">Kvalitetan pribor<\/strong> \u2013 profesionalna upotreba<\/span><\/p>\n<\/li>\n<li data-start=\"351\" data-end=\"392\">\n<p data-start=\"353\" data-end=\"392\"><span class=\"relative -mx-px my-[-0.2rem] rounded px-px py-[0.2rem] transition-colors duration-100 ease-in-out\">\u270d\ufe0f <strong data-start=\"3\" data-end=\"28\">Brendiranje na kutiji<\/strong> \u2013 stalna reklama<\/span><\/p>\n<\/li>\n<li data-start=\"393\" data-end=\"434\">\n<p data-start=\"395\" data-end=\"434\"><span class=\"relative -mx-px my-[-0.2rem] rounded px-px py-[0.2rem] transition-colors duration-100 ease-in-out\">\ud83c\udf81 <strong data-start=\"3\" data-end=\"20\">Poklon utisak<\/strong> \u2013 pove\u0107ava lojalnost grupa i event klijenata<\/span><\/p>\n<\/li>\n<\/ul>\n<hr data-start=\"436\" data-end=\"439\" \/>\n<h3 data-start=\"441\" data-end=\"465\">\ud83d\udcd0 <strong data-start=\"448\" data-end=\"465\">Specifikacije<\/strong><\/h3>\n<ul data-start=\"467\" data-end=\"966\">\n<li data-start=\"509\" data-end=\"526\">\n<p data-start=\"511\" data-end=\"526\"><strong data-start=\"511\" data-end=\"519\">Boja<\/strong>: Be\u017e<\/p>\n<\/li>\n<li data-start=\"527\" data-end=\"550\">\n<p data-start=\"529\" data-end=\"550\"><strong data-start=\"529\" data-end=\"542\">Materijal<\/strong>: Drvo<\/p>\n<\/li>\n<li data-start=\"551\" data-end=\"630\">\n<p data-start=\"553\" data-end=\"630\"><span class=\"relative -mx-px my-[-0.2rem] rounded px-px py-[0.2rem] transition-colors duration-100 ease-in-out\"><strong data-start=\"0\" data-end=\"13\" data-is-only-node=\"\">Dimenzije<\/strong>: 16 \u00d7 10 \u00d7 4.5 cm<\/span><\/p>\n<\/li>\n<li data-start=\"631\" data-end=\"714\">\n<p data-start=\"633\" data-end=\"714\"><span class=\"relative -mx-px my-[-0.2rem] rounded px-px py-[0.2rem] transition-colors duration-100 ease-in-out\"><strong data-start=\"0\" data-end=\"10\" data-is-only-node=\"\">Te\u017eina<\/strong>: 0.40\u202fkg<\/span><\/p>\n<\/li>\n<li data-start=\"715\" data-end=\"798\">\n<p data-start=\"717\" data-end=\"798\"><span class=\"relative -mx-px my-[-0.2rem] rounded px-px py-[0.2rem] transition-colors duration-100 ease-in-out\"><strong data-start=\"0\" data-end=\"13\" data-is-only-node=\"\">Pakovanje<\/strong>: 24 setova po kartonu<\/span><\/p>\n<\/li>\n<li data-start=\"799\" data-end=\"882\">\n<p data-start=\"801\" data-end=\"882\"><span class=\"relative -mx-px my-[-0.2rem] rounded px-px py-[0.2rem] transition-colors duration-100 ease-in-out\"><strong data-start=\"0\" data-end=\"10\" data-is-only-node=\"\">\u0160tampa<\/strong>: laserska, sito (prostori za logo 9\u00d75\u202fcm)<\/span><\/p>\n<\/li>\n<\/ul>\n","protected":false},"excerpt":{"rendered":"<p>Vinski set u drvenoj kutiji ROSE: Zvani\u010dni alat za ve\u0107e  [&#8230;]<\/p>\n","protected":false},"featured_media":90018,"template":"","meta":{"content-type":""},"product_brand":[],"product_cat":[152,150,147],"product_tag":[],"class_list":{"0":"post-90047","1":"product","2":"type-product","3":"status-publish","4":"has-post-thumbnail","6":"product_cat-merceria-di-lusso","7":"product_cat-merceria-in-legno","8":"product_cat-scatole-di-vino","10":"first","11":"instock","12":"shipping-taxable","13":"purchasable","14":"product-type-simple"},"aioseo_notices":[],"_links":{"self":[{"href":"https:\/\/www.kolibica.com\/it\/wp-json\/wp\/v2\/product\/90047","targetHints":{"allow":["GET"]}}],"collection":[{"href":"https:\/\/www.kolibica.com\/it\/wp-json\/wp\/v2\/product"}],"about":[{"href":"https:\/\/www.kolibica.com\/it\/wp-json\/wp\/v2\/types\/product"}],"wp:featuredmedia":[{"embeddable":true,"href":"https:\/\/www.kolibica.com\/it\/wp-json\/wp\/v2\/media\/90018"}],"wp:attachment":[{"href":"https:\/\/www.kolibica.com\/it\/wp-json\/wp\/v2\/media?parent=90047"}],"wp:term":[{"taxonomy":"product_brand","embeddable":true,"href":"https:\/\/www.kolibica.com\/it\/wp-json\/wp\/v2\/product_brand?post=90047"},{"taxonomy":"product_cat","embeddable":true,"href":"https:\/\/www.kolibica.com\/it\/wp-json\/wp\/v2\/product_cat?post=90047"},{"taxonomy":"product_tag","embeddable":true,"href":"https:\/\/www.kolibica.com\/it\/wp-json\/wp\/v2\/product_tag?post=90047"}],"curies":[{"name":"wp","href":"https:\/\/api.w.org\/{rel}","templated":true}]}}