{"id":89880,"date":"2025-06-06T11:53:59","date_gmt":"2025-06-06T09:53:59","guid":{"rendered":"https:\/\/www.kolibica.com\/product\/vinski-set-u-poklon-kutiji-vinum\/"},"modified":"2025-06-06T11:56:57","modified_gmt":"2025-06-06T09:56:57","slug":"vinski-set-u-poklon-kutiji-vinum","status":"publish","type":"product","link":"https:\/\/www.kolibica.com\/it\/prodotto\/vinski-set-u-poklon-kutiji-vinum\/","title":{"rendered":"Vinski set u poklon kutiji VINUM"},"content":{"rendered":"<h2>Vinski set u poklon kutiji VINUM je prakti\u010dan poklon koji ostavlja utisak<\/h2>\n<p data-start=\"172\" data-end=\"286\"><span class=\"relative -mx-px my-[-0.2rem] rounded px-px py-[0.2rem] transition-colors duration-100 ease-in-out\">U svetu poslovnih poklona, gde je prvi utisak \u010desto presudan, <strong data-start=\"62\" data-end=\"71\">VINUM<\/strong> <strong>vinski set<\/strong> predstavlja savr\u0161en spoj klasi\u010dnog dizajna i prakti\u010dne upotrebljivosti.<\/span> <span class=\"relative -mx-px my-[-0.2rem] rounded px-px py-[0.2rem] transition-colors duration-100 ease-in-out\">Ovaj set, koji se sastoji od elegantne poklon kutije i pribora za vino, idealan je za kompanije koje \u017eele da ostave sna\u017ean i trajan utisak na svoje klijente, partnere ili zaposlene.<\/span><\/p>\n<h3 data-start=\"288\" data-end=\"341\">\ud83c\udf3f <strong data-start=\"295\" data-end=\"341\">Prirodni materijali za sofisticiran izgled<\/strong><\/h3>\n<p data-start=\"343\" data-end=\"461\"><span class=\"relative -mx-px my-[-0.2rem] rounded px-px py-[0.2rem] transition-colors duration-100 ease-in-out\">VINUM set je izra\u0111en od visokokvalitetnih materijala, \u0161to mu daje prirodnu toplinu i estetski ugo\u0111aj.<\/span> <span class=\"relative -mx-px my-[-0.2rem] rounded px-px py-[0.2rem] transition-colors duration-100 ease-in-out\">Njegov minimalisti\u010dki dizajn i pa\u017eljivo odabrani materijali lako se uklapaju u razli\u010dite enterijere, dodaju\u0107i \u0161arm i eleganciju svakom prostoru.<\/span><\/p>\n<h3 data-start=\"463\" data-end=\"513\">\ud83c\udf81 <strong data-start=\"470\" data-end=\"513\">Idealno za poslovne poklone i promocije<\/strong><\/h3>\n<p data-start=\"515\" data-end=\"593\"><strong><span class=\"relative -mx-px my-[-0.2rem] rounded px-px py-[0.2rem] transition-colors duration-100 ease-in-out\">VINUM set dolazi u elegantnom poklon pakovanju, \u0161to ga \u010dini savr\u0161enim izborom za:<\/span><\/strong><\/p>\n<ul data-start=\"595\" data-end=\"801\">\n<li data-start=\"595\" data-end=\"636\">\n<p data-start=\"597\" data-end=\"636\"><span class=\"relative -mx-px my-[-0.2rem] rounded px-px py-[0.2rem] transition-colors duration-100 ease-in-out\"><strong data-start=\"0\" data-end=\"20\" data-is-last-node=\"\" data-is-only-node=\"\">Poslovne poklone<\/strong><\/span><\/p>\n<\/li>\n<li data-start=\"637\" data-end=\"678\">\n<p data-start=\"639\" data-end=\"678\"><span class=\"relative -mx-px my-[-0.2rem] rounded px-px py-[0.2rem] transition-colors duration-100 ease-in-out\"><strong data-start=\"0\" data-end=\"34\" data-is-last-node=\"\" data-is-only-node=\"\">Poklone za partnere i klijente<\/strong><\/span><\/p>\n<\/li>\n<li data-start=\"679\" data-end=\"720\">\n<p data-start=\"681\" data-end=\"720\"><span class=\"relative -mx-px my-[-0.2rem] rounded px-px py-[0.2rem] transition-colors duration-100 ease-in-out\"><strong data-start=\"0\" data-end=\"23\" data-is-last-node=\"\" data-is-only-node=\"\">Promotivne kampanje<\/strong><\/span><\/p>\n<\/li>\n<li data-start=\"721\" data-end=\"801\">\n<p data-start=\"723\" data-end=\"801\"><span class=\"relative -mx-px my-[-0.2rem] rounded px-px py-[0.2rem] transition-colors duration-100 ease-in-out\"><strong data-start=\"0\" data-end=\"65\" data-is-last-node=\"\" data-is-only-node=\"\">Specijalne prilike kao \u0161to su jubileji, godi\u0161njice i proslave<\/strong><\/span><\/p>\n<\/li>\n<\/ul>\n<p data-start=\"803\" data-end=\"881\"><span class=\"relative -mx-px my-[-0.2rem] rounded px-px py-[0.2rem] transition-colors duration-100 ease-in-out\">Mogu\u0107nost personalizacije putem laserske gravure omogu\u0107ava dodavanje logotipa ili posebne poruke, \u010dime se ovaj set pretvara u jedinstveni promotivni proizvod.<\/span><\/p>\n<h3 data-start=\"883\" data-end=\"917\">\ud83d\udcd0 <strong data-start=\"890\" data-end=\"917\">Specifikacije proizvoda<\/strong><\/h3>\n<ul data-start=\"919\" data-end=\"1286\">\n<li data-start=\"919\" data-end=\"975\">\n<p data-start=\"921\" data-end=\"975\"><strong data-start=\"921\" data-end=\"934\">Materijal<\/strong>: <span class=\"relative -mx-px my-[-0.2rem] rounded px-px py-[0.2rem] transition-colors duration-100 ease-in-out\">Metal<\/span><\/p>\n<\/li>\n<li data-start=\"976\" data-end=\"1032\">\n<p data-start=\"978\" data-end=\"1032\"><strong data-start=\"978\" data-end=\"991\">Dimenzije<\/strong>: <span class=\"relative -mx-px my-[-0.2rem] rounded px-px py-[0.2rem] transition-colors duration-100 ease-in-out\">13.5 x 15 x 3 cm<\/span><\/p>\n<\/li>\n<li data-start=\"1033\" data-end=\"1091\">\n<p data-start=\"1035\" data-end=\"1091\"><strong data-start=\"1035\" data-end=\"1050\">Neto te\u017eina<\/strong>: <span class=\"relative -mx-px my-[-0.2rem] rounded px-px py-[0.2rem] transition-colors duration-100 ease-in-out\">0.30 kg<\/span><\/p>\n<\/li>\n<li data-start=\"1092\" data-end=\"1148\">\n<p data-start=\"1094\" data-end=\"1148\"><strong data-start=\"1094\" data-end=\"1107\">Pakovanje<\/strong>: <span class=\"relative -mx-px my-[-0.2rem] rounded px-px py-[0.2rem] transition-colors duration-100 ease-in-out\">24\/12\/1<\/span><\/p>\n<\/li>\n<li data-start=\"1149\" data-end=\"1220\">\n<p data-start=\"1151\" data-end=\"1220\"><strong data-start=\"1151\" data-end=\"1179\">Preporu\u010dena vrsta \u0161tampe<\/strong>: <span class=\"relative -mx-px my-[-0.2rem] rounded px-px py-[0.2rem] transition-colors duration-100 ease-in-out\">Laserska gravura<\/span><\/p>\n<p>&nbsp;<\/p>\n<p data-start=\"2280\" data-end=\"2498\">\ud83d\udc49 <strong data-start=\"2283\" data-end=\"2314\"><a href=\"https:\/\/www.kolibica.com\/it\/contatto\/\">Kontaktirajte nas<\/a> ve\u0107 danas<\/strong> kako bismo pripremili personalizovanu ponudu za va\u0161u firmu.<br data-start=\"2374\" data-end=\"2377\" \/>\ud83d\udce6 <strong data-start=\"2380\" data-end=\"2429\">Dostupni su popusti za koli\u010dinske porud\u017ebine.<\/strong><br data-start=\"2429\" data-end=\"2432\" \/>\ud83d\udce9 Pi\u0161ite nam i zajedno kreirajmo promotivni poklon koji se pamti!<\/p>\n<\/li>\n<\/ul>\n","protected":false},"excerpt":{"rendered":"<p>Vinski set u poklon kutiji VINUM je prakti\u010dan poklon koji  [&#8230;]<\/p>\n","protected":false},"featured_media":89851,"template":"","meta":{"content-type":""},"product_brand":[],"product_cat":[152,147],"product_tag":[],"class_list":{"0":"post-89880","1":"product","2":"type-product","3":"status-publish","4":"has-post-thumbnail","6":"product_cat-merceria-di-lusso","7":"product_cat-scatole-di-vino","9":"first","10":"instock","11":"shipping-taxable","12":"purchasable","13":"product-type-simple"},"aioseo_notices":[],"_links":{"self":[{"href":"https:\/\/www.kolibica.com\/it\/wp-json\/wp\/v2\/product\/89880","targetHints":{"allow":["GET"]}}],"collection":[{"href":"https:\/\/www.kolibica.com\/it\/wp-json\/wp\/v2\/product"}],"about":[{"href":"https:\/\/www.kolibica.com\/it\/wp-json\/wp\/v2\/types\/product"}],"wp:featuredmedia":[{"embeddable":true,"href":"https:\/\/www.kolibica.com\/it\/wp-json\/wp\/v2\/media\/89851"}],"wp:attachment":[{"href":"https:\/\/www.kolibica.com\/it\/wp-json\/wp\/v2\/media?parent=89880"}],"wp:term":[{"taxonomy":"product_brand","embeddable":true,"href":"https:\/\/www.kolibica.com\/it\/wp-json\/wp\/v2\/product_brand?post=89880"},{"taxonomy":"product_cat","embeddable":true,"href":"https:\/\/www.kolibica.com\/it\/wp-json\/wp\/v2\/product_cat?post=89880"},{"taxonomy":"product_tag","embeddable":true,"href":"https:\/\/www.kolibica.com\/it\/wp-json\/wp\/v2\/product_tag?post=89880"}],"curies":[{"name":"wp","href":"https:\/\/api.w.org\/{rel}","templated":true}]}}