{"id":89726,"date":"2025-06-04T21:20:26","date_gmt":"2025-06-04T19:20:26","guid":{"rendered":"https:\/\/www.kolibica.com\/product\/drveni-otvarac-za-flase-bar\/"},"modified":"2025-06-04T21:21:45","modified_gmt":"2025-06-04T19:21:45","slug":"drveni-otvarac-za-flase-bar","status":"publish","type":"product","link":"https:\/\/www.kolibica.com\/it\/prodotto\/drveni-otvarac-za-flase-bar\/","title":{"rendered":"Drveni otvara\u010d za fla\u0161e BAR"},"content":{"rendered":"<h2 data-start=\"81\" data-end=\"152\"><strong data-start=\"87\" data-end=\"152\">Drveni otvara\u010d za fla\u0161e BAR: Stil koji otvara svaku priliku<\/strong><\/h2>\n<p data-start=\"154\" data-end=\"268\"><span class=\"relative -mx-px my-[-0.2rem] rounded px-px py-[0.2rem] transition-colors duration-100 ease-in-out\">U svetu poslovnih poklona, gde je prvi utisak \u010desto presudan, <strong data-start=\"62\" data-end=\"69\">BAR<\/strong> drveni otvara\u010d za fla\u0161e predstavlja savr\u0161en spoj klasi\u010dnog dizajna i prakti\u010dne upotrebljivosti.<\/span> <span class=\"relative -mx-px my-[-0.2rem] rounded px-px py-[0.2rem] transition-colors duration-100 ease-in-out\">Ovaj otvara\u010d, izra\u0111en od visokokvalitetnog drveta i ner\u0111aju\u0107eg \u010delika, idealan je za kompanije koje \u017eele da ostave sna\u017ean i trajan utisak na svoje klijente, partnere ili zaposlene.<\/span><\/p>\n<h3 data-start=\"270\" data-end=\"327\">\ud83c\udf7a <strong data-start=\"277\" data-end=\"327\">Globalna popularnost piva i bezalkoholnih pi\u0107a<\/strong><\/h3>\n<p data-start=\"329\" data-end=\"529\"><span class=\"relative -mx-px my-[-0.2rem] rounded px-px py-[0.2rem] transition-colors duration-100 ease-in-out\">Pivo je tre\u0107e najpopularnije pi\u0107e na svetu, odmah nakon vode i \u010daja, i najkonzumiranije alkoholno pi\u0107e<\/span> . <span class=\"relative -mx-px my-[-0.2rem] rounded px-px py-[0.2rem] transition-colors duration-100 ease-in-out\">U 2023. godini, globalna potro\u0161nja piva iznosila je pribli\u017eno 187,9 miliona kilolitara, \u0161to ukazuje na njegovu \u0161iroku rasprostranjenost i popularnost.<\/span><\/p>\n<p data-start=\"531\" data-end=\"730\"><span class=\"relative -mx-px my-[-0.2rem] rounded px-px py-[0.2rem] transition-colors duration-100 ease-in-out\">Istovremeno, tr\u017ei\u0161te bezalkoholnih pi\u0107a bele\u017ei zna\u010dajan rast.<\/span> <span class=\"relative -mx-px my-[-0.2rem] rounded px-px py-[0.2rem] transition-colors duration-100 ease-in-out\">Globalno, samo 17% konzumenata potpuno se uzdr\u017eava od alkohola, dok 43% povremeno konzumira pi\u0107a sa niskim ili bezalkoholnim sadr\u017eajem<\/span> . <span class=\"relative -mx-px my-[-0.2rem] rounded px-px py-[0.2rem] transition-colors duration-100 ease-in-out\">Ovaj trend ukazuje na sve ve\u0107u potra\u017enju za proizvodima koji se mogu koristiti u razli\u010ditim kontekstima, bilo da se radi o alkoholnim ili bezalkoholnim pi\u0107ima.<\/span><\/p>\n<h3 data-start=\"732\" data-end=\"782\">\ud83c\udf81 <strong data-start=\"739\" data-end=\"782\">Idealno za poslovne poklone i promocije<\/strong><\/h3>\n<p data-start=\"784\" data-end=\"862\"><strong><span class=\"relative -mx-px my-[-0.2rem] rounded px-px py-[0.2rem] transition-colors duration-100 ease-in-out\">BAR otvara\u010d dolazi u elegantnom poklon pakovanju, \u0161to ga \u010dini savr\u0161enim izborom za:<\/span><\/strong><\/p>\n<ul data-start=\"864\" data-end=\"1070\">\n<li data-start=\"864\" data-end=\"905\">\n<p data-start=\"866\" data-end=\"905\"><span class=\"relative -mx-px my-[-0.2rem] rounded px-px py-[0.2rem] transition-colors duration-100 ease-in-out\"><strong data-start=\"0\" data-end=\"20\" data-is-last-node=\"\" data-is-only-node=\"\">Poslovne poklone<\/strong><\/span><\/p>\n<\/li>\n<li data-start=\"906\" data-end=\"947\">\n<p data-start=\"908\" data-end=\"947\"><span class=\"relative -mx-px my-[-0.2rem] rounded px-px py-[0.2rem] transition-colors duration-100 ease-in-out\"><strong data-start=\"0\" data-end=\"34\" data-is-last-node=\"\" data-is-only-node=\"\">Poklone za partnere i klijente<\/strong><\/span><\/p>\n<\/li>\n<li data-start=\"948\" data-end=\"989\">\n<p data-start=\"950\" data-end=\"989\"><span class=\"relative -mx-px my-[-0.2rem] rounded px-px py-[0.2rem] transition-colors duration-100 ease-in-out\"><strong data-start=\"0\" data-end=\"23\" data-is-last-node=\"\" data-is-only-node=\"\">Promotivne kampanje<\/strong><\/span><\/p>\n<\/li>\n<li data-start=\"990\" data-end=\"1070\">\n<p data-start=\"992\" data-end=\"1070\"><span class=\"relative -mx-px my-[-0.2rem] rounded px-px py-[0.2rem] transition-colors duration-100 ease-in-out\"><strong data-start=\"0\" data-end=\"65\" data-is-last-node=\"\" data-is-only-node=\"\">Specijalne prilike kao \u0161to su jubileji, godi\u0161njice i proslave<\/strong><\/span><\/p>\n<\/li>\n<\/ul>\n<p data-start=\"1072\" data-end=\"1150\"><strong><span class=\"relative -mx-px my-[-0.2rem] rounded px-px py-[0.2rem] transition-colors duration-100 ease-in-out\">Mogu\u0107nost personalizacije putem laserske gravure omogu\u0107ava dodavanje logotipa ili posebne poruke, \u010dime se ovaj otvara\u010d pretvara u jedinstveni promotivni proizvod.<\/span><\/strong><\/p>\n<h3 data-start=\"1152\" data-end=\"1186\">\ud83d\udcd0 <strong data-start=\"1159\" data-end=\"1186\">Specifikacije proizvoda<\/strong><\/h3>\n<ul data-start=\"1188\" data-end=\"1555\">\n<li data-start=\"1188\" data-end=\"1244\">\n<p data-start=\"1190\" data-end=\"1244\"><strong data-start=\"1190\" data-end=\"1203\">Materijal<\/strong>: <span class=\"relative -mx-px my-[-0.2rem] rounded px-px py-[0.2rem] transition-colors duration-100 ease-in-out\">Drvo i ner\u0111aju\u0107i \u010delik<\/span><\/p>\n<\/li>\n<li data-start=\"1302\" data-end=\"1360\">\n<p data-start=\"1304\" data-end=\"1360\"><strong data-start=\"1304\" data-end=\"1319\">Neto te\u017eina<\/strong>: <span class=\"relative -mx-px my-[-0.2rem] rounded px-px py-[0.2rem] transition-colors duration-100 ease-in-out\">0.04 kg<\/span><\/p>\n<\/li>\n<li data-start=\"1361\" data-end=\"1417\">\n<p data-start=\"1363\" data-end=\"1417\"><strong data-start=\"1363\" data-end=\"1376\">Pakovanje<\/strong>: <span class=\"relative -mx-px my-[-0.2rem] rounded px-px py-[0.2rem] transition-colors duration-100 ease-in-out\">200\/50\/1<\/span><\/p>\n<\/li>\n<li data-start=\"1418\" data-end=\"1489\">\n<p data-start=\"1420\" data-end=\"1489\"><strong data-start=\"1420\" data-end=\"1448\">Preporu\u010dena vrsta \u0161tampe<\/strong>: <span class=\"relative -mx-px my-[-0.2rem] rounded px-px py-[0.2rem] transition-colors duration-100 ease-in-out\">Laserska gravura<\/span><\/p>\n<\/li>\n<\/ul>\n","protected":false},"excerpt":{"rendered":"<p>Drveni otvara\u010d za fla\u0161e BAR: Stil koji otvara svaku priliku  [&#8230;]<\/p>\n","protected":false},"featured_media":89697,"template":"","meta":{"content-type":""},"product_brand":[],"product_cat":[151,150,154],"product_tag":[],"class_list":{"0":"post-89726","1":"product","2":"type-product","3":"status-publish","4":"has-post-thumbnail","6":"product_cat-accessori-da-cucina-in-legno","7":"product_cat-merceria-in-legno","8":"product_cat-souvenir","10":"first","11":"instock","12":"shipping-taxable","13":"purchasable","14":"product-type-simple"},"aioseo_notices":[],"_links":{"self":[{"href":"https:\/\/www.kolibica.com\/it\/wp-json\/wp\/v2\/product\/89726","targetHints":{"allow":["GET"]}}],"collection":[{"href":"https:\/\/www.kolibica.com\/it\/wp-json\/wp\/v2\/product"}],"about":[{"href":"https:\/\/www.kolibica.com\/it\/wp-json\/wp\/v2\/types\/product"}],"wp:featuredmedia":[{"embeddable":true,"href":"https:\/\/www.kolibica.com\/it\/wp-json\/wp\/v2\/media\/89697"}],"wp:attachment":[{"href":"https:\/\/www.kolibica.com\/it\/wp-json\/wp\/v2\/media?parent=89726"}],"wp:term":[{"taxonomy":"product_brand","embeddable":true,"href":"https:\/\/www.kolibica.com\/it\/wp-json\/wp\/v2\/product_brand?post=89726"},{"taxonomy":"product_cat","embeddable":true,"href":"https:\/\/www.kolibica.com\/it\/wp-json\/wp\/v2\/product_cat?post=89726"},{"taxonomy":"product_tag","embeddable":true,"href":"https:\/\/www.kolibica.com\/it\/wp-json\/wp\/v2\/product_tag?post=89726"}],"curies":[{"name":"wp","href":"https:\/\/api.w.org\/{rel}","templated":true}]}}