{"id":88735,"date":"2023-04-04T11:10:28","date_gmt":"2023-04-04T09:10:28","guid":{"rendered":"https:\/\/www.kolibica.com\/product\/drvene-masice-za-rostilj-i-salatu\/"},"modified":"2024-04-23T14:16:22","modified_gmt":"2024-04-23T12:16:22","slug":"drvene-masice-za-rostilj-i-salatu","status":"publish","type":"product","link":"https:\/\/www.kolibica.com\/it\/prodotto\/drvene-masice-za-rostilj-i-salatu\/","title":{"rendered":"Drvene ma\u0161ice za ro\u0161tilj i salatu"},"content":{"rendered":"<p><strong>Drvene ma\u0161ice za ro\u0161tilj i salatu<\/strong> su odli\u010dan promotivni proizvod. Lako se sklapaju i zauzimaju malo mesta pri pakovanju.<\/p>\n<p>Drvene ma\u0161ice se proizvode od <a href=\"https:\/\/www.kolibica.com\/it\/proprieta-strutturali-e-usabilita-delle-specie-legnose-domestiche\/\">bukve<\/a>.<\/p>\n<p>Ovaj proizvod je pogodan za lasersko graviranje.<\/p>\n","protected":false},"excerpt":{"rendered":"<p>Drvene ma\u0161ice za ro\u0161tilj i salatu su odli\u010dan promotivni proizvod.  [&#8230;]<\/p>\n","protected":false},"featured_media":86014,"template":"","meta":{"content-type":""},"product_brand":[],"product_cat":[151,150],"product_tag":[],"class_list":{"0":"post-88735","1":"product","2":"type-product","3":"status-publish","4":"has-post-thumbnail","6":"product_cat-accessori-da-cucina-in-legno","7":"product_cat-merceria-in-legno","9":"first","10":"instock","11":"shipping-taxable","12":"product-type-simple"},"aioseo_notices":[],"_links":{"self":[{"href":"https:\/\/www.kolibica.com\/it\/wp-json\/wp\/v2\/product\/88735","targetHints":{"allow":["GET"]}}],"collection":[{"href":"https:\/\/www.kolibica.com\/it\/wp-json\/wp\/v2\/product"}],"about":[{"href":"https:\/\/www.kolibica.com\/it\/wp-json\/wp\/v2\/types\/product"}],"wp:featuredmedia":[{"embeddable":true,"href":"https:\/\/www.kolibica.com\/it\/wp-json\/wp\/v2\/media\/86014"}],"wp:attachment":[{"href":"https:\/\/www.kolibica.com\/it\/wp-json\/wp\/v2\/media?parent=88735"}],"wp:term":[{"taxonomy":"product_brand","embeddable":true,"href":"https:\/\/www.kolibica.com\/it\/wp-json\/wp\/v2\/product_brand?post=88735"},{"taxonomy":"product_cat","embeddable":true,"href":"https:\/\/www.kolibica.com\/it\/wp-json\/wp\/v2\/product_cat?post=88735"},{"taxonomy":"product_tag","embeddable":true,"href":"https:\/\/www.kolibica.com\/it\/wp-json\/wp\/v2\/product_tag?post=88735"}],"curies":[{"name":"wp","href":"https:\/\/api.w.org\/{rel}","templated":true}]}}