{"id":88663,"date":"2023-02-24T11:21:13","date_gmt":"2023-02-24T09:21:13","guid":{"rendered":"https:\/\/www.kolibica.com\/product\/barske-stolice-bentwood-014\/"},"modified":"2025-03-20T12:16:52","modified_gmt":"2025-03-20T10:16:52","slug":"barske-stolice-bentwood-014","status":"publish","type":"product","link":"https:\/\/www.kolibica.com\/it\/prodotto\/barske-stolice-bentwood-014\/","title":{"rendered":"Barske stolice Bentwood 014"},"content":{"rendered":"<p><strong>Barske stolice Bentwood 014 se odli\u010dno uklapaju uz modele <a href=\"https:\/\/www.kolibica.com\/en\/proizvod\/stolice-za-restorane-bentwood-034\/\">Drvene stolice Bentwood 034<\/a> .<\/strong><\/p>\n<p>Da li tra\u017eite vanvremenski komad name\u0161taja koji c\u0301e trajati godinama?<\/p>\n<p>Na\u0161e drvene stolice su napravljene od <a href=\"https:\/\/www.kolibica.com\/it\/proprieta-strutturali-e-usabilita-delle-specie-legnose-domestiche\/\">bukovog<\/a> drveta, \u0161to ih \u010dini neverovatno izdr\u017eljivim i dugotrajnim. Osim toga, dolaze u nizu boja, tako da mo\u017eete odabrati savr\u0161en stil koji c\u0301e odgovarati va\u0161em domu.<\/p>\n<p><strong>KARAKTERISTIKE:<\/strong><br \/>\n\ud83c\udf33 Vanvremenski dizajn: Napravljene od bukovog drveta, na\u0161e barske stolice su bezvremenski i klasi\u010dan komad name\u0161taja koji c\u0301e izgledati sjajno u svakom domu.<\/p>\n<p>\ud83c\udfa8 Odaberite svoju boju: Uz niz boja koje mo\u017eete izabrati, mo\u017eete pronac\u0301i savr\u0161enu drvenu barske stolicu koja odgovara va\u0161em postojec\u0301em dekoru.<\/p>\n<p>\ud83d\udcaa Izdr\u017eljivost: Na\u0161e drvene barske stolice su napravljene od <a href=\"https:\/\/www.kolibica.com\/it\/proprieta-strutturali-e-usabilita-delle-specie-legnose-domestiche\/\">bukovog<\/a> drveta, \u0161to ih \u010dini neverovatno izdr\u017eljivim i dugotrajnim.<\/p>\n<p><strong>SPECIFIKACIJE:<\/strong><br \/>\n\u2013 Od bukovog drveta<br \/>\n\u2013 Dostupno u nizu boja<br \/>\n\u2013 Dimenzije: \u0160 x D x H (sedi\u0161te) \/ H (ukupno): 450 x 520 x 750 \/ 1130 mm<\/p>\n<p><strong>\u010cesto postavljana pitanja:<\/strong><br \/>\nP: Od kog materijala su napravljene barske stolice?<br \/>\nO: Na\u0161e drvene barske stolice su izra\u0111ene od bukovog drveta.<\/p>\n<p>P: Koliko te\u017eine stolice mogu da izdr\u017ee?<br \/>\nO: Stolice mogu da izdr\u017ee do 150 kg.<\/p>\n<p>P: Koje su dimenzije stolica?<br \/>\nO: Stolice imaju dimenzije \u0160 x D x H (sedi\u0161te) \/ H (ukupno): 450 x 520 x 750 \/ 1130 mm.<\/p>\n","protected":false},"excerpt":{"rendered":"<p>Barske stolice Bentwood 014 se odli\u010dno uklapaju uz modele Drvene  [&#8230;]<\/p>\n","protected":false},"featured_media":85589,"template":"","meta":{"content-type":""},"product_brand":[],"product_cat":[156,158],"product_tag":[],"class_list":{"0":"post-88663","1":"product","2":"type-product","3":"status-publish","4":"has-post-thumbnail","6":"product_cat-mobilia","7":"product_cat-sedie-in-legno","9":"first","10":"instock","11":"shipping-taxable","12":"purchasable","13":"product-type-simple"},"aioseo_notices":[],"_links":{"self":[{"href":"https:\/\/www.kolibica.com\/it\/wp-json\/wp\/v2\/product\/88663","targetHints":{"allow":["GET"]}}],"collection":[{"href":"https:\/\/www.kolibica.com\/it\/wp-json\/wp\/v2\/product"}],"about":[{"href":"https:\/\/www.kolibica.com\/it\/wp-json\/wp\/v2\/types\/product"}],"wp:featuredmedia":[{"embeddable":true,"href":"https:\/\/www.kolibica.com\/it\/wp-json\/wp\/v2\/media\/85589"}],"wp:attachment":[{"href":"https:\/\/www.kolibica.com\/it\/wp-json\/wp\/v2\/media?parent=88663"}],"wp:term":[{"taxonomy":"product_brand","embeddable":true,"href":"https:\/\/www.kolibica.com\/it\/wp-json\/wp\/v2\/product_brand?post=88663"},{"taxonomy":"product_cat","embeddable":true,"href":"https:\/\/www.kolibica.com\/it\/wp-json\/wp\/v2\/product_cat?post=88663"},{"taxonomy":"product_tag","embeddable":true,"href":"https:\/\/www.kolibica.com\/it\/wp-json\/wp\/v2\/product_tag?post=88663"}],"curies":[{"name":"wp","href":"https:\/\/api.w.org\/{rel}","templated":true}]}}