{"id":88611,"date":"2023-02-23T08:19:19","date_gmt":"2023-02-23T06:19:19","guid":{"rendered":"https:\/\/www.kolibica.com\/product\/metalna-vintage-stolica-004\/"},"modified":"2025-03-20T12:04:52","modified_gmt":"2025-03-20T10:04:52","slug":"metalna-vintage-stolica-004","status":"publish","type":"product","link":"https:\/\/www.kolibica.com\/it\/prodotto\/metalna-vintage-stolica-004\/","title":{"rendered":"Metalna vintage stolica 004"},"content":{"rendered":"<p><strong>Metalna vintage stolica 004 se odli\u010dno uklapa uz modele <a title=\"Metalna vintage stolica 001\" href=\"https:\/\/www.kolibica.com\/en\/proizvod\/metalna-vintage-stolica-001\/\">Metalna vintage stolica 001<\/a> i\u00a0 <a title=\"Barska metalna vintage stolica\" href=\"https:\/\/www.kolibica.com\/en\/proizvod\/barska-metalna-vintage-stolica\/\">Barska metalna vintage stolica<\/a>.<\/strong><\/p>\n<p>Da li tra\u017eite elegantnu i pouzdanu stolicu koja mo\u017ee stajati na otvorenom?<\/p>\n<p>Ne tra\u017eite dalje od ove Vintage metalne stolice! Ova 100% ru\u010dno ra\u0111ena stolica je napravljena od aluminijuma i dizajnirana je da bude otporna na ki\u0161u, sneg i sunce. Tako\u0111e ima elektrostati\u010dku prevlaku u prahu kako bi se osiguralo da ne r\u0111a i da se lako \u010disti. Evo nekih karakteristika i specifikacija ove neverovatne stolice:<\/p>\n<p><strong>KARAKTERISTIKE:<\/strong><\/p>\n<p>\ud83d\udcaa Izdr\u017eljivost: Ova starinska metalna stolica je napravljena od aluminijuma i dizajnirana je da bude otporna na ki\u0161u, sneg i sunce.<\/p>\n<p>\ud83d\udd27 Lako se \u010disti: Ova stolica je tako\u0111e oblo\u017eena elektrostati\u010dkim prahom kako bi se osiguralo da ne r\u0111a i da se lako \u010disti.<\/p>\n<p>\ud83c\udf1e Upotreba na otvorenom: Ova stolica je pogodna za upotrebu na otvorenom, \u0161to je \u010dini savr\u0161enom za va\u0161u sledec\u0301u zabavu u dvori\u0161tu.<\/p>\n<p><strong>SPECIFIKACIJE:<\/strong><\/p>\n<p>&#8211; 100% ru\u010dni rad<br \/>\n&#8211; Od aluminijuma<br \/>\n&#8211; Pogodno za spolja\u0161nju upotrebu<br \/>\n&#8211; Elektrostatski premaz u prahu<\/p>\n<p>&nbsp;<\/p>\n<p><strong>\u0106ESTO POSTAVLJANA PITANJA:<\/strong><\/p>\n<p>P: Da li je ova stolica pogodna za upotrebu na otvorenom?<br \/>\nO: Da, ova stolica je pogodna za upotrebu na otvorenom i dizajnirana je da bude otporna na ki\u0161u, sneg i sunce.<\/p>\n<p>P: Da li se ova stolica lako \u010disti?<br \/>\nO: Da, ova stolica je oblo\u017eena elektrostati\u010dkim prahom kako bi se osiguralo da ne r\u0111a i da se lako \u010disti.<\/p>\n","protected":false},"excerpt":{"rendered":"<p>Metalna vintage stolica 004 se odli\u010dno uklapa uz modele Metalna  [&#8230;]<\/p>\n","protected":false},"featured_media":85475,"template":"","meta":{"content-type":""},"product_brand":[],"product_cat":[157,156,158],"product_tag":[],"class_list":{"0":"post-88611","1":"product","2":"type-product","3":"status-publish","4":"has-post-thumbnail","6":"product_cat-arredamento-da-giardino","7":"product_cat-mobilia","8":"product_cat-sedie-in-legno","10":"first","11":"instock","12":"shipping-taxable","13":"purchasable","14":"product-type-simple"},"aioseo_notices":[],"_links":{"self":[{"href":"https:\/\/www.kolibica.com\/it\/wp-json\/wp\/v2\/product\/88611","targetHints":{"allow":["GET"]}}],"collection":[{"href":"https:\/\/www.kolibica.com\/it\/wp-json\/wp\/v2\/product"}],"about":[{"href":"https:\/\/www.kolibica.com\/it\/wp-json\/wp\/v2\/types\/product"}],"wp:featuredmedia":[{"embeddable":true,"href":"https:\/\/www.kolibica.com\/it\/wp-json\/wp\/v2\/media\/85475"}],"wp:attachment":[{"href":"https:\/\/www.kolibica.com\/it\/wp-json\/wp\/v2\/media?parent=88611"}],"wp:term":[{"taxonomy":"product_brand","embeddable":true,"href":"https:\/\/www.kolibica.com\/it\/wp-json\/wp\/v2\/product_brand?post=88611"},{"taxonomy":"product_cat","embeddable":true,"href":"https:\/\/www.kolibica.com\/it\/wp-json\/wp\/v2\/product_cat?post=88611"},{"taxonomy":"product_tag","embeddable":true,"href":"https:\/\/www.kolibica.com\/it\/wp-json\/wp\/v2\/product_tag?post=88611"}],"curies":[{"name":"wp","href":"https:\/\/api.w.org\/{rel}","templated":true}]}}