{"id":88522,"date":"2023-01-25T14:50:10","date_gmt":"2023-01-25T12:50:10","guid":{"rendered":"https:\/\/www.kolibica.com\/product\/posluzavnik-za-rakiju-sa-zvoncem\/"},"modified":"2024-04-23T13:50:39","modified_gmt":"2024-04-23T11:50:39","slug":"posluzavnik-za-rakiju-sa-zvoncem","status":"publish","type":"product","link":"https:\/\/www.kolibica.com\/it\/prodotto\/posluzavnik-za-rakiju-sa-zvoncem\/","title":{"rendered":"Poslu\u017eavnik za rakiju sa zvoncem"},"content":{"rendered":"<p><strong>Poslu\u017eavnik za rakiju sa zvoncem<\/strong> je veoma interesantan proizvod namenjen ugostiteljstvu. Namenjen je poslu\u017eivanju \u017eestokih pi\u0107a u malim \u010da\u0161ama. Na poslu\u017eavniku se nalazi zvonce, radi lak\u0161e komunikacije sa konobarima. Poslu\u017eavnik mo\u017ee biti izra\u0111en prema dimenzijama koje zahteva kupac, a tako\u0111e je pogodan za lasersku gravuru. Boju tako\u0111e mo\u017eete odabrati.<\/p>\n","protected":false},"excerpt":{"rendered":"<p>Poslu\u017eavnik za rakiju sa zvoncem je veoma interesantan proizvod namenjen  [&#8230;]<\/p>\n","protected":false},"featured_media":84932,"template":"","meta":{"content-type":""},"product_brand":[],"product_cat":[151,150],"product_tag":[],"class_list":{"0":"post-88522","1":"product","2":"type-product","3":"status-publish","4":"has-post-thumbnail","6":"product_cat-accessori-da-cucina-in-legno","7":"product_cat-merceria-in-legno","9":"first","10":"instock","11":"shipping-taxable","12":"product-type-simple"},"aioseo_notices":[],"_links":{"self":[{"href":"https:\/\/www.kolibica.com\/it\/wp-json\/wp\/v2\/product\/88522","targetHints":{"allow":["GET"]}}],"collection":[{"href":"https:\/\/www.kolibica.com\/it\/wp-json\/wp\/v2\/product"}],"about":[{"href":"https:\/\/www.kolibica.com\/it\/wp-json\/wp\/v2\/types\/product"}],"wp:featuredmedia":[{"embeddable":true,"href":"https:\/\/www.kolibica.com\/it\/wp-json\/wp\/v2\/media\/84932"}],"wp:attachment":[{"href":"https:\/\/www.kolibica.com\/it\/wp-json\/wp\/v2\/media?parent=88522"}],"wp:term":[{"taxonomy":"product_brand","embeddable":true,"href":"https:\/\/www.kolibica.com\/it\/wp-json\/wp\/v2\/product_brand?post=88522"},{"taxonomy":"product_cat","embeddable":true,"href":"https:\/\/www.kolibica.com\/it\/wp-json\/wp\/v2\/product_cat?post=88522"},{"taxonomy":"product_tag","embeddable":true,"href":"https:\/\/www.kolibica.com\/it\/wp-json\/wp\/v2\/product_tag?post=88522"}],"curies":[{"name":"wp","href":"https:\/\/api.w.org\/{rel}","templated":true}]}}