{"id":88501,"date":"2023-01-24T17:12:56","date_gmt":"2023-01-24T15:12:56","guid":{"rendered":"https:\/\/www.kolibica.com\/product\/drvena-gajbica-za-cokoladu-sa-cekicem\/"},"modified":"2024-04-23T13:45:00","modified_gmt":"2024-04-23T11:45:00","slug":"drvena-gajbica-za-cokoladu-sa-cekicem","status":"publish","type":"product","link":"https:\/\/www.kolibica.com\/it\/prodotto\/drvena-gajbica-za-cokoladu-sa-cekicem\/","title":{"rendered":"Drvena gajbica za \u010dokoladu sa \u010deki\u0107em"},"content":{"rendered":"<p>Drvena gajbica za \u010dokoladu sa \u010deki\u0107em<\/p>\n","protected":false},"excerpt":{"rendered":"<p>Drvena gajbica za \u010dokoladu sa \u010deki\u0107em<\/p>\n","protected":false},"featured_media":84865,"template":"","meta":{"content-type":""},"product_brand":[],"product_cat":[151,155,150],"product_tag":[],"class_list":{"0":"post-88501","1":"product","2":"type-product","3":"status-publish","4":"has-post-thumbnail","6":"product_cat-accessori-da-cucina-in-legno","7":"product_cat-edonismo","8":"product_cat-merceria-in-legno","10":"first","11":"instock","12":"shipping-taxable","13":"product-type-simple"},"aioseo_notices":[],"_links":{"self":[{"href":"https:\/\/www.kolibica.com\/it\/wp-json\/wp\/v2\/product\/88501","targetHints":{"allow":["GET"]}}],"collection":[{"href":"https:\/\/www.kolibica.com\/it\/wp-json\/wp\/v2\/product"}],"about":[{"href":"https:\/\/www.kolibica.com\/it\/wp-json\/wp\/v2\/types\/product"}],"wp:featuredmedia":[{"embeddable":true,"href":"https:\/\/www.kolibica.com\/it\/wp-json\/wp\/v2\/media\/84865"}],"wp:attachment":[{"href":"https:\/\/www.kolibica.com\/it\/wp-json\/wp\/v2\/media?parent=88501"}],"wp:term":[{"taxonomy":"product_brand","embeddable":true,"href":"https:\/\/www.kolibica.com\/it\/wp-json\/wp\/v2\/product_brand?post=88501"},{"taxonomy":"product_cat","embeddable":true,"href":"https:\/\/www.kolibica.com\/it\/wp-json\/wp\/v2\/product_cat?post=88501"},{"taxonomy":"product_tag","embeddable":true,"href":"https:\/\/www.kolibica.com\/it\/wp-json\/wp\/v2\/product_tag?post=88501"}],"curies":[{"name":"wp","href":"https:\/\/api.w.org\/{rel}","templated":true}]}}