{"id":87697,"date":"2023-06-28T12:24:57","date_gmt":"2023-06-28T10:24:57","guid":{"rendered":"https:\/\/www.kolibica.com\/product\/daska-za-palentu\/"},"modified":"2024-04-18T21:37:54","modified_gmt":"2024-04-18T19:37:54","slug":"daska-za-palentu","status":"publish","type":"product","link":"https:\/\/www.kolibica.com\/it\/prodotto\/daska-za-palentu\/","title":{"rendered":"Daska za palentu"},"content":{"rendered":"<p><strong>Unapredite svoje kulinarsko iskustvo: Daska za palentu koja \u0161tedi vreme i impresionira goste!<\/strong><\/p>\n<p>Otkrijte tajnu uspeha svih vrhunskih kuvara i postanite doma\u0107in za pam\u0107enje!<\/p>\n<p>Dragi ljubitelji kuvanja i izvrsne hrane,<\/p>\n<p>Da li \u017eelite da otkrijete tajnu svih vrhunskih kuvara? Da li \u017eelite da postanete doma\u0107in koji \u0107e ostaviti goste bez daha svojom ve\u0161tinom i stilom? Imamo re\u0161enje za vas &#8211; daska za palentu koja \u0107e vam omogu\u0107iti da podignete svoje kulinarsko iskustvo na sasvim novi nivo!<\/p>\n<p>Na\u0161a <strong>daska za palentu<\/strong> je dizajnirana da zadovolji potrebe svakog ambicioznog kuvara. Zahvaljuju\u0107i njenom velikom kapacitetu, mo\u017eete lako pripremiti palentu za ve\u0107i broj gostiju bez ikakvih pote\u0161ko\u0107a. Vi\u0161e ne\u0107ete morati da se brinete o serviranju hrane u etapama ili o ograni\u010denom prostoru na trpezi. Ova daska \u0107e vam omogu\u0107iti da sve bude spremno istovremeno, brzo i efikasno.<\/p>\n<p>Ali to nije sve! Na\u0161a daska za palentu je vi\u0161e od obi\u010dne daske za se\u010denje hrane. Njen elegantni dizajn \u010dini je savr\u0161enim izborom za serviranje predjela. Mo\u017eete je koristiti kao prelepu podlogu za sve vrste ukusnih zalogaja koje ste pripremili za svoje goste. Impresionira\u0107ete ih ne samo svojim kulinarskim ve\u0161tinama, ve\u0107 i sofisticiranim stilom koji ova daska pru\u017ea.<\/p>\n<p>Kao \u0161to svi znamo, vreme je dragoceno, posebno kada se priprema obrok za ve\u0107i broj ljudi. Upravo iz tog razloga, na\u0161a daska za palentu je napravljena od visokokvalitetnog materijala koji je izuzetno izdr\u017eljiv i lako se odr\u017eava. Nakon upotrebe, samo je operite i osu\u0161ite, i bi\u0107e spremna za slede\u0107i kulinarski podvig. Ako primetite neprijatne mirise, na\u0161 savet je da je izribate o\u0161trom \u010detkom umo\u010denom u me\u0161avinu soli i sir\u0107eta. Va\u0161a daska \u0107e uvek biti \u010dista i spremna za nova gastronomska dostignu\u0107a.<\/p>\n<p>Ne propustite ovu jedinstvenu priliku da unapredite svoje kulinarske ve\u0161tine i impresionirate sve sa svojim ukusnim jelima. Poru\u010dite svoju dasku za palentu odmah i postanite doma\u0107in koji \u0107e se dugo pamtiti.<\/p>\n<p>Prijavite se za na\u0161 newsletter kako biste uvek bili u toku sa najnovijim trendovima u kuvanju i dobijali posebne ponude i popuste. Nemojte \u010dekati! Va\u0161a kulinarska avantura zapo\u010dinje ovde.<\/p>\n<p><strong><a title=\"Kontaktirajte nas\" href=\"https:\/\/www.kolibica.com\/it\/contatto\/\">Poru\u010dite svoju dasku za palentu ve\u0107 danas<\/a> i otkrijte sve prednosti koje ona pru\u017ea. Va\u0161a kuhinja nikada vi\u0161e ne\u0107e biti ista!<\/strong><\/p>\n","protected":false},"excerpt":{"rendered":"<p>Unapredite svoje kulinarsko iskustvo: Daska za palentu koja \u0161tedi vreme  [&#8230;]<\/p>\n","protected":false},"featured_media":86205,"template":"","meta":{"content-type":""},"product_brand":[],"product_cat":[151],"product_tag":[],"class_list":{"0":"post-87697","1":"product","2":"type-product","3":"status-publish","4":"has-post-thumbnail","6":"product_cat-accessori-da-cucina-in-legno","8":"first","9":"instock","10":"shipping-taxable","11":"product-type-simple"},"aioseo_notices":[],"_links":{"self":[{"href":"https:\/\/www.kolibica.com\/it\/wp-json\/wp\/v2\/product\/87697","targetHints":{"allow":["GET"]}}],"collection":[{"href":"https:\/\/www.kolibica.com\/it\/wp-json\/wp\/v2\/product"}],"about":[{"href":"https:\/\/www.kolibica.com\/it\/wp-json\/wp\/v2\/types\/product"}],"wp:featuredmedia":[{"embeddable":true,"href":"https:\/\/www.kolibica.com\/it\/wp-json\/wp\/v2\/media\/86205"}],"wp:attachment":[{"href":"https:\/\/www.kolibica.com\/it\/wp-json\/wp\/v2\/media?parent=87697"}],"wp:term":[{"taxonomy":"product_brand","embeddable":true,"href":"https:\/\/www.kolibica.com\/it\/wp-json\/wp\/v2\/product_brand?post=87697"},{"taxonomy":"product_cat","embeddable":true,"href":"https:\/\/www.kolibica.com\/it\/wp-json\/wp\/v2\/product_cat?post=87697"},{"taxonomy":"product_tag","embeddable":true,"href":"https:\/\/www.kolibica.com\/it\/wp-json\/wp\/v2\/product_tag?post=87697"}],"curies":[{"name":"wp","href":"https:\/\/api.w.org\/{rel}","templated":true}]}}