{"id":86511,"date":"2024-03-13T15:56:21","date_gmt":"2024-03-13T13:56:21","guid":{"rendered":"https:\/\/www.kolibica.com\/?post_type=product&#038;p=86511"},"modified":"2024-04-23T19:22:03","modified_gmt":"2024-04-23T17:22:03","slug":"la-botte-di-rovere-da-228-litri-con-supporto-barrique-borgogna","status":"publish","type":"product","link":"https:\/\/www.kolibica.com\/it\/prodotto\/la-botte-di-rovere-da-228-litri-con-supporto-barrique-borgogna\/","title":{"rendered":"La Botte di Rovere da 228 Litri con Supporto (Barrique) Borgogna"},"content":{"rendered":"<h3>La botte da 228 litri &#8211; con supporto barrique \u00e8 prodotta in rovere caducifoglie. Le botti di legno possono avere cerchi zincati o neri.<\/h3>\n<h4>Il vino dovrebbe invecchiare in botti di rovere. Anche se la fermentazione in una botte di legno pu\u00f2 aggiungere un sapore specifico e complesso al vino, oggi \u00e8 comune che il vino invecchi in grandi serbatoi, e poi venga trasferito in botti di rovere per la maturazione.<br \/>\nIl rovere pu\u00f2 aggiungere al vino varie aromi e sapori come burro, vaniglia, aneto, cocco, chiodo di garofano, caramello o cannella. Il rovere serbo pu\u00f2 aggiungere un aroma molto pi\u00f9 forte rispetto al rovere francese (Quercus pedunculata e Q. sessiflora). Nella produzione di botti barrique, utilizziamo rovere caducifoglio e rovere mediterraneo. La botte barrique da 228 litri ha due doghe che sono larghe 50 mm (al centro della botte) e due doghe larghe 40 mm (alle estremit\u00e0 della botte).<\/h4>\n<p>Le dimensioni della botte barrique Borgogna sono: lunghezza &#8211; 88 cm, diametro massimo (al fianco) &#8211; 73 cm, diametro della testata &#8211; 59 cm.<\/p>\n<h4>Produciamo botti barrique in 3 livelli di tostatura &#8211; leggermente tostato, medio e fortemente tostato.<\/h4>\n<p>Queste botti hanno normalmente cerchi zincati, ma secondo le esigenze dei clienti, in linea con le loro necessit\u00e0, possiamo realizzarle anche con cerchi neri. Inoltre, possiamo marchiare le botti, se necessario.<\/p>\n<p>Nel mondo della viticoltura, la scelta delle giuste botti pu\u00f2 arricchire significativamente il carattere e la qualit\u00e0 del vino. La nostra botte barrique Borgogna da 228 litri rappresenta il culmine nella categoria delle botti per l&#8217;invecchiamento, offrendo non solo condizioni ottimali per lo sviluppo del vino, ma anche un piacere estetico che migliora qualsiasi spazio. Realizzata con il migliore rovere caducifoglio, questa botte \u00e8 progettata per soddisfare sia le esigenze estetiche che quelle pratiche delle cantine sofisticate.<\/p>\n<h4><a title=\"Contato\" href=\"https:\/\/www.kolibica.com\/it\/contatto\/\">Ordinate la vostra botte ora e diventate leader nella creazione di vini straordinari!<\/a><\/h4>\n<h4>Caratteristiche delle Botti Barrique Borgogna<\/h4>\n<p><strong>Le botti barrique Borgogna<\/strong> sono note per le loro dimensioni uniche e la forma che permette loro di migliorare i vini in modo speciale. Con un volume standard di 228 litri, queste botti hanno una larghezza di circa 72 centimetri e un&#8217;altezza di circa 88 centimetri. Questa costruzione pi\u00f9 ampia e bassa consente una maggiore superficie di contatto tra il vino e il rovere, portando a un&#8217;ossidazione pi\u00f9 rapida e allo sviluppo di una complessit\u00e0 aromatica.<\/p>\n<h4>Vantaggi del Design Borgogna<\/h4>\n<p>Grazie alla loro costruzione specifica, le botti barrique Borgogna permettono ai vini di sviluppare una texture pi\u00f9 sofisticata e un profilo aromatico pi\u00f9 complesso. I vinificatori apprezzano queste botti perch\u00e9 aggiungono sottili note di spezie, frutta e aromi floreali, senza un&#8217;eccessiva dominanza del legno, preservando cos\u00ec la freschezza naturale e il carattere del vino. Questa caratteristica rende le botti Borgogna la scelta ideale per vini delicati come il Pinot Noir, che richiedono un equilibrio attento tra aromi fruttati e tannini.<\/p>\n<h4>Confronto con le Botti Bordeaux (Bordeaux)<\/h4>\n<p>A differenza delle botti Borgogna, le botti Bordeaux sono pi\u00f9 alte e strette, con dimensioni che includono tipicamente un&#8217;altezza di circa 95 centimetri e un diametro di circa 60 centimetri. Queste dimensioni permettono una minore superficie di contatto e un&#8217;ossidazione pi\u00f9\u00a0lenta, ideale per la produzione di vini rossi robusti che richiedono un invecchiamento pi\u00f9 lungo e un rilascio graduale dei tannini. Le botti Bordeaux sono spesso la scelta per vini come il Cabernet Sauvignon e il Merlot, dove \u00e8 desiderabile ottenere una maggiore struttura e tannicit\u00e0.<\/p>\n<p>La nostra botte barrique Borgogna da 228 litri offre eccezionali opportunit\u00e0 per migliorare i vostri vini delicati, fornendo un ambiente in cui possono prosperare e sviluppare aromi complessi ricercati dai consumatori. Non perdete l&#8217;opportunit\u00e0 di equipaggiare le vostre cantine con botti che non solo miglioreranno la qualit\u00e0 dei vostri vini, ma anche aumenteranno il loro valore di mercato.<\/p>\n<p><a title=\"Contato\" href=\"https:\/\/www.kolibica.com\/it\/contatto\/\"><strong>Contattateci oggi<\/strong> <\/a>per scoprire di pi\u00f9 sulla nostra botte barrique Borgogna da 228 litri e come pu\u00f2 aiutare nella trasformazione delle vostre pratiche viticole. Investite nella qualit\u00e0, scegliete la nostra botte barrique Borgogna e stabilite nuovi standard nella produzione di vini.<\/p>\n<p>&nbsp;<\/p>\n","protected":false},"excerpt":{"rendered":"<p>La botte da 228 litri &#8211; con supporto barrique \u00e8  [&#8230;]<\/p>\n","protected":false},"featured_media":86516,"template":"","meta":{"content-type":""},"product_brand":[],"product_cat":[149],"product_tag":[],"class_list":{"0":"post-86511","1":"product","2":"type-product","3":"status-publish","4":"has-post-thumbnail","6":"product_cat-botti-di-legno","8":"first","9":"instock","10":"featured","11":"shipping-taxable","12":"purchasable","13":"product-type-simple"},"aioseo_notices":[],"_links":{"self":[{"href":"https:\/\/www.kolibica.com\/it\/wp-json\/wp\/v2\/product\/86511","targetHints":{"allow":["GET"]}}],"collection":[{"href":"https:\/\/www.kolibica.com\/it\/wp-json\/wp\/v2\/product"}],"about":[{"href":"https:\/\/www.kolibica.com\/it\/wp-json\/wp\/v2\/types\/product"}],"wp:featuredmedia":[{"embeddable":true,"href":"https:\/\/www.kolibica.com\/it\/wp-json\/wp\/v2\/media\/86516"}],"wp:attachment":[{"href":"https:\/\/www.kolibica.com\/it\/wp-json\/wp\/v2\/media?parent=86511"}],"wp:term":[{"taxonomy":"product_brand","embeddable":true,"href":"https:\/\/www.kolibica.com\/it\/wp-json\/wp\/v2\/product_brand?post=86511"},{"taxonomy":"product_cat","embeddable":true,"href":"https:\/\/www.kolibica.com\/it\/wp-json\/wp\/v2\/product_cat?post=86511"},{"taxonomy":"product_tag","embeddable":true,"href":"https:\/\/www.kolibica.com\/it\/wp-json\/wp\/v2\/product_tag?post=86511"}],"curies":[{"name":"wp","href":"https:\/\/api.w.org\/{rel}","templated":true}]}}