{"id":85410,"date":"2023-02-22T07:46:19","date_gmt":"2023-02-22T05:46:19","guid":{"rendered":"https:\/\/www.kolibica.com\/product\/drvene-stolice-tonet-bentwood-001\/"},"modified":"2025-03-20T12:03:22","modified_gmt":"2025-03-20T10:03:22","slug":"drvene-stolice-tonet-bentwood-001","status":"publish","type":"product","link":"https:\/\/www.kolibica.com\/it\/prodotto\/drvene-stolice-tonet-bentwood-001\/","title":{"rendered":"Drvene stolice Tonet &#8211; Bentwood 001"},"content":{"rendered":"<p><strong>Drvene stolice Tonet &#8211; Bentwood 001<\/strong><\/p>\n<p>Da li ste tra\u017eili vanvremenski i klasi\u010dan komad name\u0161taja koji c\u0301ete dodati svom domu ili restoranu?<\/p>\n<p>Na\u0161li ste je! Ovaj model je zasnovan na Tonet stilu patentiranom pre vi\u0161e od 150 godina i danas je veoma popularan izbor.<br \/>\nSkoro dva veka od po\u010detka proizvodnje, ovaj model stolica i dalje krasi bezbroj, kako starinskih autenti\u010dnih ambijenata, tako i najmodernije kafi\u0107e, restorane, poslasti\u010darnice\u2026<br \/>\nRu\u010dno izra\u0111ena tradicionalnom tehnologijom i napravljena od <a href=\"https:\/\/www.kolibica.com\/it\/proprieta-strutturali-e-usabilita-delle-specie-legnose-domestiche\/\">bukve<\/a>, ova stolica c\u0301e sigurno trajati mnogo godina. Osim toga, dolazi u raznim bojama kako bi se uklopio u svaki dizajn enterijera. Sa svojim klasi\u010dnim izgledom i modernim karakteristikama, ova stolica c\u0301e sigurno biti odli\u010dan dodatak va\u0161em prostoru.<\/p>\n<p><strong>KARAKTERISTIKE:<\/strong><\/p>\n<p>\ud83d\udca1 Vanvremenski dizajn: Ova stolica je zasnovana na Tonet stilu patentiranom pre vi\u0161e od 150 godina i jo\u0161 uvek je veoma popularan izbor danas.<br \/>\n\ud83d\udcaa Izdr\u017eljiv kvalitet: Ru\u010dno izra\u0111ena tradicionalnom tehnologijom i napravljena od bukve, ova stolica c\u0301e sigurno trajati mnogo godina.<br \/>\n\ud83c\udfa8 Raznolikost boja: Ova stolica je dostupna u raznim bojama kako bi se uklopila u svaki dizajn enterijera.<\/p>\n<p><strong>SPECIFIKACIJE:<\/strong><br \/>\n&#8211; Materijal: <a href=\"https:\/\/www.kolibica.com\/it\/proprieta-strutturali-e-usabilita-delle-specie-legnose-domestiche\/\">bukva<\/a><br \/>\n&#8211; Dimenzije: \u0160 x D x H (sedi\u0161te) \/ H (ukupno): 510 x 450 x 460 \/ 780 mm<br \/>\n&#8211; Te\u017eina: 4,5 kg<\/p>\n<p><strong>KAKO PORU\u010cITI:<\/strong><br \/>\n1. Izaberite model stolice Bentvood koji najbolje odgovara va\u0161em dizajnu enterijera.<br \/>\n2. Izaberite boju po svom izboru.<br \/>\n3. Po\u0161aljite svoju narud\u017ebu na na\u0161 e-mail: office@kolibica.com.<\/p>\n<p><strong>PITANJA:<\/strong><br \/>\nP: Da li je ova stolica udobna?<br \/>\nO: Da, ova stolica je dizajnirana da bude udobna i ergonomska.<\/p>\n<p>P: Koliko je ova stolica izdr\u017eljiva?<br \/>\nO: Ova stolica je ru\u010dno izra\u0111ena tradicionalnom tehnologijom i napravljena je od bukve, tako da c\u0301e sigurno trajati mnogo godina.<\/p>\n<p>P: Mogu li izabrati drugu boju?<br \/>\nO: Da, ova stolica je dostupna u raznim bojama kako bi se uklopila u bilo koji dizajn enterijera. Ton kartu mo\u017eete pogledati u galeriji slika ovog modela.<\/p>\n","protected":false},"excerpt":{"rendered":"<p>Drvene stolice Tonet &#8211; Bentwood 001 Da li ste tra\u017eili  [&#8230;]<\/p>\n","protected":false},"featured_media":85371,"template":"","meta":{"content-type":""},"product_brand":[],"product_cat":[156,158],"product_tag":[],"class_list":{"0":"post-85410","1":"product","2":"type-product","3":"status-publish","4":"has-post-thumbnail","6":"product_cat-mobilia","7":"product_cat-sedie-in-legno","9":"first","10":"instock","11":"shipping-taxable","12":"purchasable","13":"product-type-simple"},"aioseo_notices":[],"_links":{"self":[{"href":"https:\/\/www.kolibica.com\/it\/wp-json\/wp\/v2\/product\/85410","targetHints":{"allow":["GET"]}}],"collection":[{"href":"https:\/\/www.kolibica.com\/it\/wp-json\/wp\/v2\/product"}],"about":[{"href":"https:\/\/www.kolibica.com\/it\/wp-json\/wp\/v2\/types\/product"}],"wp:featuredmedia":[{"embeddable":true,"href":"https:\/\/www.kolibica.com\/it\/wp-json\/wp\/v2\/media\/85371"}],"wp:attachment":[{"href":"https:\/\/www.kolibica.com\/it\/wp-json\/wp\/v2\/media?parent=85410"}],"wp:term":[{"taxonomy":"product_brand","embeddable":true,"href":"https:\/\/www.kolibica.com\/it\/wp-json\/wp\/v2\/product_brand?post=85410"},{"taxonomy":"product_cat","embeddable":true,"href":"https:\/\/www.kolibica.com\/it\/wp-json\/wp\/v2\/product_cat?post=85410"},{"taxonomy":"product_tag","embeddable":true,"href":"https:\/\/www.kolibica.com\/it\/wp-json\/wp\/v2\/product_tag?post=85410"}],"curies":[{"name":"wp","href":"https:\/\/api.w.org\/{rel}","templated":true}]}}