{"id":83828,"date":"2019-02-11T20:54:33","date_gmt":"2019-02-11T18:54:33","guid":{"rendered":"https:\/\/www.kolibica.com\/product\/fusto-in-legno-da-30-litri-con-supporto\/"},"modified":"2023-01-27T15:09:27","modified_gmt":"2023-01-27T13:09:27","slug":"barile-di-legno-da-30-itri-con-supporto","status":"publish","type":"product","link":"https:\/\/www.kolibica.com\/it\/prodotto\/barile-di-legno-da-30-itri-con-supporto\/","title":{"rendered":"Barile di legno da 30 litri con supporto"},"content":{"rendered":"<p><strong>Barile di legno da 30 litri con supporto e rubinetto \u00e8 destinata all&#8217;invecchiamento di vino e liquori.<\/strong><\/p>\n<p>Le botti di legno possono essere con anelli zincati o neri.<\/p>\n<p><strong>Per ridurre l&#8217;effetto dei tannini delle botti di legno, dovresti fare quanto segue:<\/strong><\/p>\n<p>1. Riempi la canna con acqua calda, lascia raffreddare l&#8217;acqua, quindi svuota la canna.<br \/>\n2. Riempi di nuovo la canna, questa volta con acqua fredda, lascia che la temperatura dell&#8217;acqua salga a temperatura ambiente e svuota di nuovo la canna.<br \/>\n3. Noterai che durante i primi risciacqui dalla canna esce acqua nera o marrone. Ecco perch\u00e9 devi riempire la botte ancora un paio di volte, fino a quando l&#8217;acqua limpida inizia a fuoriuscire da essa.<br \/>\nIn questo modo, il livello dei tannini della quercia sar\u00e0 ridotto e avr\u00e0 un effetto minore sulle bevande alcoliche che manterrai nella botte.<br \/>\nSe si desidera un livello di tannino ancora pi\u00f9 basso, ripetere pi\u00f9 volte il risciacquo con acqua fredda. \u00c8 importante notare che esiste la possibilit\u00e0 che una canna nuova di zecca perda all&#8217;inizio, anche per i primi giorni. Questo \u00e8 del tutto normale, perch\u00e9 durante il riempimento gli arcobaleni si espandono e aderiscono meglio l&#8217;uno all&#8217;altro e quindi sigillano la canna.<br \/>\nSe lasci la canna vuota, dopo alcune settimane gli arcobaleni inizieranno di nuovo a restringersi e in tal caso \u00e8 necessario riempire nuovamente la botte con acqua fredda per stenderli. Quando si riempie la canna con acqua, non utilizzare tappi.<\/p>\n","protected":false},"excerpt":{"rendered":"<p>Barile di legno da 30 litri con supporto e rubinetto  [&#8230;]<\/p>\n","protected":false},"featured_media":87735,"template":"","meta":{"content-type":""},"product_brand":[],"product_cat":[149],"product_tag":[],"class_list":{"0":"post-83828","1":"product","2":"type-product","3":"status-publish","4":"has-post-thumbnail","6":"product_cat-botti-di-legno","8":"first","9":"instock","10":"featured","11":"shipping-taxable","12":"purchasable","13":"product-type-simple"},"aioseo_notices":[],"_links":{"self":[{"href":"https:\/\/www.kolibica.com\/it\/wp-json\/wp\/v2\/product\/83828","targetHints":{"allow":["GET"]}}],"collection":[{"href":"https:\/\/www.kolibica.com\/it\/wp-json\/wp\/v2\/product"}],"about":[{"href":"https:\/\/www.kolibica.com\/it\/wp-json\/wp\/v2\/types\/product"}],"wp:featuredmedia":[{"embeddable":true,"href":"https:\/\/www.kolibica.com\/it\/wp-json\/wp\/v2\/media\/87735"}],"wp:attachment":[{"href":"https:\/\/www.kolibica.com\/it\/wp-json\/wp\/v2\/media?parent=83828"}],"wp:term":[{"taxonomy":"product_brand","embeddable":true,"href":"https:\/\/www.kolibica.com\/it\/wp-json\/wp\/v2\/product_brand?post=83828"},{"taxonomy":"product_cat","embeddable":true,"href":"https:\/\/www.kolibica.com\/it\/wp-json\/wp\/v2\/product_cat?post=83828"},{"taxonomy":"product_tag","embeddable":true,"href":"https:\/\/www.kolibica.com\/it\/wp-json\/wp\/v2\/product_tag?post=83828"}],"curies":[{"name":"wp","href":"https:\/\/api.w.org\/{rel}","templated":true}]}}