{"id":83663,"date":"2019-09-27T11:18:50","date_gmt":"2019-09-27T09:18:50","guid":{"rendered":"https:\/\/www.kolibica.com\/product\/ciotola-per-patatine-e-snack\/"},"modified":"2023-02-01T21:03:29","modified_gmt":"2023-02-01T19:03:29","slug":"ciotole-per-patatine-usa-e-getta","status":"publish","type":"product","link":"https:\/\/www.kolibica.com\/it\/prodotto\/ciotole-per-patatine-usa-e-getta\/","title":{"rendered":"Ciotole per patatine usa e getta"},"content":{"rendered":"<p><strong>Ciotole per patatine usa e getta<\/strong> \u00e8 un prodotto molto accattivante che viene solitamente utilizzato per servire patatine e tortillas con salse e salse diverse. \u00c8 costituito da due tipi di legno (pi\u00f9 scuro e pi\u00f9 chiaro), come ad es. una combinazione di faggio cotto a vapore e frassino o tiglio. La superficie della ciotola \u00e8 lucidata con olio di lino.<\/p>\n<p><strong>Prezzi patatine e snack bowl:<\/strong><\/p>\n<p>fino a 50 pezzi: 12,50 Eur<br \/>\n50-100 pezzi: 10,50 Euro<br \/>\noltre 100 pezzi: 9 Eur<\/p>\n","protected":false},"excerpt":{"rendered":"<p>Ciotole per patatine usa e getta \u00e8 un prodotto molto  [&#8230;]<\/p>\n","protected":false},"featured_media":76716,"template":"","meta":{"content-type":""},"product_brand":[],"product_cat":[151,150,154],"product_tag":[],"class_list":{"0":"post-83663","1":"product","2":"type-product","3":"status-publish","4":"has-post-thumbnail","6":"product_cat-accessori-da-cucina-in-legno","7":"product_cat-merceria-in-legno","8":"product_cat-souvenir","10":"first","11":"instock","12":"shipping-taxable","13":"purchasable","14":"product-type-simple"},"aioseo_notices":[],"_links":{"self":[{"href":"https:\/\/www.kolibica.com\/it\/wp-json\/wp\/v2\/product\/83663","targetHints":{"allow":["GET"]}}],"collection":[{"href":"https:\/\/www.kolibica.com\/it\/wp-json\/wp\/v2\/product"}],"about":[{"href":"https:\/\/www.kolibica.com\/it\/wp-json\/wp\/v2\/types\/product"}],"wp:featuredmedia":[{"embeddable":true,"href":"https:\/\/www.kolibica.com\/it\/wp-json\/wp\/v2\/media\/76716"}],"wp:attachment":[{"href":"https:\/\/www.kolibica.com\/it\/wp-json\/wp\/v2\/media?parent=83663"}],"wp:term":[{"taxonomy":"product_brand","embeddable":true,"href":"https:\/\/www.kolibica.com\/it\/wp-json\/wp\/v2\/product_brand?post=83663"},{"taxonomy":"product_cat","embeddable":true,"href":"https:\/\/www.kolibica.com\/it\/wp-json\/wp\/v2\/product_cat?post=83663"},{"taxonomy":"product_tag","embeddable":true,"href":"https:\/\/www.kolibica.com\/it\/wp-json\/wp\/v2\/product_tag?post=83663"}],"curies":[{"name":"wp","href":"https:\/\/api.w.org\/{rel}","templated":true}]}}