{"id":83560,"date":"2019-07-29T20:40:21","date_gmt":"2019-07-29T18:40:21","guid":{"rendered":"https:\/\/www.kolibica.com\/product\/parassiti-scaffali\/"},"modified":"2023-02-01T11:30:53","modified_gmt":"2023-02-01T09:30:53","slug":"espositore-per-bottiglie","status":"publish","type":"product","link":"https:\/\/www.kolibica.com\/it\/prodotto\/espositore-per-bottiglie\/","title":{"rendered":"Espositore per bottiglie"},"content":{"rendered":"<p><strong>Espositore per bottiglie<\/strong>\u00a0sono scaffali di piccole dimensioni che vengono utilizzati principalmente per aumentare la disponibilit\u00e0 dei prodotti occupando il minor spazio possibile. Nella produzione di questi scaffali, possiamo utilizzare diversi materiali, in modo che il cliente ottenga il prodotto pi\u00f9 attraente che attiri i clienti e metta in risalto il prodotto a cui \u00e8 destinato lo scaffale. Le dimensioni e la forma del ripiano sono variabili, cos\u00ec come le eventuali finiture aggiuntive che possono essere eseguite. Gli scaffali possono essere fissati a luoghi esistenti o essere indipendenti.<\/p>\n<p><strong>Espositore per bottiglie<\/strong>\u00a0sono solitamente posizionati vicino al registratore di cassa, alla gondola, ai grandi scaffali e alle gondole, nonch\u00e9 ai frigoriferi.<\/p>\n","protected":false},"excerpt":{"rendered":"<p>Espositore per bottiglie\u00a0sono scaffali di piccole dimensioni che vengono utilizzati  [&#8230;]<\/p>\n","protected":false},"featured_media":76469,"template":"","meta":{"content-type":""},"product_brand":[],"product_cat":[151,153,144,154],"product_tag":[],"class_list":{"0":"post-83560","1":"product","2":"type-product","3":"status-publish","4":"has-post-thumbnail","6":"product_cat-accessori-da-cucina-in-legno","7":"product_cat-accessori-per-la-pubblicita-aziendale","8":"product_cat-imballaggio-in-legno","9":"product_cat-souvenir","11":"first","12":"instock","13":"shipping-taxable","14":"purchasable","15":"product-type-simple"},"aioseo_notices":[],"_links":{"self":[{"href":"https:\/\/www.kolibica.com\/it\/wp-json\/wp\/v2\/product\/83560","targetHints":{"allow":["GET"]}}],"collection":[{"href":"https:\/\/www.kolibica.com\/it\/wp-json\/wp\/v2\/product"}],"about":[{"href":"https:\/\/www.kolibica.com\/it\/wp-json\/wp\/v2\/types\/product"}],"wp:featuredmedia":[{"embeddable":true,"href":"https:\/\/www.kolibica.com\/it\/wp-json\/wp\/v2\/media\/76469"}],"wp:attachment":[{"href":"https:\/\/www.kolibica.com\/it\/wp-json\/wp\/v2\/media?parent=83560"}],"wp:term":[{"taxonomy":"product_brand","embeddable":true,"href":"https:\/\/www.kolibica.com\/it\/wp-json\/wp\/v2\/product_brand?post=83560"},{"taxonomy":"product_cat","embeddable":true,"href":"https:\/\/www.kolibica.com\/it\/wp-json\/wp\/v2\/product_cat?post=83560"},{"taxonomy":"product_tag","embeddable":true,"href":"https:\/\/www.kolibica.com\/it\/wp-json\/wp\/v2\/product_tag?post=83560"}],"curies":[{"name":"wp","href":"https:\/\/api.w.org\/{rel}","templated":true}]}}