{"id":83503,"date":"2019-09-19T14:59:42","date_gmt":"2019-09-19T12:59:42","guid":{"rendered":"https:\/\/www.kolibica.com\/product\/posacenere-in-legno\/"},"modified":"2023-02-01T16:19:40","modified_gmt":"2023-02-01T14:19:40","slug":"posacenere-in-legno","status":"publish","type":"product","link":"https:\/\/www.kolibica.com\/it\/prodotto\/posacenere-in-legno\/","title":{"rendered":"Posacenere in legno"},"content":{"rendered":"<p><strong>Posacenere in legno<\/strong> &#8211; Questo posacenere \u00e8 costituito da un posacenere di vetro posto in una scatola di legno con coperchio. La cover \u00e8 realizzata in ecopelle ed \u00e8 predisposta per l&#8217;incisione laser.<\/p>\n<p><strong>Prezzi dei posacenere in legno:<\/strong><br \/>\nfino a 50 pezzi: 10,50 Euro<br \/>\n50-100 pezzi: 10 euro<br \/>\n100-200 pezzi: 9,50 Euro<br \/>\noltre 200 pezzi: 8,70 Euro<\/p>\n<p>&nbsp;<\/p>\n<p><strong>Appunti:<\/strong><\/p>\n<p>L&#8217;incisione non \u00e8 inclusa nel prezzo.<br \/>\nSu richiesta del cliente applichiamo un logo o altro testo sui prodotti mediante stampa laser<\/p>\n","protected":false},"excerpt":{"rendered":"<p>Posacenere in legno &#8211; Questo posacenere \u00e8 costituito da un  [&#8230;]<\/p>\n","protected":false},"featured_media":76577,"template":"","meta":{"content-type":""},"product_brand":[],"product_cat":[153,155,152],"product_tag":[],"class_list":{"0":"post-83503","1":"product","2":"type-product","3":"status-publish","4":"has-post-thumbnail","6":"product_cat-accessori-per-la-pubblicita-aziendale","7":"product_cat-edonismo","8":"product_cat-merceria-di-lusso","10":"first","11":"instock","12":"shipping-taxable","13":"purchasable","14":"product-type-simple"},"aioseo_notices":[],"_links":{"self":[{"href":"https:\/\/www.kolibica.com\/it\/wp-json\/wp\/v2\/product\/83503","targetHints":{"allow":["GET"]}}],"collection":[{"href":"https:\/\/www.kolibica.com\/it\/wp-json\/wp\/v2\/product"}],"about":[{"href":"https:\/\/www.kolibica.com\/it\/wp-json\/wp\/v2\/types\/product"}],"wp:featuredmedia":[{"embeddable":true,"href":"https:\/\/www.kolibica.com\/it\/wp-json\/wp\/v2\/media\/76577"}],"wp:attachment":[{"href":"https:\/\/www.kolibica.com\/it\/wp-json\/wp\/v2\/media?parent=83503"}],"wp:term":[{"taxonomy":"product_brand","embeddable":true,"href":"https:\/\/www.kolibica.com\/it\/wp-json\/wp\/v2\/product_brand?post=83503"},{"taxonomy":"product_cat","embeddable":true,"href":"https:\/\/www.kolibica.com\/it\/wp-json\/wp\/v2\/product_cat?post=83503"},{"taxonomy":"product_tag","embeddable":true,"href":"https:\/\/www.kolibica.com\/it\/wp-json\/wp\/v2\/product_tag?post=83503"}],"curies":[{"name":"wp","href":"https:\/\/api.w.org\/{rel}","templated":true}]}}