{"id":83499,"date":"2019-09-23T16:17:13","date_gmt":"2019-09-23T14:17:13","guid":{"rendered":"https:\/\/www.kolibica.com\/product\/porta-biglietti-da-visita\/"},"modified":"2023-02-01T16:36:35","modified_gmt":"2023-02-01T14:36:35","slug":"porta-biglietti-da-visita-in-legno","status":"publish","type":"product","link":"https:\/\/www.kolibica.com\/it\/prodotto\/porta-biglietti-da-visita-in-legno\/","title":{"rendered":"Porta biglietti da visita in legno"},"content":{"rendered":"<p><strong>Porta biglietti da visita in legno &#8211; <\/strong>Al giorno d&#8217;oggi, c&#8217;\u00e8 un&#8217;incredibile selezione di biglietti da visita disponibili in diversi design, materiali, qualit\u00e0 della carta, plastificazione&#8230; Sono per lo pi\u00f9 caratterizzati dalla stessa dimensione, cio\u00e8 dimensioni standard di circa 90&#215;50 millimetri.<br \/>\nLe prime impressioni significano molto, quindi \u00e8 molto meglio prendere il promemoria da una custodia per biglietti da visita che dalla tasca o dal portafoglio. Questo dice molto su di te.<\/p>\n<p><strong>Una scatola di legno per biglietti da visita<\/strong> \u00e8 il regalo aziendale perfetto, con inciso il logo della tua azienda o le tue iniziali. Le scatole sono abbastanza sottili da stare in tasca e contenere 10-15 biglietti da visita, il che \u00e8 abbastanza per l&#8217;uso quotidiano. Inoltre, la tua scatola pu\u00f2 anche fungere da porta biglietti da visita sulla tua scrivania. \u00c8 realizzato in due tipi di legno (faggio cotto a vapore e frassino), quindi i colori degli elementi si abbinano perfettamente.<\/p>\n<div>\n<p><strong>Dimensioni della scatola per biglietti da visita<\/strong>: 108&#215;67 mm.<\/p>\n<\/div>\n<div>\n<p>La quantit\u00e0 minima ordinabile \u00e8 di 500 pezzi.<\/p>\n<div><strong>Prezzo di una scatola per biglietti da visita:<\/strong><\/div>\n<\/div>\n<div>\n<div>500 pezzi. \u2013 1,85 Euro<\/div>\n<div><\/div>\n<p><em>Il prezzo dell&#8217;incisione laser<\/em> \u00e8 di 0,8 &#8211; 0,9 Euro per scatola, a seconda delle dimensioni dell&#8217;incisione.<\/p>\n<\/div>\n","protected":false},"excerpt":{"rendered":"<p>Porta biglietti da visita in legno &#8211; Al giorno d&#8217;oggi,  [&#8230;]<\/p>\n","protected":false},"featured_media":76637,"template":"","meta":{"content-type":""},"product_brand":[],"product_cat":[153,152,150,154],"product_tag":[],"class_list":{"0":"post-83499","1":"product","2":"type-product","3":"status-publish","4":"has-post-thumbnail","6":"product_cat-accessori-per-la-pubblicita-aziendale","7":"product_cat-merceria-di-lusso","8":"product_cat-merceria-in-legno","9":"product_cat-souvenir","11":"first","12":"instock","13":"shipping-taxable","14":"purchasable","15":"product-type-simple"},"aioseo_notices":[],"_links":{"self":[{"href":"https:\/\/www.kolibica.com\/it\/wp-json\/wp\/v2\/product\/83499","targetHints":{"allow":["GET"]}}],"collection":[{"href":"https:\/\/www.kolibica.com\/it\/wp-json\/wp\/v2\/product"}],"about":[{"href":"https:\/\/www.kolibica.com\/it\/wp-json\/wp\/v2\/types\/product"}],"wp:featuredmedia":[{"embeddable":true,"href":"https:\/\/www.kolibica.com\/it\/wp-json\/wp\/v2\/media\/76637"}],"wp:attachment":[{"href":"https:\/\/www.kolibica.com\/it\/wp-json\/wp\/v2\/media?parent=83499"}],"wp:term":[{"taxonomy":"product_brand","embeddable":true,"href":"https:\/\/www.kolibica.com\/it\/wp-json\/wp\/v2\/product_brand?post=83499"},{"taxonomy":"product_cat","embeddable":true,"href":"https:\/\/www.kolibica.com\/it\/wp-json\/wp\/v2\/product_cat?post=83499"},{"taxonomy":"product_tag","embeddable":true,"href":"https:\/\/www.kolibica.com\/it\/wp-json\/wp\/v2\/product_tag?post=83499"}],"curies":[{"name":"wp","href":"https:\/\/api.w.org\/{rel}","templated":true}]}}