{"id":83480,"date":"2019-05-14T18:17:05","date_gmt":"2019-05-14T16:17:05","guid":{"rendered":"https:\/\/www.kolibica.com\/product\/tavola-per-whisky-e-sigaro\/"},"modified":"2023-01-31T13:15:05","modified_gmt":"2023-01-31T11:15:05","slug":"tavola-per-whisky-e-sigaro","status":"publish","type":"product","link":"https:\/\/www.kolibica.com\/it\/prodotto\/tavola-per-whisky-e-sigaro\/","title":{"rendered":"Tavola per whisky e sigaro"},"content":{"rendered":"<p><strong>Tavola per whisky e sigaro<\/strong> &#8211; Un sigaro forte di prima classe e un whisky single malt sono sinonimo di godere dell&#8217;aroma pi\u00f9 puro e come tali rappresentano logicamente una combinazione ideale. Naturalmente, non dobbiamo dimenticare che questa \u00e8 un&#8217;arma a doppio taglio, il godimento eccessivo di sigari e bevande pu\u00f2 mettere in serio pericolo la salute umana. Dopotutto, la bellezza di rilassarsi con il fumo aromatico risiede nell&#8217;unicit\u00e0 dell&#8217;esperienza. Se viene ripetuto troppo spesso e in modo incontrollabile, diventa solo una brutta abitudine. Ecco perch\u00e9 fin dall&#8217;inizio la formazione dell&#8217;atteggiamento degli intenditori \u00e8 moderazione. \u00c8 l&#8217;unico modo per entrare nel piano a lungo termine di scoprire nuovi gusti e sensazioni che tutto questo porta&#8230;<\/p>\n<p>Le tavole per whisky e tompus sono realizzate in rovere, con dettagli in metallo che conferiscono loro un aspetto rustico.<\/p>\n<p>Prezzi della pensione:<\/p>\n<p>Fino a 10 pz. &#8211; 20 Eur<br \/>\n10-50 pezzi &#8211; 15 Eur<br \/>\noltre 50 pz. &#8211; 10 Eur<br \/>\noltre 100 pz. &#8211; 8 Eur.<\/p>\n<p><strong>Appunti:<\/strong><\/p>\n<p>L&#8217;incisione non \u00e8 inclusa nel prezzo.<br \/>\nSu richiesta del cliente applichiamo un logo o altro testo sui prodotti mediante stampa laser e CNC (macchina per intaglio del legno).<br \/>\nLe dimensioni del prodotto non sono fisse<\/p>\n","protected":false},"excerpt":{"rendered":"<p>Tavola per whisky e sigaro &#8211; Un sigaro forte di  [&#8230;]<\/p>\n","protected":false},"featured_media":76381,"template":"","meta":{"content-type":""},"product_brand":[],"product_cat":[153,155,152],"product_tag":[],"class_list":{"0":"post-83480","1":"product","2":"type-product","3":"status-publish","4":"has-post-thumbnail","6":"product_cat-accessori-per-la-pubblicita-aziendale","7":"product_cat-edonismo","8":"product_cat-merceria-di-lusso","10":"first","11":"instock","12":"shipping-taxable","13":"purchasable","14":"product-type-simple"},"aioseo_notices":[],"_links":{"self":[{"href":"https:\/\/www.kolibica.com\/it\/wp-json\/wp\/v2\/product\/83480","targetHints":{"allow":["GET"]}}],"collection":[{"href":"https:\/\/www.kolibica.com\/it\/wp-json\/wp\/v2\/product"}],"about":[{"href":"https:\/\/www.kolibica.com\/it\/wp-json\/wp\/v2\/types\/product"}],"wp:featuredmedia":[{"embeddable":true,"href":"https:\/\/www.kolibica.com\/it\/wp-json\/wp\/v2\/media\/76381"}],"wp:attachment":[{"href":"https:\/\/www.kolibica.com\/it\/wp-json\/wp\/v2\/media?parent=83480"}],"wp:term":[{"taxonomy":"product_brand","embeddable":true,"href":"https:\/\/www.kolibica.com\/it\/wp-json\/wp\/v2\/product_brand?post=83480"},{"taxonomy":"product_cat","embeddable":true,"href":"https:\/\/www.kolibica.com\/it\/wp-json\/wp\/v2\/product_cat?post=83480"},{"taxonomy":"product_tag","embeddable":true,"href":"https:\/\/www.kolibica.com\/it\/wp-json\/wp\/v2\/product_tag?post=83480"}],"curies":[{"name":"wp","href":"https:\/\/api.w.org\/{rel}","templated":true}]}}