{"id":83477,"date":"2019-06-16T16:31:04","date_gmt":"2019-06-16T14:31:04","guid":{"rendered":"https:\/\/www.kolibica.com\/product\/cassetta-per-frutta-a-fila-singola-50x30x7-cm\/"},"modified":"2023-01-31T14:49:53","modified_gmt":"2023-01-31T12:49:53","slug":"cassetta-per-frutta-una-fila-50x30x7-cm","status":"publish","type":"product","link":"https:\/\/www.kolibica.com\/it\/prodotto\/cassetta-per-frutta-una-fila-50x30x7-cm\/","title":{"rendered":"Cassetta per frutta a fila singola 50x30x7 cm"},"content":{"rendered":"<p><strong>Cassetta per frutta a fila singola 50x30x7 cm <span class=\"HwtZe\" lang=\"it\"><span class=\"jCAhz ChMk0b\"><span class=\"ryNqvb\">\u00e8 un prodotto monouso<\/span><\/span><\/span>.<\/strong><\/p>\n<p>Casse di legno per frutta e verdura <strong>&#8211; Dutch sono prodotte in diverse<\/strong> dimensioni. Questo imballaggio in legno \u00e8 indispensabile per confezionare la frutta &#8211; dalle fragole alle mele e pere, cos\u00ec come le verdure (pomodori, peperoni, persino lattuga&#8230;)<\/p>\n<p><strong>Le casse di legno<\/strong> sono realizzate in legno di pioppo di alta qualit\u00e0, che \u00e8 molto elastico e resistente, quindi le casse possono sopportare carichi maggiori.<\/p>\n<p><strong>Le cassette per la frutta<\/strong> sono un prodotto ecologico per il confezionamento di frutta e verdura.<\/p>\n<p>A seconda della richiesta del cliente, le casse possono essere realizzate con altri tipi di legno, e c&#8217;\u00e8 la possibilit\u00e0 di stampare il nome dell&#8217;azienda sulle casse di legno.<\/p>\n<p>&nbsp;<\/p>\n<p><strong>Cassette a una fila (50&#215;30 cm) &#8211; altezza palo 7 cm, larghezza lato 45-50 mm.<br \/>\nQueste casse sono pi\u00f9 spesso utilizzate per imballare albicocche e nettarine. La quantit\u00e0 minima per la consegna \u00e8 di 5000 pezzi.<br \/>\n<\/strong><\/p>\n<p>&nbsp;<\/p>\n<p>.<\/p>\n<p>&nbsp;<\/p>\n","protected":false},"excerpt":{"rendered":"<p>Cassetta per frutta a fila singola 50x30x7 cm \u00e8 un  [&#8230;]<\/p>\n","protected":false},"featured_media":76441,"template":"","meta":{"content-type":""},"product_brand":[],"product_cat":[145,146,144],"product_tag":[],"class_list":{"0":"post-83477","1":"product","2":"type-product","3":"status-publish","4":"has-post-thumbnail","6":"product_cat-casse-di-legno","7":"product_cat-cassette-per-frutta-e-verdura","8":"product_cat-imballaggio-in-legno","10":"first","11":"instock","12":"shipping-taxable","13":"purchasable","14":"product-type-simple"},"aioseo_notices":[],"_links":{"self":[{"href":"https:\/\/www.kolibica.com\/it\/wp-json\/wp\/v2\/product\/83477","targetHints":{"allow":["GET"]}}],"collection":[{"href":"https:\/\/www.kolibica.com\/it\/wp-json\/wp\/v2\/product"}],"about":[{"href":"https:\/\/www.kolibica.com\/it\/wp-json\/wp\/v2\/types\/product"}],"wp:featuredmedia":[{"embeddable":true,"href":"https:\/\/www.kolibica.com\/it\/wp-json\/wp\/v2\/media\/76441"}],"wp:attachment":[{"href":"https:\/\/www.kolibica.com\/it\/wp-json\/wp\/v2\/media?parent=83477"}],"wp:term":[{"taxonomy":"product_brand","embeddable":true,"href":"https:\/\/www.kolibica.com\/it\/wp-json\/wp\/v2\/product_brand?post=83477"},{"taxonomy":"product_cat","embeddable":true,"href":"https:\/\/www.kolibica.com\/it\/wp-json\/wp\/v2\/product_cat?post=83477"},{"taxonomy":"product_tag","embeddable":true,"href":"https:\/\/www.kolibica.com\/it\/wp-json\/wp\/v2\/product_tag?post=83477"}],"curies":[{"name":"wp","href":"https:\/\/api.w.org\/{rel}","templated":true}]}}