{"id":83473,"date":"2020-03-25T13:03:47","date_gmt":"2020-03-25T11:03:47","guid":{"rendered":"https:\/\/www.kolibica.com\/product\/club-dei-cento-roma\/"},"modified":"2023-02-05T13:14:48","modified_gmt":"2023-02-05T11:14:48","slug":"club-dei-cento-roma","status":"publish","type":"product","link":"https:\/\/www.kolibica.com\/it\/prodotto\/club-dei-cento-roma\/","title":{"rendered":"Club dei Cento Roma"},"content":{"rendered":"<p><strong>Club dei Cento Roma X <\/strong>se \u00e8 composto da tavole in legno e struttura in metallo. I tavoli sono dotati di piedini che consentono di regolare l&#8217;altezza del tavolo. La base \u00e8 realizzata in tubi di metallo 6&#215;2 cm ed \u00e8 molto stabile. La tavola pu\u00f2 essere realizzata in <a href=\"https:\/\/www.kolibica.com\/it\/proprieta-strutturali-e-usabilita-delle-specie-legnose-domestiche\/\">faggio<\/a>, <a href=\"https:\/\/www.kolibica.com\/it\/proprieta-strutturali-e-usabilita-delle-specie-legnose-domestiche\/\">frassino<\/a> o <a href=\"https:\/\/www.kolibica.com\/it\/proprieta-strutturali-e-usabilita-delle-specie-legnose-domestiche\/\">rovere<\/a>.<\/p>\n<p>Il prezzo dei tavoli dipende dalle dimensioni della tavola.<\/p>\n<p>120&#215;60 cm &#8211; 200 Eur<br \/>\n120&#215;70 cm &#8211; 220 Eur<br \/>\n140&#215;60 cm &#8211; 250 Eur<br \/>\n150&#215;70 cm &#8211; 280 Eur<\/p>\n<p>&nbsp;<\/p>\n","protected":false},"excerpt":{"rendered":"<p>Club dei Cento Roma X se \u00e8 composto da tavole  [&#8230;]<\/p>\n","protected":false},"featured_media":76988,"template":"","meta":{"content-type":""},"product_brand":[],"product_cat":[156,159],"product_tag":[],"class_list":{"0":"post-83473","1":"product","2":"type-product","3":"status-publish","4":"has-post-thumbnail","6":"product_cat-mobilia","7":"product_cat-tabelle","9":"first","10":"instock","11":"shipping-taxable","12":"purchasable","13":"product-type-simple"},"aioseo_notices":[],"_links":{"self":[{"href":"https:\/\/www.kolibica.com\/it\/wp-json\/wp\/v2\/product\/83473","targetHints":{"allow":["GET"]}}],"collection":[{"href":"https:\/\/www.kolibica.com\/it\/wp-json\/wp\/v2\/product"}],"about":[{"href":"https:\/\/www.kolibica.com\/it\/wp-json\/wp\/v2\/types\/product"}],"wp:featuredmedia":[{"embeddable":true,"href":"https:\/\/www.kolibica.com\/it\/wp-json\/wp\/v2\/media\/76988"}],"wp:attachment":[{"href":"https:\/\/www.kolibica.com\/it\/wp-json\/wp\/v2\/media?parent=83473"}],"wp:term":[{"taxonomy":"product_brand","embeddable":true,"href":"https:\/\/www.kolibica.com\/it\/wp-json\/wp\/v2\/product_brand?post=83473"},{"taxonomy":"product_cat","embeddable":true,"href":"https:\/\/www.kolibica.com\/it\/wp-json\/wp\/v2\/product_cat?post=83473"},{"taxonomy":"product_tag","embeddable":true,"href":"https:\/\/www.kolibica.com\/it\/wp-json\/wp\/v2\/product_tag?post=83473"}],"curies":[{"name":"wp","href":"https:\/\/api.w.org\/{rel}","templated":true}]}}